{"id":13856,"date":"2020-02-24T11:43:56","date_gmt":"2020-02-24T10:43:56","guid":{"rendered":"https:\/\/www.dienes.de\/10-gute-gruende\/"},"modified":"2021-04-28T09:20:50","modified_gmt":"2021-04-28T07:20:50","slug":"10-good-reasons","status":"publish","type":"page","link":"https:\/\/www.dienes.de\/en\/10-good-reasons\/","title":{"rendered":"10 good reasons"},"content":{"rendered":"\n<h2 class=\"wp-block-heading\">1. GREAT INNOVATIVE STRENGTH<\/h2>\n\n\n\n<p>As a professional partner, we are constantly setting new standards in the precise realization of required product properties for our customers&#8217; work. To ensure that they meet the requirements of their markets, our products uncompromisingly ensure the best possible results.<\/p>\n\n\n\n<h2 class=\"wp-block-heading\">2. PRECISION FROM A SINGLE SOURCE<\/h2>\n\n\n\n<p>As a manufacturer and complete supplier &#8211; knives, knife holders and slitting systems &#8211; we offer our customers the highest quality from a single source. This is demonstrated not only by the precision achieved when working with our solutions, but also by the harmoniously functioning systems. Because only in this way can we ensure our customers an optimal production process.<\/p>\n\n\n\n<h2 class=\"wp-block-heading\">3. SPECIAL EXPERTISE<\/h2>\n\n\n\n<p>For over 100 years, the focus of our work has been to adapt cutting products and developments precisely to the requirements of our customers. Thanks to our comprehensive cross-industry experience and the know-how we have gained today, we can not only look back on many innovations and patents that have shaped the market, but we can also offer optimal customer solutions for tomorrow. Thus, we provide our customers with investment security.<\/p>\n\n\n\n<h2 class=\"wp-block-heading\">4. OUTSTANDING PRODUCT QUALITY<\/h2>\n\n\n\n<p>Our customers are among the best in their fields. In order to achieve their demanding goals, they need products for their work that stand the test of time in terms of technical, functional and economic reliability. We are their partner who guarantees them precisely this holistic, exceptional quality and enables them to achieve production reliability in addition to an excellent price-performance ratio. And, of course, certified according to DIN EN ISO 9001:2015.&nbsp;<\/p>\n\n\n\n<h2 class=\"wp-block-heading\">5. RELIABLE ECONOMIC EFFICIENCY<\/h2>\n\n\n\n<p>We know that the economic efficiency of modern production processes is very closely linked to the reliability of the components. In this context, the particular strength of our products becomes apparent. Starting with the longer service life of our knives, through the smooth interaction of all components, to the fast adjustment and set-up of the systems. In addition, our customers benefit from the fast availability of our service team and our stock of spare parts.<\/p>\n\n\n\n<h2 class=\"wp-block-heading\">6. CUSTOM-FIT STANDARD AND INDIVIDUAL SOLUTIONS<\/h2>\n\n\n\n<p>From standardized series products to individual user-specific solutions, we meet every technical requirement. Thus, our customers always find the right solution in our broad product portfolio from the areas of knives, knife holders and slitting systems. Alternatively, together with our in-house, experienced specialists, we develop a product that optimally meets your requirements. In both cases, the focus lies on precision, operability, safety, low dust, long service life and low maintenance.<\/p>\n\n\n\n<h2 class=\"wp-block-heading\">7. IN-DEPTH INDUSTRY KNOW-HOW<\/h2>\n\n\n\n<p>For the processing of paper, aluminum, steel, non-ferrous metals, film and foils, labels and adhesive tape, nonwoven, tissue and textile, rubber and plastics, as well as for use in the printing industry, we develop products that meet the highest standards at all levels. Thanks to our many years of experience, we know what our customers are talking about and can therefore provide competent advice. Moreover, we bring added value to our customers through holistic as well as overarching approaches.<\/p>\n\n\n\n<h2 class=\"wp-block-heading\">8. INTERNATIONAL CUSTOMER PROXIMITY<\/h2>\n\n\n\n<p>The DIENES Group is represented by around 500 employees in several international locations. This allows us to bring our know-how close to our customers and the corresponding markets at all times. For them, this means not only fast response times, but also personal and competent on-site service.<\/p>\n\n\n\n<h2 class=\"wp-block-heading\">9. FLEXIBLE SERVICES<\/h2>\n\n\n\n<p>From reliable support to on-site maintenance, assembly and process optimization to practice-oriented seminars and training and a 48-hour regrinding service, we offer our customers a flexible service program. With our cutting laboratory, we also enable a wide variety of cutting tests to bring our customers&#8217; work to the best possible result. The modernization and automation of existing systems round off our comprehensive range of services.<\/p>\n\n\n\n<h2 class=\"wp-block-heading\">10. ABSOLUTE CUSTOMER SATISFACTION<\/h2>\n\n\n\n<p><p>Every day, we work at all locations to ensure that you can always rely on the high-performance DIENES quality today and in the future. With lived customer proximity and orientation, which have always been of great importance to us out of conviction. We aim at having satisfied customers and being a reliable partner at all levels. Learn more about our quality promise.<\/p><\/p>\n\n\n\n<h2 class=\"wp-block-heading\">See for yourself&#8230;<\/h2>\n\n\n\n\n\n\n<div class=\"teaser-media  teaser-media--block   js-rellax-wrapper \"\n     data-parallax-selector=\".js-parallax-teaser\"\n     data-parallax-breakpoint=\"992\">\n                        <div class=\"teaser-media__image-wrapper lazyload js-parallax-teaser\"\n             data-bg=\"https:\/\/www.dienes.de\/wp-content\/uploads\/2020\/09\/B267-Auszeichnung-C2-innovation-Award-2013.jpg\"\n             data-rellax-speed=\"1\"\n             data-rellax-min=\"-50\"\n             data-rellax-max=\"50\"\n        >\n        <\/div>\n    \n    \n                <div class=\"teaser-media__body-wrapper js-parallax-teaser\"\n         data-rellax-speed=\"1\"\n         data-rellax-min=\"-120\"\n         data-rellax-max=\"120\">\n        <div class=\"teaser-media__body\">\n            <div class=\"teaser-media__content\">\n                <h3 class=\"headline headline--h3 headline--underscore\">Auszeichnungen &#038; Patente <\/h3>\n                <p>DIENES Patente \u00fcberzeugen durch ihre Innovativit\u00e4t und setzen weltweit Standards.<\/p>\n\n\n                            <\/div>\n                            <div class=\"teaser-media__link-wrapper teaser-media__link\">\n                        \n    <a href=\"https:\/\/www.dienes.de\/auszeichnungen-patente\/\" target=\"\" class=\"button \" title=\"Auszeichnungen &#038; Patente\">\n        <span class=\"\">Auszeichnungen &#038; Patente<\/span>\n    <\/a>\n\n                <\/div>\n                    <\/div>\n    <\/div>\n\n    <\/div>\n\n\n\n\n\n\n<div class=\"teaser-media teaser-media--right teaser-media--block   js-rellax-wrapper \"\n     data-parallax-selector=\".js-parallax-teaser\"\n     data-parallax-breakpoint=\"992\">\n                    <div class=\"teaser-media__body-wrapper js-parallax-teaser\"\n         data-rellax-speed=\"1\"\n         data-rellax-min=\"-120\"\n         data-rellax-max=\"120\">\n        <div class=\"teaser-media__body\">\n            <div class=\"teaser-media__content\">\n                <h3 class=\"headline headline--h3 headline--underscore\">Zertifikate &#038; Normen <\/h3>\n                <p>Seit 1993 ist Dienes nach DIN ISO 9001 zertifiziert. Das sorgt f\u00fcr Vertrauen bei Kunden auf der ganzen Welt.<\/p>\n\n\n                            <\/div>\n                            <div class=\"teaser-media__link-wrapper teaser-media__link\">\n                        \n    <a href=\"https:\/\/www.dienes.de\/unternehmen\/zertifikate-normen\/\" target=\"\" class=\"button \" title=\"Zertifikate &#038; Normen\">\n        <span class=\"\">Zertifikate &#038; Normen<\/span>\n    <\/a>\n\n                <\/div>\n                    <\/div>\n    <\/div>\n\n            \n    \n    <\/div>\n\n\n\n\n\n\n<div class=\"teaser-media  teaser-media--block   js-rellax-wrapper \"\n     data-parallax-selector=\".js-parallax-teaser\"\n     data-parallax-breakpoint=\"992\">\n                        <div class=\"teaser-media__image-wrapper lazyload js-parallax-teaser\"\n             data-bg=\"https:\/\/www.dienes.de\/wp-content\/uploads\/2020\/07\/razvan-chisu-Ua-agENjmI4-unsplash.jpg\"\n             data-rellax-speed=\"1\"\n             data-rellax-min=\"-50\"\n             data-rellax-max=\"50\"\n        >\n        <\/div>\n    \n    \n                <div class=\"teaser-media__body-wrapper js-parallax-teaser\"\n         data-rellax-speed=\"1\"\n         data-rellax-min=\"-120\"\n         data-rellax-max=\"120\">\n        <div class=\"teaser-media__body\">\n            <div class=\"teaser-media__content\">\n                <h3 class=\"headline headline--h3 headline--underscore\">Unsere Erfolgsgeschichten <\/h3>\n                <p>H\u00f6chste Schnittgeschwindigkeiten, drastische Erh\u00f6hung der Messerstandzeiten, reproduzierbare und geringe Messeranlagekr\u00e4fte sind Ziele, die wir mit Ihnen gemeinsam erreichen k\u00f6nnen.<\/p>\n\n\n                            <\/div>\n                            <div class=\"teaser-media__link-wrapper teaser-media__link\">\n                        \n    <a href=\"https:\/\/www.dienes.de\/innovationen\/erfolgsgeschichten\/\" target=\"\" class=\"link \" >\n        <span class=\"link__text\">Erfolgsgeschichten<\/span>\n    <\/a>\n\n                <\/div>\n                    <\/div>\n    <\/div>\n\n    <\/div>\n","protected":false},"excerpt":{"rendered":"<p>1. GREAT INNOVATIVE STRENGTH As a professional partner, we are constantly setting new standards in the precise realization of required product properties for our customers&#8217; work. To ensure that they meet the requirements of their markets, our products uncompromisingly ensure the best possible results. 2. PRECISION FROM A SINGLE SOURCE As a manufacturer and complete [&hellip;]<\/p>\n","protected":false},"author":22,"featured_media":19955,"parent":0,"menu_order":0,"comment_status":"closed","ping_status":"closed","template":"","meta":{"_acf_changed":false,"footnotes":""},"class_list":["post-13856","page","type-page","status-publish","has-post-thumbnail","hentry"],"acf":[],"yoast_head":"<!-- This site is optimized with the Yoast SEO plugin v27.6 - https:\/\/yoast.com\/product\/yoast-seo-wordpress\/ -->\n<title>10 good reasons - DIENES<\/title>\n<meta name=\"robots\" content=\"index, follow, max-snippet:-1, max-image-preview:large, max-video-preview:-1\" \/>\n<link rel=\"canonical\" href=\"https:\/\/www.dienes.de\/en\/10-good-reasons\/\" \/>\n<meta property=\"og:locale\" content=\"en_US\" \/>\n<meta property=\"og:type\" content=\"article\" \/>\n<meta property=\"og:title\" content=\"10 good reasons - DIENES\" \/>\n<meta property=\"og:description\" content=\"1. GREAT INNOVATIVE STRENGTH As a professional partner, we are constantly setting new standards in the precise realization of required product properties for our customers&#8217; work. To ensure that they meet the requirements of their markets, our products uncompromisingly ensure the best possible results. 2. PRECISION FROM A SINGLE SOURCE As a manufacturer and complete [&hellip;]\" \/>\n<meta property=\"og:url\" content=\"https:\/\/www.dienes.de\/en\/10-good-reasons\/\" \/>\n<meta property=\"og:site_name\" content=\"DIENES\" \/>\n<meta property=\"article:publisher\" content=\"https:\/\/m.facebook.com\/profile.php?id=100063618859102\" \/>\n<meta property=\"article:modified_time\" content=\"2021-04-28T07:20:50+00:00\" \/>\n<meta name=\"twitter:card\" content=\"summary_large_image\" \/>\n<meta name=\"twitter:label1\" content=\"Est. reading time\" \/>\n\t<meta name=\"twitter:data1\" content=\"3 minutes\" \/>\n<script type=\"application\/ld+json\" class=\"yoast-schema-graph\">{\"@context\":\"https:\\\/\\\/schema.org\",\"@graph\":[{\"@type\":\"WebPage\",\"@id\":\"https:\\\/\\\/www.dienes.de\\\/en\\\/10-good-reasons\\\/\",\"url\":\"https:\\\/\\\/www.dienes.de\\\/en\\\/10-good-reasons\\\/\",\"name\":\"10 good reasons - DIENES\",\"isPartOf\":{\"@id\":\"https:\\\/\\\/www.dienes.de\\\/en\\\/#website\"},\"primaryImageOfPage\":{\"@id\":\"https:\\\/\\\/www.dienes.de\\\/en\\\/10-good-reasons\\\/#primaryimage\"},\"image\":{\"@id\":\"https:\\\/\\\/www.dienes.de\\\/en\\\/10-good-reasons\\\/#primaryimage\"},\"thumbnailUrl\":\"https:\\\/\\\/www.dienes.de\\\/wp-content\\\/uploads\\\/2021\\\/06\\\/Siegel-10-gute-gruende-DE.png\",\"datePublished\":\"2020-02-24T10:43:56+00:00\",\"dateModified\":\"2021-04-28T07:20:50+00:00\",\"breadcrumb\":{\"@id\":\"https:\\\/\\\/www.dienes.de\\\/en\\\/10-good-reasons\\\/#breadcrumb\"},\"inLanguage\":\"en-US\",\"potentialAction\":[{\"@type\":\"ReadAction\",\"target\":[\"https:\\\/\\\/www.dienes.de\\\/en\\\/10-good-reasons\\\/\"]}]},{\"@type\":\"ImageObject\",\"inLanguage\":\"en-US\",\"@id\":\"https:\\\/\\\/www.dienes.de\\\/en\\\/10-good-reasons\\\/#primaryimage\",\"url\":\"https:\\\/\\\/www.dienes.de\\\/wp-content\\\/uploads\\\/2021\\\/06\\\/Siegel-10-gute-gruende-DE.png\",\"contentUrl\":\"https:\\\/\\\/www.dienes.de\\\/wp-content\\\/uploads\\\/2021\\\/06\\\/Siegel-10-gute-gruende-DE.png\",\"width\":1624,\"height\":1624},{\"@type\":\"BreadcrumbList\",\"@id\":\"https:\\\/\\\/www.dienes.de\\\/en\\\/10-good-reasons\\\/#breadcrumb\",\"itemListElement\":[{\"@type\":\"ListItem\",\"position\":1,\"name\":\"Startseite\",\"item\":\"https:\\\/\\\/www.dienes.de\\\/en\\\/\"},{\"@type\":\"ListItem\",\"position\":2,\"name\":\"10 good reasons\"}]},{\"@type\":\"WebSite\",\"@id\":\"https:\\\/\\\/www.dienes.de\\\/en\\\/#website\",\"url\":\"https:\\\/\\\/www.dienes.de\\\/en\\\/\",\"name\":\"DIENES\",\"description\":\"DIENES \u2013 WELTKLASSE \u2013 WELTWEIT\",\"publisher\":{\"@id\":\"https:\\\/\\\/www.dienes.de\\\/en\\\/#organization\"},\"potentialAction\":[{\"@type\":\"SearchAction\",\"target\":{\"@type\":\"EntryPoint\",\"urlTemplate\":\"https:\\\/\\\/www.dienes.de\\\/en\\\/?s={search_term_string}\"},\"query-input\":{\"@type\":\"PropertyValueSpecification\",\"valueRequired\":true,\"valueName\":\"search_term_string\"}}],\"inLanguage\":\"en-US\"},{\"@type\":\"Organization\",\"@id\":\"https:\\\/\\\/www.dienes.de\\\/en\\\/#organization\",\"name\":\"DIENES Werke f\u00fcr Maschinenteile GmbH & Co. KG\",\"alternateName\":\"DIENES Werke GmbH & Co KG\",\"url\":\"https:\\\/\\\/www.dienes.de\\\/en\\\/\",\"logo\":{\"@type\":\"ImageObject\",\"inLanguage\":\"en-US\",\"@id\":\"https:\\\/\\\/www.dienes.de\\\/en\\\/#\\\/schema\\\/logo\\\/image\\\/\",\"url\":\"https:\\\/\\\/www.dienes.de\\\/wp-content\\\/uploads\\\/2024\\\/04\\\/Logo-Yoast-SEO.png\",\"contentUrl\":\"https:\\\/\\\/www.dienes.de\\\/wp-content\\\/uploads\\\/2024\\\/04\\\/Logo-Yoast-SEO.png\",\"width\":696,\"height\":696,\"caption\":\"DIENES Werke f\u00fcr Maschinenteile GmbH & Co. KG\"},\"image\":{\"@id\":\"https:\\\/\\\/www.dienes.de\\\/en\\\/#\\\/schema\\\/logo\\\/image\\\/\"},\"sameAs\":[\"https:\\\/\\\/m.facebook.com\\\/profile.php?id=100063618859102\",\"https:\\\/\\\/www.linkedin.com\\\/company\\\/dienes-werke\\\/\",\"https:\\\/\\\/www.instagram.com\\\/dieneswerke\\\/\"]}]}<\/script>\n<!-- \/ Yoast SEO plugin. -->","yoast_head_json":{"title":"10 good reasons - DIENES","robots":{"index":"index","follow":"follow","max-snippet":"max-snippet:-1","max-image-preview":"max-image-preview:large","max-video-preview":"max-video-preview:-1"},"canonical":"https:\/\/www.dienes.de\/en\/10-good-reasons\/","og_locale":"en_US","og_type":"article","og_title":"10 good reasons - DIENES","og_description":"1. GREAT INNOVATIVE STRENGTH As a professional partner, we are constantly setting new standards in the precise realization of required product properties for our customers&#8217; work. To ensure that they meet the requirements of their markets, our products uncompromisingly ensure the best possible results. 2. PRECISION FROM A SINGLE SOURCE As a manufacturer and complete [&hellip;]","og_url":"https:\/\/www.dienes.de\/en\/10-good-reasons\/","og_site_name":"DIENES","article_publisher":"https:\/\/m.facebook.com\/profile.php?id=100063618859102","article_modified_time":"2021-04-28T07:20:50+00:00","twitter_card":"summary_large_image","twitter_misc":{"Est. reading time":"3 minutes"},"schema":{"@context":"https:\/\/schema.org","@graph":[{"@type":"WebPage","@id":"https:\/\/www.dienes.de\/en\/10-good-reasons\/","url":"https:\/\/www.dienes.de\/en\/10-good-reasons\/","name":"10 good reasons - DIENES","isPartOf":{"@id":"https:\/\/www.dienes.de\/en\/#website"},"primaryImageOfPage":{"@id":"https:\/\/www.dienes.de\/en\/10-good-reasons\/#primaryimage"},"image":{"@id":"https:\/\/www.dienes.de\/en\/10-good-reasons\/#primaryimage"},"thumbnailUrl":"https:\/\/www.dienes.de\/wp-content\/uploads\/2021\/06\/Siegel-10-gute-gruende-DE.png","datePublished":"2020-02-24T10:43:56+00:00","dateModified":"2021-04-28T07:20:50+00:00","breadcrumb":{"@id":"https:\/\/www.dienes.de\/en\/10-good-reasons\/#breadcrumb"},"inLanguage":"en-US","potentialAction":[{"@type":"ReadAction","target":["https:\/\/www.dienes.de\/en\/10-good-reasons\/"]}]},{"@type":"ImageObject","inLanguage":"en-US","@id":"https:\/\/www.dienes.de\/en\/10-good-reasons\/#primaryimage","url":"https:\/\/www.dienes.de\/wp-content\/uploads\/2021\/06\/Siegel-10-gute-gruende-DE.png","contentUrl":"https:\/\/www.dienes.de\/wp-content\/uploads\/2021\/06\/Siegel-10-gute-gruende-DE.png","width":1624,"height":1624},{"@type":"BreadcrumbList","@id":"https:\/\/www.dienes.de\/en\/10-good-reasons\/#breadcrumb","itemListElement":[{"@type":"ListItem","position":1,"name":"Startseite","item":"https:\/\/www.dienes.de\/en\/"},{"@type":"ListItem","position":2,"name":"10 good reasons"}]},{"@type":"WebSite","@id":"https:\/\/www.dienes.de\/en\/#website","url":"https:\/\/www.dienes.de\/en\/","name":"DIENES","description":"DIENES \u2013 WELTKLASSE \u2013 WELTWEIT","publisher":{"@id":"https:\/\/www.dienes.de\/en\/#organization"},"potentialAction":[{"@type":"SearchAction","target":{"@type":"EntryPoint","urlTemplate":"https:\/\/www.dienes.de\/en\/?s={search_term_string}"},"query-input":{"@type":"PropertyValueSpecification","valueRequired":true,"valueName":"search_term_string"}}],"inLanguage":"en-US"},{"@type":"Organization","@id":"https:\/\/www.dienes.de\/en\/#organization","name":"DIENES Werke f\u00fcr Maschinenteile GmbH & Co. KG","alternateName":"DIENES Werke GmbH & Co KG","url":"https:\/\/www.dienes.de\/en\/","logo":{"@type":"ImageObject","inLanguage":"en-US","@id":"https:\/\/www.dienes.de\/en\/#\/schema\/logo\/image\/","url":"https:\/\/www.dienes.de\/wp-content\/uploads\/2024\/04\/Logo-Yoast-SEO.png","contentUrl":"https:\/\/www.dienes.de\/wp-content\/uploads\/2024\/04\/Logo-Yoast-SEO.png","width":696,"height":696,"caption":"DIENES Werke f\u00fcr Maschinenteile GmbH & Co. KG"},"image":{"@id":"https:\/\/www.dienes.de\/en\/#\/schema\/logo\/image\/"},"sameAs":["https:\/\/m.facebook.com\/profile.php?id=100063618859102","https:\/\/www.linkedin.com\/company\/dienes-werke\/","https:\/\/www.instagram.com\/dieneswerke\/"]}]}},"_links":{"self":[{"href":"https:\/\/www.dienes.de\/en\/wp-json\/wp\/v2\/pages\/13856","targetHints":{"allow":["GET"]}}],"collection":[{"href":"https:\/\/www.dienes.de\/en\/wp-json\/wp\/v2\/pages"}],"about":[{"href":"https:\/\/www.dienes.de\/en\/wp-json\/wp\/v2\/types\/page"}],"author":[{"embeddable":true,"href":"https:\/\/www.dienes.de\/en\/wp-json\/wp\/v2\/users\/22"}],"replies":[{"embeddable":true,"href":"https:\/\/www.dienes.de\/en\/wp-json\/wp\/v2\/comments?post=13856"}],"version-history":[{"count":0,"href":"https:\/\/www.dienes.de\/en\/wp-json\/wp\/v2\/pages\/13856\/revisions"}],"wp:featuredmedia":[{"embeddable":true,"href":"https:\/\/www.dienes.de\/en\/wp-json\/wp\/v2\/media\/19955"}],"wp:attachment":[{"href":"https:\/\/www.dienes.de\/en\/wp-json\/wp\/v2\/media?parent=13856"}],"curies":[{"name":"wp","href":"https:\/\/api.w.org\/{rel}","templated":true}]}}