{"id":14922,"date":"2019-12-11T19:18:35","date_gmt":"2019-12-11T18:18:35","guid":{"rendered":"https:\/\/www.dienes.de\/entdecken\/"},"modified":"2021-05-10T11:04:52","modified_gmt":"2021-05-10T09:04:52","slug":"entdecken","status":"publish","type":"page","link":"https:\/\/www.dienes.de\/fr\/entdecken\/","title":{"rendered":"D\u00e9couvrir"},"content":{"rendered":"\n<div class=\"wp-block-columns is-layout-flex wp-container-core-columns-is-layout-9d6595d7 wp-block-columns-is-layout-flex\">\n<div class=\"wp-block-column is-layout-flow wp-block-column-is-layout-flow\" style=\"flex-basis:66.66%\">\n    \n\n<div class=\"teaser teaser--block    \">\n                        <div class=\"teaser__image-wrapper teaser__image-wrapper--flex\">\n            <picture class=\"\">\n            <source type=\"image\/webp\"\n                data-srcset=\"https:\/\/www.dienes.de\/wp-content\/uploads\/2020\/03\/07-branchen-gfk_cfk-FD_Fotolia_42522235_XXL-bearb-1200x1200-num-e1594706998784-265x350-c-default.webp 1x, https:\/\/www.dienes.de\/wp-content\/uploads\/2020\/03\/07-branchen-gfk_cfk-FD_Fotolia_42522235_XXL-bearb-1200x1200-num-e1594706998784-530x700-c-default.webp 2x\" \/>\n    \n    <img data-src=\"https:\/\/www.dienes.de\/wp-content\/uploads\/2020\/03\/07-branchen-gfk_cfk-FD_Fotolia_42522235_XXL-bearb-1200x1200-num-e1594706998784-265x350-c-default.jpg\"\n         data-lowsrc=\"https:\/\/www.dienes.de\/wp-content\/uploads\/2020\/03\/07-branchen-gfk_cfk-FD_Fotolia_42522235_XXL-bearb-1200x1200-num-e1594706998784-26.5x35-c-default.jpg\"\n         data-width=\"265\"\n         data-height=\"350\"\n         data-sizes=\"auto\"\n         class=\"lazyload teaser__image\"\n                            srcset=\"https:\/\/www.dienes.de\/wp-content\/uploads\/2020\/03\/07-branchen-gfk_cfk-FD_Fotolia_42522235_XXL-bearb-1200x1200-num-e1594706998784-265x350-c-default.jpg 1x, https:\/\/www.dienes.de\/wp-content\/uploads\/2020\/03\/07-branchen-gfk_cfk-FD_Fotolia_42522235_XXL-bearb-1200x1200-num-e1594706998784-530x700-c-default.jpg 2x\"\n                data-srcset=\"https:\/\/www.dienes.de\/wp-content\/uploads\/2020\/03\/07-branchen-gfk_cfk-FD_Fotolia_42522235_XXL-bearb-1200x1200-num-e1594706998784-265x350-c-default.jpg 1x, https:\/\/www.dienes.de\/wp-content\/uploads\/2020\/03\/07-branchen-gfk_cfk-FD_Fotolia_42522235_XXL-bearb-1200x1200-num-e1594706998784-530x700-c-default.jpg 2x\"\n                                        alt=\"Schneidmaterial  Verbunswerksstoffe Composites\"\n                >\n<\/picture>\n\n        <\/div>\n    \n            <div class=\"teaser__body\">\n        <div class=\"teaser__content\">\n            <h3 class=\"headline headline--h3 headline--underscore\">Schneidmaterialien<\/h3>\n            <p>Die verschiedenen Schneidmaterialien stellen unterschiedliche Anspr\u00fcche und sollten immer mit passendem Werkzeug bearbeitet werden. Hier k\u00f6nnen Sie nach den verschiedenen Schneidmaterialien filtern, erfahren worauf es ankommt und mit welchen DIENES Produkten Sie die Materialien am effektivsten und hochwertigsten bearbeiten k\u00f6nnen.<\/p>\n\n\n            \n                                \n    <a href=\"http:\/\/www.dienes.de\/entdecken\/materialien\/papier-pappe-karton\/\" target=\"\" class=\"button teaser__button  \" title=\"Mehr \u00fcber Schneidmaterialien\">\n        <span class=\"\">Mehr \u00fcber Schneidmaterialien<\/span>\n    <\/a>\n\n                    <\/div>\n            <\/div>\n\n    <\/div>\n\n\n\n    \n\n<div class=\"teaser teaser--block    \">\n                        <div class=\"teaser__image-wrapper teaser__image-wrapper--flex\">\n            <picture class=\"\">\n            <source type=\"image\/webp\"\n                data-srcset=\"https:\/\/www.dienes.de\/wp-content\/uploads\/2020\/07\/Spitzaufspitz_2019_06-265x350-c-default.webp 1x, https:\/\/www.dienes.de\/wp-content\/uploads\/2020\/07\/Spitzaufspitz_2019_06-530x700-c-default.webp 2x\" \/>\n    \n    <img data-src=\"https:\/\/www.dienes.de\/wp-content\/uploads\/2020\/07\/Spitzaufspitz_2019_06-265x350-c-default.jpg\"\n         data-lowsrc=\"https:\/\/www.dienes.de\/wp-content\/uploads\/2020\/07\/Spitzaufspitz_2019_06-26.5x35-c-default.jpg\"\n         data-width=\"265\"\n         data-height=\"350\"\n         data-sizes=\"auto\"\n         class=\"lazyload teaser__image\"\n                            srcset=\"https:\/\/www.dienes.de\/wp-content\/uploads\/2020\/07\/Spitzaufspitz_2019_06-265x350-c-default.jpg 1x, https:\/\/www.dienes.de\/wp-content\/uploads\/2020\/07\/Spitzaufspitz_2019_06-530x700-c-default.jpg 2x\"\n                data-srcset=\"https:\/\/www.dienes.de\/wp-content\/uploads\/2020\/07\/Spitzaufspitz_2019_06-265x350-c-default.jpg 1x, https:\/\/www.dienes.de\/wp-content\/uploads\/2020\/07\/Spitzaufspitz_2019_06-530x700-c-default.jpg 2x\"\n                                        alt=\"Ein Schneidsystem das in dem Schneidverfahren Spitz auf Spitz schneidet.\"\n                >\n<\/picture>\n\n        <\/div>\n    \n            <div class=\"teaser__body\">\n        <div class=\"teaser__content\">\n            <h3 class=\"headline headline--h3 headline--underscore\">Schneidverfahren <\/h3>\n            <p>Neben unterschiedlichen Materialien die geschnitten werden k\u00f6nnen, gibt es auch verschiedene M\u00f6glichkeiten den Schneidvorgang durchzuf\u00fchren. Die einzelnen Schneidverfahren eignen sich je nach Material unterschiedlich gut und bringen verschiedenen Vorteile mit sich. Hier k\u00f6nnen Sie sich informieren, mit welchem Schneidverfahren Sie die besten Ergebnisse f\u00fcr Ihr Produkt erzielen k\u00f6nnen.<\/p>\n\n\n            \n                                \n    <a href=\"http:\/\/www.dienes.de\/entdecken\/branchen\/textilindustrie\/\" target=\"\" class=\"button teaser__button  \" title=\"Mehr \u00fcber Schneidverfahren \">\n        <span class=\"\">Mehr \u00fcber Schneidverfahren <\/span>\n    <\/a>\n\n                    <\/div>\n            <\/div>\n\n    <\/div>\n\n\n\n    \n\n<div class=\"teaser teaser--block    \">\n                        <div class=\"teaser__image-wrapper teaser__image-wrapper--flex\">\n            <picture class=\"\">\n            <source type=\"image\/webp\"\n                data-srcset=\"https:\/\/www.dienes.de\/wp-content\/uploads\/2020\/10\/109_Schlauchbeutelmaschine-mit-Quetschmesserhalter-265x350-c-default.webp 1x, https:\/\/www.dienes.de\/wp-content\/uploads\/2020\/10\/109_Schlauchbeutelmaschine-mit-Quetschmesserhalter-530x700-c-default.webp 2x\" \/>\n    \n    <img data-src=\"https:\/\/www.dienes.de\/wp-content\/uploads\/2020\/10\/109_Schlauchbeutelmaschine-mit-Quetschmesserhalter-265x350-c-default.jpg\"\n         data-lowsrc=\"https:\/\/www.dienes.de\/wp-content\/uploads\/2020\/10\/109_Schlauchbeutelmaschine-mit-Quetschmesserhalter-26.5x35-c-default.jpg\"\n         data-width=\"265\"\n         data-height=\"350\"\n         data-sizes=\"auto\"\n         class=\"lazyload teaser__image\"\n                            srcset=\"https:\/\/www.dienes.de\/wp-content\/uploads\/2020\/10\/109_Schlauchbeutelmaschine-mit-Quetschmesserhalter-265x350-c-default.jpg 1x, https:\/\/www.dienes.de\/wp-content\/uploads\/2020\/10\/109_Schlauchbeutelmaschine-mit-Quetschmesserhalter-530x700-c-default.jpg 2x\"\n                data-srcset=\"https:\/\/www.dienes.de\/wp-content\/uploads\/2020\/10\/109_Schlauchbeutelmaschine-mit-Quetschmesserhalter-265x350-c-default.jpg 1x, https:\/\/www.dienes.de\/wp-content\/uploads\/2020\/10\/109_Schlauchbeutelmaschine-mit-Quetschmesserhalter-530x700-c-default.jpg 2x\"\n                                        alt=\"Dieses Bild zeigt eine Schlauhbeutelmaschine, die mit DIENES Quetschmesserhaltern best\u00fcckt ist.\"\n                >\n<\/picture>\n\n        <\/div>\n    \n            <div class=\"teaser__body\">\n        <div class=\"teaser__content\">\n            <h3 class=\"headline headline--h3 headline--underscore\">Maschinen<\/h3>\n            <p>Der Einsatz von Maschinen kann das Schneiden und Bearbeiten von Materialien nicht nur effizienter und einfacher machen, sondern auch die Qualit\u00e4t des Endproduktes erh\u00f6hen. Je nach Material und Ziel eignen sich verschiedenen Maschinen am Besten. Informieren Sie sich hier, welche Maschinen Ihnen DIENES f\u00fcr welche Zwecke besonders ans Herz legt.<\/p>\n\n\n            \n                                \n    <a href=\"http:\/\/www.dienes.de\/entdecken\/maschinen\/rollenschneidmaschine\/\" target=\"\" class=\"button teaser__button  \" title=\"Mehr \u00fcber Maschinen \">\n        <span class=\"\">Mehr \u00fcber Maschinen <\/span>\n    <\/a>\n\n                    <\/div>\n            <\/div>\n\n    <\/div>\n<\/div>\n\n\n\n<div class=\"wp-block-column is-layout-flow wp-block-column-is-layout-flow\" style=\"flex-basis:33.33%\"><aside class=\"sidebar\">\n    \n            \n        <div class=\"sidebar-box\">\n    \n                            <h3 class=\"headline headline--h3 sidebar-box__headline\">360\u00b0 de performance d&rsquo;une seule main d&rsquo;oeuvre<\/h3>\n\n    <div class=\"sidebar-box__text\"><p>En plus de nos produits, nous offrons de nombreux avantages, services et possibilit\u00e9s de formation.<\/p>\n<\/div>\n                                <div class=\"circle-360\">\n            <a href=\"https:\/\/www.dienes.de\/fr\/produits\/porte-couteau\/\" target=\"\" class=\"circle-360__button button button--secondary\">Portes couteaux<\/a>\n            <a href=\"https:\/\/www.dienes.de\/fr\/services\/schneidakademie\/\" target=\"\" class=\"circle-360__button button button--secondary\">Acad\u00e9mie de coupe<\/a>\n            <a href=\"https:\/\/www.dienes.de\/fr\/services\/service-daffutage\/\" target=\"\" class=\"circle-360__button button button--secondary\">Service d\u2019affutage<\/a>\n            <a href=\"https:\/\/www.dienes.de\/fr\/produits\/systeme-de-coupe\/\" target=\"\" class=\"circle-360__button button button--secondary\">Syst\u00e8me de coupe<\/a>\n            <a href=\"https:\/\/www.dienes.de\/fr\/services\/technischer-support\/\" target=\"\" class=\"circle-360__button button button--secondary\">Support technique<\/a>\n    <\/div>\n            <\/div>\n            \n        <div class=\"sidebar-box\">\n    \n                            <h3 class=\"headline headline--h3 sidebar-box__headline\">Service d&rsquo;aff\u00fbtage<\/h3>\n\n    <div class=\"sidebar-box__text\"><p><img loading=\"lazy\" decoding=\"async\" src=\"https:\/\/www.dienes.de\/wp-content\/uploads\/2020\/07\/jakub-skafiriak-AljDaiCbCVY-unsplash-300x200.jpg\" alt=\"Die Messerqualit\u00e4t ist entscheidend f\u00fcr ein optimales Schneidergebniss. Neben der Herstellung ist auch die Pflege der Messer und somit das Nachschleifen ein wichtiger Faktor. \" width=\"300\" height=\"200\" class=\"alignnone size-medium wp-image-8312\" srcset=\"https:\/\/www.dienes.de\/wp-content\/uploads\/2020\/07\/jakub-skafiriak-AljDaiCbCVY-unsplash-300x200.jpg 300w, https:\/\/www.dienes.de\/wp-content\/uploads\/2020\/07\/jakub-skafiriak-AljDaiCbCVY-unsplash-1024x683.jpg 1024w, https:\/\/www.dienes.de\/wp-content\/uploads\/2020\/07\/jakub-skafiriak-AljDaiCbCVY-unsplash-768x512.jpg 768w, https:\/\/www.dienes.de\/wp-content\/uploads\/2020\/07\/jakub-skafiriak-AljDaiCbCVY-unsplash-1536x1024.jpg 1536w, https:\/\/www.dienes.de\/wp-content\/uploads\/2020\/07\/jakub-skafiriak-AljDaiCbCVY-unsplash-2048x1365.jpg 2048w\" sizes=\"auto, (max-width: 300px) 100vw, 300px\" \/><\/p>\n<p>Profitez de notre service de r\u00e9aff\u00fbtage professionnel chez DIENES et chez les partenaires DIENES certifi\u00e9s dans le monde entier. Vous pouvez commander le service de r\u00e9aff\u00fbtage en ligne ou par t\u00e9l\u00e9phone au +49 2206 6050.<\/p>\n<\/div>\n                                <div>\n    <a href=\"https:\/\/www.dienes.de\/fr\/services\/service-daffutage\/\" target=\"\" class=\"sidebar-box__link sidebar-box__link--button button  \">\n        <span class=\"\">\n            Formulaire de service\n        <\/span>\n    <\/a>\n<\/div>\n            <\/div>\n    <\/aside>\n<\/div>\n<\/div>\n\n<h2 class=\"wp-block-heading\">Cela pourrait \u00e9galement vous int\u00e9resser<\/h2>\n<div class=\"teaser-grid\">\n    \n                    <div class=\"teaser-grid__item\">\n            <div class=\"teaser teaser--white teaser--small teaser--shadow-box\">\n                                    <div class=\"teaser__image-wrapper teaser-grid__image-wrapper\">\n                            <figure data-expand=\"1\">\n        <picture class=\"\">\n            <source type=\"image\/webp\"\n                data-srcset=\"https:\/\/www.dienes.de\/wp-content\/uploads\/2020\/03\/Flaches-Obermesser-700x350-c-default.webp\" \/>\n    \n    <img data-src=\"https:\/\/www.dienes.de\/wp-content\/uploads\/2020\/03\/Flaches-Obermesser-700x350-c-default.jpg\"\n         data-lowsrc=\"https:\/\/www.dienes.de\/wp-content\/uploads\/2020\/03\/Flaches-Obermesser-70x35-c-default.jpg\"\n         data-width=\"700\"\n         data-height=\"350\"\n         data-sizes=\"auto\"\n         class=\"lazyload teaser__image\"\n                                        alt=\"Couteau plat de DIENES\"\n                >\n<\/picture>\n\n    <\/figure>\n\n                    <\/div>\n                                <div class=\"teaser__body\">\n                    <div class=\"headline headline--h3\">DIENES Qualit\u00e4t <\/div>\n                                            <p class=\"teaser__text\">Unsere Firmenphilosophie umfasst h\u00f6chste Qualit\u00e4tsstandards, nicht nur bei unseren Produkten, sondern auch bei unserem Serviceangebot. <\/p>\n                                                                <a href=\"https:\/\/www.dienes.de\/unternehmen\/zertifikate-normen\/\" target=\"\" class=\"link teaser__link\">\n                            <span class=\"link__text\">Unsere Zertifikate &#038; Normen<\/span>\n                        <\/a>\n                                    <\/div>\n            <\/div>\n        <\/div>\n                    <div class=\"teaser-grid__item\">\n            <div class=\"teaser teaser--white teaser--small teaser--shadow-box\">\n                                    <div class=\"teaser__image-wrapper teaser-grid__image-wrapper\">\n                            <figure data-expand=\"1\">\n        <picture class=\"\">\n            <source type=\"image\/webp\"\n                data-srcset=\"https:\/\/www.dienes.de\/wp-content\/uploads\/2020\/02\/Standort-Neuenkamp_Hueckeswagen-700x350-c-default.webp 1x, https:\/\/www.dienes.de\/wp-content\/uploads\/2020\/02\/Standort-Neuenkamp_Hueckeswagen-1400x700-c-default.webp 2x\" \/>\n    \n    <img data-src=\"https:\/\/www.dienes.de\/wp-content\/uploads\/2020\/02\/Standort-Neuenkamp_Hueckeswagen-700x350-c-default.jpg\"\n         data-lowsrc=\"https:\/\/www.dienes.de\/wp-content\/uploads\/2020\/02\/Standort-Neuenkamp_Hueckeswagen-70x35-c-default.jpg\"\n         data-width=\"700\"\n         data-height=\"350\"\n         data-sizes=\"auto\"\n         class=\"lazyload teaser__image\"\n                            srcset=\"https:\/\/www.dienes.de\/wp-content\/uploads\/2020\/02\/Standort-Neuenkamp_Hueckeswagen-700x350-c-default.jpg 1x, https:\/\/www.dienes.de\/wp-content\/uploads\/2020\/02\/Standort-Neuenkamp_Hueckeswagen-1400x700-c-default.jpg 2x\"\n                data-srcset=\"https:\/\/www.dienes.de\/wp-content\/uploads\/2020\/02\/Standort-Neuenkamp_Hueckeswagen-700x350-c-default.jpg 1x, https:\/\/www.dienes.de\/wp-content\/uploads\/2020\/02\/Standort-Neuenkamp_Hueckeswagen-1400x700-c-default.jpg 2x\"\n                                        alt=\"Vous pouvez voir l'emplacement de Neuenkamp \u00e0 H\u00fcckeswagen.\"\n                >\n<\/picture>\n\n    <\/figure>\n\n                    <\/div>\n                                <div class=\"teaser__body\">\n                    <div class=\"headline headline--h3\">Unser Unternehmen <\/div>\n                                            <p class=\"teaser__text\">DIENES ist nicht nur aktueller Marktf\u00fchrer in den Bereichen Messer, Messerhalter und Schneidsystemen f\u00fcr die Industrie, sondern auch Vorreiter wenn es um neuartige Innovationen geht. <\/p>\n                                                                <a href=\"https:\/\/www.dienes.de\/unternehmen\/ueber-dienes\/\" target=\"\" class=\"link teaser__link\">\n                            <span class=\"link__text\">Mehr \u00fcber DIENES<\/span>\n                        <\/a>\n                                    <\/div>\n            <\/div>\n        <\/div>\n    <\/div>\n","protected":false},"excerpt":{"rendered":"<p>Cela pourrait \u00e9galement vous int\u00e9resser<\/p>\n","protected":false},"author":1,"featured_media":0,"parent":0,"menu_order":0,"comment_status":"closed","ping_status":"closed","template":"","meta":{"_acf_changed":false,"footnotes":""},"class_list":["post-14922","page","type-page","status-publish","hentry"],"acf":[],"yoast_head":"<!-- This site is optimized with the Yoast SEO plugin v27.5 - https:\/\/yoast.com\/product\/yoast-seo-wordpress\/ -->\n<title>D\u00e9couvrir - DIENES<\/title>\n<meta name=\"description\" content=\"D\u00e9couvrez ici quels sont les mat\u00e9riaux de coupe, les proc\u00e9d\u00e9s de coupe et les machines disponibles et ce qui est important dans le processus de coupe.\" \/>\n<meta name=\"robots\" content=\"index, follow, max-snippet:-1, max-image-preview:large, max-video-preview:-1\" \/>\n<link rel=\"canonical\" href=\"https:\/\/www.dienes.de\/fr\/entdecken\/\" \/>\n<meta property=\"og:locale\" content=\"fr_FR\" \/>\n<meta property=\"og:type\" content=\"article\" \/>\n<meta property=\"og:title\" content=\"D\u00e9couvrir - DIENES\" \/>\n<meta property=\"og:description\" content=\"D\u00e9couvrez ici quels sont les mat\u00e9riaux de coupe, les proc\u00e9d\u00e9s de coupe et les machines disponibles et ce qui est important dans le processus de coupe.\" \/>\n<meta property=\"og:url\" content=\"https:\/\/www.dienes.de\/fr\/entdecken\/\" \/>\n<meta property=\"og:site_name\" content=\"DIENES\" \/>\n<meta property=\"article:publisher\" content=\"https:\/\/m.facebook.com\/profile.php?id=100063618859102\" \/>\n<meta property=\"article:modified_time\" content=\"2021-05-10T09:04:52+00:00\" \/>\n<meta name=\"twitter:card\" content=\"summary_large_image\" \/>\n<script type=\"application\/ld+json\" class=\"yoast-schema-graph\">{\"@context\":\"https:\\\/\\\/schema.org\",\"@graph\":[{\"@type\":\"WebPage\",\"@id\":\"https:\\\/\\\/www.dienes.de\\\/fr\\\/entdecken\\\/\",\"url\":\"https:\\\/\\\/www.dienes.de\\\/fr\\\/entdecken\\\/\",\"name\":\"D\u00e9couvrir - DIENES\",\"isPartOf\":{\"@id\":\"https:\\\/\\\/www.dienes.de\\\/fr\\\/#website\"},\"datePublished\":\"2019-12-11T18:18:35+00:00\",\"dateModified\":\"2021-05-10T09:04:52+00:00\",\"description\":\"D\u00e9couvrez ici quels sont les mat\u00e9riaux de coupe, les proc\u00e9d\u00e9s de coupe et les machines disponibles et ce qui est important dans le processus de coupe.\",\"breadcrumb\":{\"@id\":\"https:\\\/\\\/www.dienes.de\\\/fr\\\/entdecken\\\/#breadcrumb\"},\"inLanguage\":\"fr-FR\",\"potentialAction\":[{\"@type\":\"ReadAction\",\"target\":[\"https:\\\/\\\/www.dienes.de\\\/fr\\\/entdecken\\\/\"]}]},{\"@type\":\"BreadcrumbList\",\"@id\":\"https:\\\/\\\/www.dienes.de\\\/fr\\\/entdecken\\\/#breadcrumb\",\"itemListElement\":[{\"@type\":\"ListItem\",\"position\":1,\"name\":\"Startseite\",\"item\":\"https:\\\/\\\/www.dienes.de\\\/fr\\\/\"},{\"@type\":\"ListItem\",\"position\":2,\"name\":\"D\u00e9couvrir\"}]},{\"@type\":\"WebSite\",\"@id\":\"https:\\\/\\\/www.dienes.de\\\/fr\\\/#website\",\"url\":\"https:\\\/\\\/www.dienes.de\\\/fr\\\/\",\"name\":\"DIENES\",\"description\":\"DIENES \u2013 WELTKLASSE \u2013 WELTWEIT\",\"publisher\":{\"@id\":\"https:\\\/\\\/www.dienes.de\\\/fr\\\/#organization\"},\"potentialAction\":[{\"@type\":\"SearchAction\",\"target\":{\"@type\":\"EntryPoint\",\"urlTemplate\":\"https:\\\/\\\/www.dienes.de\\\/fr\\\/?s={search_term_string}\"},\"query-input\":{\"@type\":\"PropertyValueSpecification\",\"valueRequired\":true,\"valueName\":\"search_term_string\"}}],\"inLanguage\":\"fr-FR\"},{\"@type\":\"Organization\",\"@id\":\"https:\\\/\\\/www.dienes.de\\\/fr\\\/#organization\",\"name\":\"DIENES Werke f\u00fcr Maschinenteile GmbH & Co. KG\",\"alternateName\":\"DIENES Werke GmbH & Co KG\",\"url\":\"https:\\\/\\\/www.dienes.de\\\/fr\\\/\",\"logo\":{\"@type\":\"ImageObject\",\"inLanguage\":\"fr-FR\",\"@id\":\"https:\\\/\\\/www.dienes.de\\\/fr\\\/#\\\/schema\\\/logo\\\/image\\\/\",\"url\":\"https:\\\/\\\/www.dienes.de\\\/wp-content\\\/uploads\\\/2024\\\/04\\\/Logo-Yoast-SEO.png\",\"contentUrl\":\"https:\\\/\\\/www.dienes.de\\\/wp-content\\\/uploads\\\/2024\\\/04\\\/Logo-Yoast-SEO.png\",\"width\":696,\"height\":696,\"caption\":\"DIENES Werke f\u00fcr Maschinenteile GmbH & Co. KG\"},\"image\":{\"@id\":\"https:\\\/\\\/www.dienes.de\\\/fr\\\/#\\\/schema\\\/logo\\\/image\\\/\"},\"sameAs\":[\"https:\\\/\\\/m.facebook.com\\\/profile.php?id=100063618859102\",\"https:\\\/\\\/www.linkedin.com\\\/company\\\/dienes-werke\\\/\",\"https:\\\/\\\/www.instagram.com\\\/dieneswerke\\\/\"]}]}<\/script>\n<!-- \/ Yoast SEO plugin. -->","yoast_head_json":{"title":"D\u00e9couvrir - DIENES","description":"D\u00e9couvrez ici quels sont les mat\u00e9riaux de coupe, les proc\u00e9d\u00e9s de coupe et les machines disponibles et ce qui est important dans le processus de coupe.","robots":{"index":"index","follow":"follow","max-snippet":"max-snippet:-1","max-image-preview":"max-image-preview:large","max-video-preview":"max-video-preview:-1"},"canonical":"https:\/\/www.dienes.de\/fr\/entdecken\/","og_locale":"fr_FR","og_type":"article","og_title":"D\u00e9couvrir - DIENES","og_description":"D\u00e9couvrez ici quels sont les mat\u00e9riaux de coupe, les proc\u00e9d\u00e9s de coupe et les machines disponibles et ce qui est important dans le processus de coupe.","og_url":"https:\/\/www.dienes.de\/fr\/entdecken\/","og_site_name":"DIENES","article_publisher":"https:\/\/m.facebook.com\/profile.php?id=100063618859102","article_modified_time":"2021-05-10T09:04:52+00:00","twitter_card":"summary_large_image","schema":{"@context":"https:\/\/schema.org","@graph":[{"@type":"WebPage","@id":"https:\/\/www.dienes.de\/fr\/entdecken\/","url":"https:\/\/www.dienes.de\/fr\/entdecken\/","name":"D\u00e9couvrir - DIENES","isPartOf":{"@id":"https:\/\/www.dienes.de\/fr\/#website"},"datePublished":"2019-12-11T18:18:35+00:00","dateModified":"2021-05-10T09:04:52+00:00","description":"D\u00e9couvrez ici quels sont les mat\u00e9riaux de coupe, les proc\u00e9d\u00e9s de coupe et les machines disponibles et ce qui est important dans le processus de coupe.","breadcrumb":{"@id":"https:\/\/www.dienes.de\/fr\/entdecken\/#breadcrumb"},"inLanguage":"fr-FR","potentialAction":[{"@type":"ReadAction","target":["https:\/\/www.dienes.de\/fr\/entdecken\/"]}]},{"@type":"BreadcrumbList","@id":"https:\/\/www.dienes.de\/fr\/entdecken\/#breadcrumb","itemListElement":[{"@type":"ListItem","position":1,"name":"Startseite","item":"https:\/\/www.dienes.de\/fr\/"},{"@type":"ListItem","position":2,"name":"D\u00e9couvrir"}]},{"@type":"WebSite","@id":"https:\/\/www.dienes.de\/fr\/#website","url":"https:\/\/www.dienes.de\/fr\/","name":"DIENES","description":"DIENES \u2013 WELTKLASSE \u2013 WELTWEIT","publisher":{"@id":"https:\/\/www.dienes.de\/fr\/#organization"},"potentialAction":[{"@type":"SearchAction","target":{"@type":"EntryPoint","urlTemplate":"https:\/\/www.dienes.de\/fr\/?s={search_term_string}"},"query-input":{"@type":"PropertyValueSpecification","valueRequired":true,"valueName":"search_term_string"}}],"inLanguage":"fr-FR"},{"@type":"Organization","@id":"https:\/\/www.dienes.de\/fr\/#organization","name":"DIENES Werke f\u00fcr Maschinenteile GmbH & Co. KG","alternateName":"DIENES Werke GmbH & Co KG","url":"https:\/\/www.dienes.de\/fr\/","logo":{"@type":"ImageObject","inLanguage":"fr-FR","@id":"https:\/\/www.dienes.de\/fr\/#\/schema\/logo\/image\/","url":"https:\/\/www.dienes.de\/wp-content\/uploads\/2024\/04\/Logo-Yoast-SEO.png","contentUrl":"https:\/\/www.dienes.de\/wp-content\/uploads\/2024\/04\/Logo-Yoast-SEO.png","width":696,"height":696,"caption":"DIENES Werke f\u00fcr Maschinenteile GmbH & Co. KG"},"image":{"@id":"https:\/\/www.dienes.de\/fr\/#\/schema\/logo\/image\/"},"sameAs":["https:\/\/m.facebook.com\/profile.php?id=100063618859102","https:\/\/www.linkedin.com\/company\/dienes-werke\/","https:\/\/www.instagram.com\/dieneswerke\/"]}]}},"_links":{"self":[{"href":"https:\/\/www.dienes.de\/fr\/wp-json\/wp\/v2\/pages\/14922","targetHints":{"allow":["GET"]}}],"collection":[{"href":"https:\/\/www.dienes.de\/fr\/wp-json\/wp\/v2\/pages"}],"about":[{"href":"https:\/\/www.dienes.de\/fr\/wp-json\/wp\/v2\/types\/page"}],"author":[{"embeddable":true,"href":"https:\/\/www.dienes.de\/fr\/wp-json\/wp\/v2\/users\/1"}],"replies":[{"embeddable":true,"href":"https:\/\/www.dienes.de\/fr\/wp-json\/wp\/v2\/comments?post=14922"}],"version-history":[{"count":0,"href":"https:\/\/www.dienes.de\/fr\/wp-json\/wp\/v2\/pages\/14922\/revisions"}],"wp:attachment":[{"href":"https:\/\/www.dienes.de\/fr\/wp-json\/wp\/v2\/media?parent=14922"}],"curies":[{"name":"wp","href":"https:\/\/api.w.org\/{rel}","templated":true}]}}