{"id":14935,"date":"2020-05-27T14:43:49","date_gmt":"2020-05-27T12:43:49","guid":{"rendered":"https:\/\/www.dienes.de\/ventile-fuer-fluessigkeiten\/"},"modified":"2021-05-10T11:21:42","modified_gmt":"2021-05-10T09:21:42","slug":"ventile-fuer-fluessigkeiten","status":"publish","type":"page","link":"https:\/\/www.dienes.de\/fr\/ventile-fuer-fluessigkeiten\/","title":{"rendered":"Vannes liquides"},"content":{"rendered":"<div class=\"tab-system\">\n        <div class=\"tab-system__content\">\n        \n        \n<div class=\"button-nav js-button-navigation tab-system__button-nav\"\n    data-remote-targets-class=\"\">\n    <ul class=\"button-nav__list\">\n                    <li class=\"button-nav__list-item js-button-navigation-tab active\"\n                data-loop-index=\"1\">\n                                <button class=\"button button-nav__button button-tab js-button-navigation-tab-button \">Fl\u00fcssigkeitsventile <\/button>\n                <div class=\"button-nav__content-wrapper js-button-nav-content-wrapper\">\n                    <div class=\"button-nav__content js-button-nav-content\">\n                                                    <div class=\"post-item\">\n                                                                    <img decoding=\"async\" src=\"https:\/\/www.dienes.de\/wp-content\/uploads\/2020\/05\/Fl\u00fcssigkeitsventile.png\"\n                                         alt=\"Fl\u00fcssigkeitsventile \"\n                                         class=\"lazyload post-item__image\">\n                                \n                                <div class=\"post-item__content\">\n                                                                            <h3 class=\"headline headline--h3 post-item__headline\">\n                                            Fl\u00fcssigkeitsventile \n                                        <\/h3>\n                                    \n                                    <div class=\"post-item__text\">\n                                        <p>DIENES hat ein umfangreiches Programm an Standardbauform f\u00fcr Pumpen und Dosierpumpen f\u00fcr fl\u00fcssige Medien<\/p>\n<p>Diese langj\u00e4hrig bew\u00e4hrte Ventilreihe eignet sich f\u00fcr alle Kolben- und Verdr\u00e4ngerpumpen.<br \/>\nDiese Bauform besteht aus Einzelringventilen.<br \/>\nDie Plattenbelastung erfolgt je nach Einsatzfall durch\u00a0 zylindrische Druckfedern.<\/p>\n<p>Besonderheiten:<\/p>\n<ul>\n<li>Lieferbar in normalen sowie rostfreien Materialien<\/li>\n<li>Optionale Verwendung von D\u00e4mpfungselementen m\u00f6glich<\/li>\n<li>Ventil- und Leistungsoptimierung durch Computersimulation als Service f\u00fcr unsere Kunden.<\/li>\n<\/ul>\n\n                                    <\/div>\n\n                                                                    <\/div>\n                            <\/div>\n                                            <\/div>\n                <\/div>\n            <\/li>\n            <\/ul>\n<\/div>\n    <\/div>\n<\/div>\n\n\n\n<div class=\"teaser--block   teaser graphic-teaser\">\n    <div class=\"teaser__content\">\n        <h2 class=\"headline headline--h2 headline--underscore\">Jetzt Kontakt aufnehmen <\/h2>\n        <p>Sie haben sich ausreichend informiert und m\u00f6chten gerne eine pers\u00f6nliche und individuelle Beratung? Dann nehmen Sie jetzt Kontakt mit unseren Experten auf. Gemeinsam mit Ihnen ermitteln diese welche L\u00f6sung die f\u00fcr sie Optimalste darstellt.<\/p>\n\n    <\/div>\n\n    <div class=\"graphic-teaser__graphic-wrapper\">\n        <div class=\"graphic-teaser__graphic graphic-teaser-fan\">\n                                                <picture class=\"\">\n            <source type=\"image\/webp\"\n                data-srcset=\"https:\/\/www.dienes.de\/wp-content\/uploads\/2020\/09\/linkedin-sales-navigator-Xo65s4yhRSo-unsplash-144x192-c-default.webp 1x, https:\/\/www.dienes.de\/wp-content\/uploads\/2020\/09\/linkedin-sales-navigator-Xo65s4yhRSo-unsplash-288x384-c-default.webp 2x\" \/>\n    \n    <img data-src=\"https:\/\/www.dienes.de\/wp-content\/uploads\/2020\/09\/linkedin-sales-navigator-Xo65s4yhRSo-unsplash-144x192-c-default.jpg\"\n         data-lowsrc=\"https:\/\/www.dienes.de\/wp-content\/uploads\/2020\/09\/linkedin-sales-navigator-Xo65s4yhRSo-unsplash-14.4x19.2-c-default.jpg\"\n         data-width=\"144\"\n         data-height=\"192\"\n         data-sizes=\"auto\"\n         class=\"lazyload graphic-teaser-fan__item\"\n                            srcset=\"https:\/\/www.dienes.de\/wp-content\/uploads\/2020\/09\/linkedin-sales-navigator-Xo65s4yhRSo-unsplash-144x192-c-default.jpg 1x, https:\/\/www.dienes.de\/wp-content\/uploads\/2020\/09\/linkedin-sales-navigator-Xo65s4yhRSo-unsplash-288x384-c-default.jpg 2x\"\n                data-srcset=\"https:\/\/www.dienes.de\/wp-content\/uploads\/2020\/09\/linkedin-sales-navigator-Xo65s4yhRSo-unsplash-144x192-c-default.jpg 1x, https:\/\/www.dienes.de\/wp-content\/uploads\/2020\/09\/linkedin-sales-navigator-Xo65s4yhRSo-unsplash-288x384-c-default.jpg 2x\"\n                                        alt=\"L'image montre un client qui rencontre un expert.\"\n                >\n<\/picture>\n\n                                    <picture class=\"\">\n            <source type=\"image\/webp\"\n                data-srcset=\"https:\/\/www.dienes.de\/wp-content\/uploads\/2020\/09\/pexels-linkedin-sales-navigator-2182974-144x192-c-default.webp 1x, https:\/\/www.dienes.de\/wp-content\/uploads\/2020\/09\/pexels-linkedin-sales-navigator-2182974-288x384-c-default.webp 2x\" \/>\n    \n    <img data-src=\"https:\/\/www.dienes.de\/wp-content\/uploads\/2020\/09\/pexels-linkedin-sales-navigator-2182974-144x192-c-default.jpg\"\n         data-lowsrc=\"https:\/\/www.dienes.de\/wp-content\/uploads\/2020\/09\/pexels-linkedin-sales-navigator-2182974-14.4x19.2-c-default.jpg\"\n         data-width=\"144\"\n         data-height=\"192\"\n         data-sizes=\"auto\"\n         class=\"lazyload graphic-teaser-fan__item\"\n                            srcset=\"https:\/\/www.dienes.de\/wp-content\/uploads\/2020\/09\/pexels-linkedin-sales-navigator-2182974-144x192-c-default.jpg 1x, https:\/\/www.dienes.de\/wp-content\/uploads\/2020\/09\/pexels-linkedin-sales-navigator-2182974-288x384-c-default.jpg 2x\"\n                data-srcset=\"https:\/\/www.dienes.de\/wp-content\/uploads\/2020\/09\/pexels-linkedin-sales-navigator-2182974-144x192-c-default.jpg 1x, https:\/\/www.dienes.de\/wp-content\/uploads\/2020\/09\/pexels-linkedin-sales-navigator-2182974-288x384-c-default.jpg 2x\"\n                                        alt=\"a photo montre un op\u00e9rateur de machine d'un client satisfait, qui a \u00e9galement pu augmenter le confort d'utilisation en \"test the best\".\".\"\n                >\n<\/picture>\n\n                                    <\/div>\n    <\/div>\n\n            \n        <div class=\"teaser__link-wrapper\">\n            <a href=\"https:\/\/www.dienes.de\/kontakt\/\" target=\"\" class=\"link \">\n                <span class=\"\">Zum Kontaktformular <\/span>\n            <\/a>\n        <\/div>\n    <\/div>\n","protected":false},"excerpt":{"rendered":"","protected":false},"author":22,"featured_media":0,"parent":0,"menu_order":0,"comment_status":"closed","ping_status":"closed","template":"","meta":{"_acf_changed":false,"footnotes":""},"class_list":["post-14935","page","type-page","status-publish","hentry"],"acf":[],"yoast_head":"<!-- This site is optimized with the Yoast SEO plugin v27.6 - https:\/\/yoast.com\/product\/yoast-seo-wordpress\/ -->\n<title>Vannes liquides - DIENES<\/title>\n<meta name=\"description\" content=\"DIENES propose \u00e9galement des vannes adapt\u00e9es aux milieux liquides. Les vannes pour liquides conviennent, entre autres, aux pompes de pompage et de dosage.\" \/>\n<meta name=\"robots\" content=\"index, follow, max-snippet:-1, max-image-preview:large, max-video-preview:-1\" \/>\n<link rel=\"canonical\" href=\"https:\/\/www.dienes.de\/fr\/ventile-fuer-fluessigkeiten\/\" \/>\n<meta property=\"og:locale\" content=\"fr_FR\" \/>\n<meta property=\"og:type\" content=\"article\" \/>\n<meta property=\"og:title\" content=\"Vannes liquides - DIENES\" \/>\n<meta property=\"og:description\" content=\"DIENES propose \u00e9galement des vannes adapt\u00e9es aux milieux liquides. Les vannes pour liquides conviennent, entre autres, aux pompes de pompage et de dosage.\" \/>\n<meta property=\"og:url\" content=\"https:\/\/www.dienes.de\/fr\/ventile-fuer-fluessigkeiten\/\" \/>\n<meta property=\"og:site_name\" content=\"DIENES\" \/>\n<meta property=\"article:publisher\" content=\"https:\/\/m.facebook.com\/profile.php?id=100063618859102\" \/>\n<meta property=\"article:modified_time\" content=\"2021-05-10T09:21:42+00:00\" \/>\n<meta name=\"twitter:card\" content=\"summary_large_image\" \/>\n<script type=\"application\/ld+json\" class=\"yoast-schema-graph\">{\"@context\":\"https:\\\/\\\/schema.org\",\"@graph\":[{\"@type\":\"WebPage\",\"@id\":\"https:\\\/\\\/www.dienes.de\\\/fr\\\/ventile-fuer-fluessigkeiten\\\/\",\"url\":\"https:\\\/\\\/www.dienes.de\\\/fr\\\/ventile-fuer-fluessigkeiten\\\/\",\"name\":\"Vannes liquides - DIENES\",\"isPartOf\":{\"@id\":\"https:\\\/\\\/www.dienes.de\\\/fr\\\/#website\"},\"datePublished\":\"2020-05-27T12:43:49+00:00\",\"dateModified\":\"2021-05-10T09:21:42+00:00\",\"description\":\"DIENES propose \u00e9galement des vannes adapt\u00e9es aux milieux liquides. Les vannes pour liquides conviennent, entre autres, aux pompes de pompage et de dosage.\",\"breadcrumb\":{\"@id\":\"https:\\\/\\\/www.dienes.de\\\/fr\\\/ventile-fuer-fluessigkeiten\\\/#breadcrumb\"},\"inLanguage\":\"fr-FR\",\"potentialAction\":[{\"@type\":\"ReadAction\",\"target\":[\"https:\\\/\\\/www.dienes.de\\\/fr\\\/ventile-fuer-fluessigkeiten\\\/\"]}]},{\"@type\":\"BreadcrumbList\",\"@id\":\"https:\\\/\\\/www.dienes.de\\\/fr\\\/ventile-fuer-fluessigkeiten\\\/#breadcrumb\",\"itemListElement\":[{\"@type\":\"ListItem\",\"position\":1,\"name\":\"Startseite\",\"item\":\"https:\\\/\\\/www.dienes.de\\\/fr\\\/\"},{\"@type\":\"ListItem\",\"position\":2,\"name\":\"Vannes liquides\"}]},{\"@type\":\"WebSite\",\"@id\":\"https:\\\/\\\/www.dienes.de\\\/fr\\\/#website\",\"url\":\"https:\\\/\\\/www.dienes.de\\\/fr\\\/\",\"name\":\"DIENES\",\"description\":\"DIENES \u2013 WELTKLASSE \u2013 WELTWEIT\",\"publisher\":{\"@id\":\"https:\\\/\\\/www.dienes.de\\\/fr\\\/#organization\"},\"potentialAction\":[{\"@type\":\"SearchAction\",\"target\":{\"@type\":\"EntryPoint\",\"urlTemplate\":\"https:\\\/\\\/www.dienes.de\\\/fr\\\/?s={search_term_string}\"},\"query-input\":{\"@type\":\"PropertyValueSpecification\",\"valueRequired\":true,\"valueName\":\"search_term_string\"}}],\"inLanguage\":\"fr-FR\"},{\"@type\":\"Organization\",\"@id\":\"https:\\\/\\\/www.dienes.de\\\/fr\\\/#organization\",\"name\":\"DIENES Werke f\u00fcr Maschinenteile GmbH & Co. KG\",\"alternateName\":\"DIENES Werke GmbH & Co KG\",\"url\":\"https:\\\/\\\/www.dienes.de\\\/fr\\\/\",\"logo\":{\"@type\":\"ImageObject\",\"inLanguage\":\"fr-FR\",\"@id\":\"https:\\\/\\\/www.dienes.de\\\/fr\\\/#\\\/schema\\\/logo\\\/image\\\/\",\"url\":\"https:\\\/\\\/www.dienes.de\\\/wp-content\\\/uploads\\\/2024\\\/04\\\/Logo-Yoast-SEO.png\",\"contentUrl\":\"https:\\\/\\\/www.dienes.de\\\/wp-content\\\/uploads\\\/2024\\\/04\\\/Logo-Yoast-SEO.png\",\"width\":696,\"height\":696,\"caption\":\"DIENES Werke f\u00fcr Maschinenteile GmbH & Co. KG\"},\"image\":{\"@id\":\"https:\\\/\\\/www.dienes.de\\\/fr\\\/#\\\/schema\\\/logo\\\/image\\\/\"},\"sameAs\":[\"https:\\\/\\\/m.facebook.com\\\/profile.php?id=100063618859102\",\"https:\\\/\\\/www.linkedin.com\\\/company\\\/dienes-werke\\\/\",\"https:\\\/\\\/www.instagram.com\\\/dieneswerke\\\/\"]}]}<\/script>\n<!-- \/ Yoast SEO plugin. -->","yoast_head_json":{"title":"Vannes liquides - DIENES","description":"DIENES propose \u00e9galement des vannes adapt\u00e9es aux milieux liquides. Les vannes pour liquides conviennent, entre autres, aux pompes de pompage et de dosage.","robots":{"index":"index","follow":"follow","max-snippet":"max-snippet:-1","max-image-preview":"max-image-preview:large","max-video-preview":"max-video-preview:-1"},"canonical":"https:\/\/www.dienes.de\/fr\/ventile-fuer-fluessigkeiten\/","og_locale":"fr_FR","og_type":"article","og_title":"Vannes liquides - DIENES","og_description":"DIENES propose \u00e9galement des vannes adapt\u00e9es aux milieux liquides. Les vannes pour liquides conviennent, entre autres, aux pompes de pompage et de dosage.","og_url":"https:\/\/www.dienes.de\/fr\/ventile-fuer-fluessigkeiten\/","og_site_name":"DIENES","article_publisher":"https:\/\/m.facebook.com\/profile.php?id=100063618859102","article_modified_time":"2021-05-10T09:21:42+00:00","twitter_card":"summary_large_image","schema":{"@context":"https:\/\/schema.org","@graph":[{"@type":"WebPage","@id":"https:\/\/www.dienes.de\/fr\/ventile-fuer-fluessigkeiten\/","url":"https:\/\/www.dienes.de\/fr\/ventile-fuer-fluessigkeiten\/","name":"Vannes liquides - DIENES","isPartOf":{"@id":"https:\/\/www.dienes.de\/fr\/#website"},"datePublished":"2020-05-27T12:43:49+00:00","dateModified":"2021-05-10T09:21:42+00:00","description":"DIENES propose \u00e9galement des vannes adapt\u00e9es aux milieux liquides. Les vannes pour liquides conviennent, entre autres, aux pompes de pompage et de dosage.","breadcrumb":{"@id":"https:\/\/www.dienes.de\/fr\/ventile-fuer-fluessigkeiten\/#breadcrumb"},"inLanguage":"fr-FR","potentialAction":[{"@type":"ReadAction","target":["https:\/\/www.dienes.de\/fr\/ventile-fuer-fluessigkeiten\/"]}]},{"@type":"BreadcrumbList","@id":"https:\/\/www.dienes.de\/fr\/ventile-fuer-fluessigkeiten\/#breadcrumb","itemListElement":[{"@type":"ListItem","position":1,"name":"Startseite","item":"https:\/\/www.dienes.de\/fr\/"},{"@type":"ListItem","position":2,"name":"Vannes liquides"}]},{"@type":"WebSite","@id":"https:\/\/www.dienes.de\/fr\/#website","url":"https:\/\/www.dienes.de\/fr\/","name":"DIENES","description":"DIENES \u2013 WELTKLASSE \u2013 WELTWEIT","publisher":{"@id":"https:\/\/www.dienes.de\/fr\/#organization"},"potentialAction":[{"@type":"SearchAction","target":{"@type":"EntryPoint","urlTemplate":"https:\/\/www.dienes.de\/fr\/?s={search_term_string}"},"query-input":{"@type":"PropertyValueSpecification","valueRequired":true,"valueName":"search_term_string"}}],"inLanguage":"fr-FR"},{"@type":"Organization","@id":"https:\/\/www.dienes.de\/fr\/#organization","name":"DIENES Werke f\u00fcr Maschinenteile GmbH & Co. KG","alternateName":"DIENES Werke GmbH & Co KG","url":"https:\/\/www.dienes.de\/fr\/","logo":{"@type":"ImageObject","inLanguage":"fr-FR","@id":"https:\/\/www.dienes.de\/fr\/#\/schema\/logo\/image\/","url":"https:\/\/www.dienes.de\/wp-content\/uploads\/2024\/04\/Logo-Yoast-SEO.png","contentUrl":"https:\/\/www.dienes.de\/wp-content\/uploads\/2024\/04\/Logo-Yoast-SEO.png","width":696,"height":696,"caption":"DIENES Werke f\u00fcr Maschinenteile GmbH & Co. KG"},"image":{"@id":"https:\/\/www.dienes.de\/fr\/#\/schema\/logo\/image\/"},"sameAs":["https:\/\/m.facebook.com\/profile.php?id=100063618859102","https:\/\/www.linkedin.com\/company\/dienes-werke\/","https:\/\/www.instagram.com\/dieneswerke\/"]}]}},"_links":{"self":[{"href":"https:\/\/www.dienes.de\/fr\/wp-json\/wp\/v2\/pages\/14935","targetHints":{"allow":["GET"]}}],"collection":[{"href":"https:\/\/www.dienes.de\/fr\/wp-json\/wp\/v2\/pages"}],"about":[{"href":"https:\/\/www.dienes.de\/fr\/wp-json\/wp\/v2\/types\/page"}],"author":[{"embeddable":true,"href":"https:\/\/www.dienes.de\/fr\/wp-json\/wp\/v2\/users\/22"}],"replies":[{"embeddable":true,"href":"https:\/\/www.dienes.de\/fr\/wp-json\/wp\/v2\/comments?post=14935"}],"version-history":[{"count":0,"href":"https:\/\/www.dienes.de\/fr\/wp-json\/wp\/v2\/pages\/14935\/revisions"}],"wp:attachment":[{"href":"https:\/\/www.dienes.de\/fr\/wp-json\/wp\/v2\/media?parent=14935"}],"curies":[{"name":"wp","href":"https:\/\/api.w.org\/{rel}","templated":true}]}}