{"id":15029,"date":"2020-05-29T12:11:07","date_gmt":"2020-05-29T10:11:07","guid":{"rendered":"https:\/\/www.dienes.de\/teoc\/"},"modified":"2021-05-10T12:08:42","modified_gmt":"2021-05-10T10:08:42","slug":"teoc","status":"publish","type":"page","link":"https:\/\/www.dienes.de\/fr\/innovationen\/teoc\/","title":{"rendered":"TEOC"},"content":{"rendered":"\n<div class=\"wp-block-columns is-layout-flex wp-container-core-columns-is-layout-9d6595d7 wp-block-columns-is-layout-flex\">\n<div class=\"wp-block-column is-layout-flow wp-block-column-is-layout-flow\" style=\"flex-basis:66.66%\">\n<h2 class=\"wp-block-heading\">Qu&rsquo;est-ce que le TEOC ?<\/h2>\n\n\n\n<p>Nous sommes convaincus que les pannes et les dysfonctionnements des machines ne sont jamais al\u00e9atoires. Dans la plupart des cas, cependant, il est difficile de voir le lien. C&rsquo;est g\u00e9n\u00e9ralement le manque d&rsquo;informations et le manque de clart\u00e9. M\u00eame si toutes les informations sont disponibles, elles doivent \u00eatre tri\u00e9es jusqu&rsquo;\u00e0 ce qu&rsquo;une image claire apparaisse. Gr\u00e2ce \u00e0 TEOC, cela est d\u00e9sormais possible rapidement et facilement.<\/p>\n\n\n\n<p>Smart Solutions fonctionne sous la marque TEOC chez DIENES. Intelligentes, car les solutions sont bas\u00e9es sur l&rsquo;analyse des donn\u00e9es relatives aux machines, \u00e0 l&rsquo;environnement et aux services que nos machines livr\u00e9es collectent. Ces donn\u00e9es sont trait\u00e9es et peuvent \u00eatre \u00e9valu\u00e9es selon les besoins.<\/p>\n\n\n\n<p>Les conclusions qui en d\u00e9coulent sont principalement utilis\u00e9es pour l&rsquo;optimisation des processus sur le site du client, pour les op\u00e9rations de service et pour le d\u00e9veloppement.<\/p>\n\n\n\n<h2 class=\"wp-block-heading\">L&rsquo;utilisation de TEOC Smart Solutions<\/h2>\n\n\n\n<p>TEOC Smart Solutions repose sur trois piliers : des actions proactives, un suivi intensif des clients et un d\u00e9veloppement continu. <\/p>\n<\/div>\n\n\n\n<div class=\"wp-block-column is-layout-flow wp-block-column-is-layout-flow\" style=\"flex-basis:33.33%\"><aside class=\"sidebar\">\n    \n            \n        <div class=\"sidebar-box\">\n    \n                            <h3 class=\"headline headline--h3 sidebar-box__headline\">Contactez votre interlocuteur <\/h3>\n\n                                <div class=\"sidebar-contact-details\">\n    <div class=\"sidebar-contact-details__label sidebar-contact-details__name\"><\/div>\n\n    \n    <\/div>\n                                <div>\n    <a href=\"https:\/\/www.dienes.de\/fr\/dienes-kontakt\/\" target=\"\" class=\"sidebar-box__link  link \">\n        <span class=\"link__text\">\n            Vers le formulaire de contact\n        <\/span>\n    <\/a>\n<\/div>\n            <\/div>\n    <\/aside>\n<\/div>\n<\/div>\n\n<div class=\"wp-block-columns is-layout-flex wp-container-core-columns-is-layout-9d6595d7 wp-block-columns-is-layout-flex\">\n<div class=\"wp-block-column is-layout-flow wp-block-column-is-layout-flow\">\n<h3 class=\"wp-block-heading\">Proaktive<\/h3>\n\n\n\n<p>La machine livr\u00e9e au client collecte les donn\u00e9es et permet une analyse en temps r\u00e9el directement sur le site :<\/p>\n\n\n<div class=\"grey-box\">\n    <ul>\n<li>Dashboard zur Visualisierung- Laufzeiterfassung, Status von Sensoren, Schwellenwerte und \u00dcberschreitung<\/li>\n<li>Erkennen von Unregelm\u00e4\u00dfigkeiten vor Ort &#8211; Wartungsinformationen ableiten<\/li>\n<li>St\u00f6rungsmeldungen in Echtzeit &#8211; Alarm per Mail oder Dashboard<\/li>\n<li>Condition Monitoring &#8211; Maschinen\u00fcberwachung in Echtzeit und gezielte Lokalisierung<\/li>\n<\/ul>\n\n<\/div>\n<\/div>\n\n\n\n<div class=\"wp-block-column is-layout-flow wp-block-column-is-layout-flow\">\n<h3 class=\"wp-block-heading\">Customer Care<\/h3>\n\n\n\n<p>Le soutien intelligent des clients et l&rsquo;optimisation constante des processus de production : <\/p>\n\n\n<div class=\"grey-box\">\n    <ul>\n<li>Proaktives Handeln\/ Predictive Maintenance<\/li>\n<li>Einfache Kommunikation<\/li>\n<li>Faktenbasierte Fehleranalyse und Pr\u00e4ventionsma\u00dfnahmen durch permanente oder bedarfsbezogene Datengenerierung<\/li>\n<li>Komponenten werden gezielt nach dem Funktionsstatus ausgetauscht<\/li>\n<\/ul>\n\n<\/div>\n<\/div>\n\n\n\n<div class=\"wp-block-column is-layout-flow wp-block-column-is-layout-flow\">\n<h3 class=\"wp-block-heading\">Research &amp; Development<\/h3>\n\n\n\n<p>Identifier et exploiter le potentiel d&rsquo;innovation rapidement et facilement &#8211; avec les Smart Solutions, cela est possible de mani\u00e8re simple et en temps r\u00e9el :<\/p>\n\n\n<div class=\"grey-box\">\n    <ul>\n<li>Verhalten und Abh\u00e4ngigkeit der individuellen Bauteile werden sichtbar<\/li>\n<li>Berechnungen basieren auf Fakten, das f\u00fchrt zu besseren Produkten und h\u00f6heren Standzeiten<\/li>\n<li>Konstruktion verbessern durch direktes Eingreifen in die Designphase<\/li>\n<li>Service- und Konstruktionskosten senken<\/li>\n<li>Entwicklungszeit optimieren und Serienreife bewerten<\/li>\n<\/ul>\n\n<\/div>\n<\/div>\n<\/div>\n\n<div class=\"wp-block-columns is-layout-flex wp-container-core-columns-is-layout-9d6595d7 wp-block-columns-is-layout-flex\">\n<div class=\"wp-block-column is-layout-flow wp-block-column-is-layout-flow\" style=\"flex-basis:66.66%\">\n<h2 class=\"wp-block-heading\">Vos avantages avec TEOC<\/h2>\n\n\n\n<p>TEOC Smart Solutions permet de faire des pronostics pr\u00e9dictives pour r\u00e9duire les temps d&rsquo;arr\u00eat des machines et augmenter la productivit\u00e9. Afin d&rsquo;augmenter les temps de fonctionnement des couteaux, TEOC affiche les valeurs limites ou les valeurs moyennes, envoie des notifications, agr\u00e8ge les corr\u00e9lations et \u00e9tablit des pr\u00e9visions. L&rsquo;enregistrement continu des donn\u00e9es des param\u00e8tres de coupe et la surveillance automatis\u00e9e de l&rsquo;\u00e9tat des couteaux permettent de tirer des conclusions et d&rsquo;identifier des indicateurs d&rsquo;usure et d&rsquo;autres propri\u00e9t\u00e9s et de les utiliser en cons\u00e9quence pour am\u00e9liorer le processus de coupe. L&rsquo;utilisation est ind\u00e9pendante de l&#8217;emplacement des syst\u00e8mes de coupe. La communication des syst\u00e8mes s&rsquo;effectue au moyen de protocoles courants, normalis\u00e9s et crypt\u00e9s. Sur demande, TEOC peut \u00e9galement \u00eatre propos\u00e9 localement avec une gamme de services optimis\u00e9e.<\/p>\n\n\n\n<p>En d\u00e9tail, TEOC permet au client d&rsquo;obtenir des co\u00fbts de production inf\u00e9rieurs, une qualit\u00e9 de produit sup\u00e9rieure et un savoir-faire accru. Il fournit un soutien polyvalent tout au long de l&rsquo;op\u00e9ration, aide l&rsquo;op\u00e9rateur de la machine \u00e0 g\u00e9rer la ligne et permet une maintenance pr\u00e9dictive.<\/p>\n\n\n\n<blockquote class=\"wp-block-quote is-layout-flow wp-block-quote-is-layout-flow\"><p>\u00c0 l&rsquo;avenir, nous pourrons non seulement dire ce qui \u00e9tait hier, mais aussi ce qui sera demain !<\/p><cite>Rolf Thielen, LDirecteur Technique d&rsquo;automasisation<\/cite><\/blockquote>\n\n\n\n<figure class=\"wp-block-image size-large is-resized\"><img loading=\"lazy\" decoding=\"async\" src=\"https:\/\/www.dienes.de\/wp-content\/uploads\/2020\/09\/TEOC-Datenerfassung-Obermesser-1.png\" alt=\"L'image montre le tableau de bord TEOC visualisant l'acquisition de donn&#xE9;es d'un couteau sup&#xE9;rieur.\" class=\"wp-image-10066\" width=\"971\" height=\"536\" srcset=\"https:\/\/www.dienes.de\/wp-content\/uploads\/2020\/09\/TEOC-Datenerfassung-Obermesser-1.png 793w, https:\/\/www.dienes.de\/wp-content\/uploads\/2020\/09\/TEOC-Datenerfassung-Obermesser-1-300x166.png 300w, https:\/\/www.dienes.de\/wp-content\/uploads\/2020\/09\/TEOC-Datenerfassung-Obermesser-1-768x424.png 768w\" sizes=\"auto, (max-width: 971px) 100vw, 971px\" \/><\/figure>\n\n\n\n<p><\/p>\n<\/div>\n\n\n\n<div class=\"wp-block-column is-layout-flow wp-block-column-is-layout-flow\" style=\"flex-basis:33.33%\"><div class=\"flowchart\">\n    <h3 class=\"headline headline--h3\">Vorgang\/Prozess<\/h3>\n\n            <div class=\"flowchart__item\">\n            <div class=\"flowchart__icon-wrapper\">\n                <div class=\"flowchart__number\">1<\/div>\n                <div class=\"flowchart__icon\"><i class=\"fal fa-database\" aria-hidden=\"true\"><\/i><\/div>\n            <\/div>\n            <div class=\"flowchart__item-text\">Datenerfassung <\/div>\n        <\/div>\n\n            <div class=\"flowchart__item\">\n            <div class=\"flowchart__icon-wrapper\">\n                <div class=\"flowchart__number\">2<\/div>\n                <div class=\"flowchart__icon\"><i class=\"fal fa-stream\" aria-hidden=\"true\"><\/i><\/div>\n            <\/div>\n            <div class=\"flowchart__item-text\">Datenstreaming <\/div>\n        <\/div>\n\n            <div class=\"flowchart__item\">\n            <div class=\"flowchart__icon-wrapper\">\n                <div class=\"flowchart__number\">3<\/div>\n                <div class=\"flowchart__icon\"><i class=\"fal fa-analytics\" aria-hidden=\"true\"><\/i><\/div>\n            <\/div>\n            <div class=\"flowchart__item-text\">Datenverarbeitung <\/div>\n        <\/div>\n\n            <div class=\"flowchart__item\">\n            <div class=\"flowchart__icon-wrapper\">\n                <div class=\"flowchart__number\">4<\/div>\n                <div class=\"flowchart__icon\"><i class=\"fal fa-level-up\" aria-hidden=\"true\"><\/i><\/div>\n            <\/div>\n            <div class=\"flowchart__item-text\">Prozessoptimierung <\/div>\n        <\/div>\n\n    <\/div>\n\n\n\n<figure class=\"wp-block-image size-large\"><img loading=\"lazy\" decoding=\"async\" width=\"827\" height=\"829\" src=\"https:\/\/www.dienes.de\/wp-content\/uploads\/2020\/05\/Roboter.png\" alt=\"Le robot DIENES Dr. Schneider avec un couteau long et un couteau rond dans ses mains.\" class=\"wp-image-4355\" srcset=\"https:\/\/www.dienes.de\/wp-content\/uploads\/2020\/05\/Roboter.png 827w, https:\/\/www.dienes.de\/wp-content\/uploads\/2020\/05\/Roboter-300x300.png 300w, https:\/\/www.dienes.de\/wp-content\/uploads\/2020\/05\/Roboter-150x150.png 150w, https:\/\/www.dienes.de\/wp-content\/uploads\/2020\/05\/Roboter-768x770.png 768w\" sizes=\"auto, (max-width: 827px) 100vw, 827px\" \/><\/figure>\n<\/div>\n<\/div>\n\n<h2 class=\"wp-block-heading\">Cela pourrait \u00e9galement vous int\u00e9resser<\/h2>\n\n\n\n\n<div class=\"teaser-media  teaser-media--block   js-rellax-wrapper \"\n     data-parallax-selector=\".js-parallax-teaser\"\n     data-parallax-breakpoint=\"992\">\n                        <div class=\"teaser-media__image-wrapper lazyload js-parallax-teaser\"\n             data-bg=\"https:\/\/www.dienes.de\/wp-content\/uploads\/2020\/09\/392_Vollautomat-Edelmann.jpg\"\n             data-rellax-speed=\"1\"\n             data-rellax-min=\"-50\"\n             data-rellax-max=\"50\"\n        >\n        <\/div>\n    \n    \n                <div class=\"teaser-media__body-wrapper js-parallax-teaser\"\n         data-rellax-speed=\"1\"\n         data-rellax-min=\"-120\"\n         data-rellax-max=\"120\">\n        <div class=\"teaser-media__body\">\n            <div class=\"teaser-media__content\">\n                <h3 class=\"headline headline--h3 headline--underscore\">Das passende Schneidsystem <\/h3>\n                <p>Informieren Sie sich hier \u00fcber die verf\u00fcgbaren DIENES Schneidsysteme und finden Sie das Passende f\u00fcr ihre Anspr\u00fcche.<\/p>\n\n\n                            <\/div>\n                            <div class=\"teaser-media__link-wrapper teaser-media__link\">\n                        \n    <a href=\"https:\/\/www.dienes.de\/produkte\/schneidsysteme\/\" target=\"\" class=\"button \" title=\"Unsere Schneidsysteme\">\n        <span class=\"\">Unsere Schneidsysteme<\/span>\n    <\/a>\n\n                <\/div>\n                    <\/div>\n    <\/div>\n\n    <\/div>\n\n\n\n\n<div class=\"teaser-media teaser-media--right teaser-media--block   js-rellax-wrapper \"\n     data-parallax-selector=\".js-parallax-teaser\"\n     data-parallax-breakpoint=\"992\">\n                    <div class=\"teaser-media__body-wrapper js-parallax-teaser\"\n         data-rellax-speed=\"1\"\n         data-rellax-min=\"-120\"\n         data-rellax-max=\"120\">\n        <div class=\"teaser-media__body\">\n            <div class=\"teaser-media__content\">\n                <h3 class=\"headline headline--h3 headline--underscore\">Das passende Schneidverfahren <\/h3>\n                <p>Welches Schneidverfahren f\u00fcr Sie am besten geeignet ist, h\u00e4ngt stark von dem Schneidmaterial ab, dass Sie verarbeiten. Erfahren Sie hier mehr zu den einzelnen Schneidverfahren, ihren Vorteilen und f\u00fcr was sie besonders gut geeignet sind.<\/p>\n\n\n                            <\/div>\n                            <div class=\"teaser-media__link-wrapper teaser-media__link\">\n                        \n    <a href=\"https:\/\/www.dienes.de\/entdecken\/schneidverfahren\/\" target=\"\" class=\"button \" title=\"M\u00f6gliche Schneidverfahren\">\n        <span class=\"\">M\u00f6gliche Schneidverfahren<\/span>\n    <\/a>\n\n                <\/div>\n                    <\/div>\n    <\/div>\n\n                    <div class=\"teaser-media__image-wrapper lazyload js-parallax-teaser\"\n             data-bg=\"https:\/\/www.dienes.de\/wp-content\/uploads\/2020\/07\/Spitzaufspitz_2019_06.jpg\"\n             data-rellax-speed=\"1\"\n             data-rellax-min=\"-50\"\n             data-rellax-max=\"50\"\n        >\n        <\/div>\n    \n    \n    <\/div>\n","protected":false},"excerpt":{"rendered":"<p>Qu&rsquo;est-ce que le TEOC ? Nous sommes convaincus que les pannes et les dysfonctionnements des machines ne sont jamais al\u00e9atoires. Dans la plupart des cas, cependant, il est difficile de voir le lien. C&rsquo;est g\u00e9n\u00e9ralement le manque d&rsquo;informations et le manque de clart\u00e9. M\u00eame si toutes les informations sont disponibles, elles doivent \u00eatre tri\u00e9es jusqu&rsquo;\u00e0 [&hellip;]<\/p>\n","protected":false},"author":22,"featured_media":10085,"parent":15316,"menu_order":0,"comment_status":"closed","ping_status":"closed","template":"","meta":{"_acf_changed":false,"footnotes":""},"class_list":["post-15029","page","type-page","status-publish","has-post-thumbnail","hentry"],"acf":[],"yoast_head":"<!-- This site is optimized with the Yoast SEO plugin v27.6 - https:\/\/yoast.com\/product\/yoast-seo-wordpress\/ -->\n<title>TEOC - DIENES<\/title>\n<meta name=\"description\" content=\"TEOC - Smart Solutions de DIENES permet l&#039;acquisition et l&#039;\u00e9valuation des donn\u00e9es en temps r\u00e9el. L&#039;optimisation des processus est plus facile que jamais.\" \/>\n<meta name=\"robots\" content=\"index, follow, max-snippet:-1, max-image-preview:large, max-video-preview:-1\" \/>\n<link rel=\"canonical\" href=\"https:\/\/www.dienes.de\/fr\/innovationen\/teoc\/\" \/>\n<meta property=\"og:locale\" content=\"fr_FR\" \/>\n<meta property=\"og:type\" content=\"article\" \/>\n<meta property=\"og:title\" content=\"TEOC - DIENES\" \/>\n<meta property=\"og:description\" content=\"TEOC - Smart Solutions de DIENES permet l&#039;acquisition et l&#039;\u00e9valuation des donn\u00e9es en temps r\u00e9el. L&#039;optimisation des processus est plus facile que jamais.\" \/>\n<meta property=\"og:url\" content=\"https:\/\/www.dienes.de\/fr\/innovationen\/teoc\/\" \/>\n<meta property=\"og:site_name\" content=\"DIENES\" \/>\n<meta property=\"article:publisher\" content=\"https:\/\/m.facebook.com\/profile.php?id=100063618859102\" \/>\n<meta property=\"article:modified_time\" content=\"2021-05-10T10:08:42+00:00\" \/>\n<meta property=\"og:image\" content=\"https:\/\/www.dienes.de\/wp-content\/uploads\/2020\/09\/TEOC_rgb_1080x1920-e1613127473835.png\" \/>\n\t<meta property=\"og:image:width\" content=\"1080\" \/>\n\t<meta property=\"og:image:height\" content=\"1920\" \/>\n\t<meta property=\"og:image:type\" content=\"image\/png\" \/>\n<meta name=\"twitter:card\" content=\"summary_large_image\" \/>\n<meta name=\"twitter:label1\" content=\"Dur\u00e9e de lecture estim\u00e9e\" \/>\n\t<meta name=\"twitter:data1\" content=\"2 minutes\" \/>\n<script type=\"application\/ld+json\" class=\"yoast-schema-graph\">{\"@context\":\"https:\\\/\\\/schema.org\",\"@graph\":[{\"@type\":\"WebPage\",\"@id\":\"https:\\\/\\\/www.dienes.de\\\/fr\\\/innovationen\\\/teoc\\\/\",\"url\":\"https:\\\/\\\/www.dienes.de\\\/fr\\\/innovationen\\\/teoc\\\/\",\"name\":\"TEOC - DIENES\",\"isPartOf\":{\"@id\":\"https:\\\/\\\/www.dienes.de\\\/fr\\\/#website\"},\"primaryImageOfPage\":{\"@id\":\"https:\\\/\\\/www.dienes.de\\\/fr\\\/innovationen\\\/teoc\\\/#primaryimage\"},\"image\":{\"@id\":\"https:\\\/\\\/www.dienes.de\\\/fr\\\/innovationen\\\/teoc\\\/#primaryimage\"},\"thumbnailUrl\":\"https:\\\/\\\/www.dienes.de\\\/wp-content\\\/uploads\\\/2020\\\/09\\\/TEOC_rgb_1080x1920-e1613127473835.png\",\"datePublished\":\"2020-05-29T10:11:07+00:00\",\"dateModified\":\"2021-05-10T10:08:42+00:00\",\"description\":\"TEOC - Smart Solutions de DIENES permet l'acquisition et l'\u00e9valuation des donn\u00e9es en temps r\u00e9el. L'optimisation des processus est plus facile que jamais.\",\"breadcrumb\":{\"@id\":\"https:\\\/\\\/www.dienes.de\\\/fr\\\/innovationen\\\/teoc\\\/#breadcrumb\"},\"inLanguage\":\"fr-FR\",\"potentialAction\":[{\"@type\":\"ReadAction\",\"target\":[\"https:\\\/\\\/www.dienes.de\\\/fr\\\/innovationen\\\/teoc\\\/\"]}]},{\"@type\":\"ImageObject\",\"inLanguage\":\"fr-FR\",\"@id\":\"https:\\\/\\\/www.dienes.de\\\/fr\\\/innovationen\\\/teoc\\\/#primaryimage\",\"url\":\"https:\\\/\\\/www.dienes.de\\\/wp-content\\\/uploads\\\/2020\\\/09\\\/TEOC_rgb_1080x1920-e1613127473835.png\",\"contentUrl\":\"https:\\\/\\\/www.dienes.de\\\/wp-content\\\/uploads\\\/2020\\\/09\\\/TEOC_rgb_1080x1920-e1613127473835.png\",\"width\":1080,\"height\":1920,\"caption\":\"L'image montre le logo de la marqueTEOC, qui repr\u00e9sente les solutions intelligentes de DIENES.\"},{\"@type\":\"BreadcrumbList\",\"@id\":\"https:\\\/\\\/www.dienes.de\\\/fr\\\/innovationen\\\/teoc\\\/#breadcrumb\",\"itemListElement\":[{\"@type\":\"ListItem\",\"position\":1,\"name\":\"Startseite\",\"item\":\"https:\\\/\\\/www.dienes.de\\\/fr\\\/\"},{\"@type\":\"ListItem\",\"position\":2,\"name\":\"Innovations\",\"item\":\"https:\\\/\\\/www.dienes.de\\\/fr\\\/innovationen\\\/\"},{\"@type\":\"ListItem\",\"position\":3,\"name\":\"TEOC\"}]},{\"@type\":\"WebSite\",\"@id\":\"https:\\\/\\\/www.dienes.de\\\/fr\\\/#website\",\"url\":\"https:\\\/\\\/www.dienes.de\\\/fr\\\/\",\"name\":\"DIENES\",\"description\":\"DIENES \u2013 WELTKLASSE \u2013 WELTWEIT\",\"publisher\":{\"@id\":\"https:\\\/\\\/www.dienes.de\\\/fr\\\/#organization\"},\"potentialAction\":[{\"@type\":\"SearchAction\",\"target\":{\"@type\":\"EntryPoint\",\"urlTemplate\":\"https:\\\/\\\/www.dienes.de\\\/fr\\\/?s={search_term_string}\"},\"query-input\":{\"@type\":\"PropertyValueSpecification\",\"valueRequired\":true,\"valueName\":\"search_term_string\"}}],\"inLanguage\":\"fr-FR\"},{\"@type\":\"Organization\",\"@id\":\"https:\\\/\\\/www.dienes.de\\\/fr\\\/#organization\",\"name\":\"DIENES Werke f\u00fcr Maschinenteile GmbH & Co. KG\",\"alternateName\":\"DIENES Werke GmbH & Co KG\",\"url\":\"https:\\\/\\\/www.dienes.de\\\/fr\\\/\",\"logo\":{\"@type\":\"ImageObject\",\"inLanguage\":\"fr-FR\",\"@id\":\"https:\\\/\\\/www.dienes.de\\\/fr\\\/#\\\/schema\\\/logo\\\/image\\\/\",\"url\":\"https:\\\/\\\/www.dienes.de\\\/wp-content\\\/uploads\\\/2024\\\/04\\\/Logo-Yoast-SEO.png\",\"contentUrl\":\"https:\\\/\\\/www.dienes.de\\\/wp-content\\\/uploads\\\/2024\\\/04\\\/Logo-Yoast-SEO.png\",\"width\":696,\"height\":696,\"caption\":\"DIENES Werke f\u00fcr Maschinenteile GmbH & Co. KG\"},\"image\":{\"@id\":\"https:\\\/\\\/www.dienes.de\\\/fr\\\/#\\\/schema\\\/logo\\\/image\\\/\"},\"sameAs\":[\"https:\\\/\\\/m.facebook.com\\\/profile.php?id=100063618859102\",\"https:\\\/\\\/www.linkedin.com\\\/company\\\/dienes-werke\\\/\",\"https:\\\/\\\/www.instagram.com\\\/dieneswerke\\\/\"]}]}<\/script>\n<!-- \/ Yoast SEO plugin. -->","yoast_head_json":{"title":"TEOC - DIENES","description":"TEOC - Smart Solutions de DIENES permet l'acquisition et l'\u00e9valuation des donn\u00e9es en temps r\u00e9el. L'optimisation des processus est plus facile que jamais.","robots":{"index":"index","follow":"follow","max-snippet":"max-snippet:-1","max-image-preview":"max-image-preview:large","max-video-preview":"max-video-preview:-1"},"canonical":"https:\/\/www.dienes.de\/fr\/innovationen\/teoc\/","og_locale":"fr_FR","og_type":"article","og_title":"TEOC - DIENES","og_description":"TEOC - Smart Solutions de DIENES permet l'acquisition et l'\u00e9valuation des donn\u00e9es en temps r\u00e9el. L'optimisation des processus est plus facile que jamais.","og_url":"https:\/\/www.dienes.de\/fr\/innovationen\/teoc\/","og_site_name":"DIENES","article_publisher":"https:\/\/m.facebook.com\/profile.php?id=100063618859102","article_modified_time":"2021-05-10T10:08:42+00:00","og_image":[{"width":1080,"height":1920,"url":"https:\/\/www.dienes.de\/wp-content\/uploads\/2020\/09\/TEOC_rgb_1080x1920-e1613127473835.png","type":"image\/png"}],"twitter_card":"summary_large_image","twitter_misc":{"Dur\u00e9e de lecture estim\u00e9e":"2 minutes"},"schema":{"@context":"https:\/\/schema.org","@graph":[{"@type":"WebPage","@id":"https:\/\/www.dienes.de\/fr\/innovationen\/teoc\/","url":"https:\/\/www.dienes.de\/fr\/innovationen\/teoc\/","name":"TEOC - DIENES","isPartOf":{"@id":"https:\/\/www.dienes.de\/fr\/#website"},"primaryImageOfPage":{"@id":"https:\/\/www.dienes.de\/fr\/innovationen\/teoc\/#primaryimage"},"image":{"@id":"https:\/\/www.dienes.de\/fr\/innovationen\/teoc\/#primaryimage"},"thumbnailUrl":"https:\/\/www.dienes.de\/wp-content\/uploads\/2020\/09\/TEOC_rgb_1080x1920-e1613127473835.png","datePublished":"2020-05-29T10:11:07+00:00","dateModified":"2021-05-10T10:08:42+00:00","description":"TEOC - Smart Solutions de DIENES permet l'acquisition et l'\u00e9valuation des donn\u00e9es en temps r\u00e9el. L'optimisation des processus est plus facile que jamais.","breadcrumb":{"@id":"https:\/\/www.dienes.de\/fr\/innovationen\/teoc\/#breadcrumb"},"inLanguage":"fr-FR","potentialAction":[{"@type":"ReadAction","target":["https:\/\/www.dienes.de\/fr\/innovationen\/teoc\/"]}]},{"@type":"ImageObject","inLanguage":"fr-FR","@id":"https:\/\/www.dienes.de\/fr\/innovationen\/teoc\/#primaryimage","url":"https:\/\/www.dienes.de\/wp-content\/uploads\/2020\/09\/TEOC_rgb_1080x1920-e1613127473835.png","contentUrl":"https:\/\/www.dienes.de\/wp-content\/uploads\/2020\/09\/TEOC_rgb_1080x1920-e1613127473835.png","width":1080,"height":1920,"caption":"L'image montre le logo de la marqueTEOC, qui repr\u00e9sente les solutions intelligentes de DIENES."},{"@type":"BreadcrumbList","@id":"https:\/\/www.dienes.de\/fr\/innovationen\/teoc\/#breadcrumb","itemListElement":[{"@type":"ListItem","position":1,"name":"Startseite","item":"https:\/\/www.dienes.de\/fr\/"},{"@type":"ListItem","position":2,"name":"Innovations","item":"https:\/\/www.dienes.de\/fr\/innovationen\/"},{"@type":"ListItem","position":3,"name":"TEOC"}]},{"@type":"WebSite","@id":"https:\/\/www.dienes.de\/fr\/#website","url":"https:\/\/www.dienes.de\/fr\/","name":"DIENES","description":"DIENES \u2013 WELTKLASSE \u2013 WELTWEIT","publisher":{"@id":"https:\/\/www.dienes.de\/fr\/#organization"},"potentialAction":[{"@type":"SearchAction","target":{"@type":"EntryPoint","urlTemplate":"https:\/\/www.dienes.de\/fr\/?s={search_term_string}"},"query-input":{"@type":"PropertyValueSpecification","valueRequired":true,"valueName":"search_term_string"}}],"inLanguage":"fr-FR"},{"@type":"Organization","@id":"https:\/\/www.dienes.de\/fr\/#organization","name":"DIENES Werke f\u00fcr Maschinenteile GmbH & Co. KG","alternateName":"DIENES Werke GmbH & Co KG","url":"https:\/\/www.dienes.de\/fr\/","logo":{"@type":"ImageObject","inLanguage":"fr-FR","@id":"https:\/\/www.dienes.de\/fr\/#\/schema\/logo\/image\/","url":"https:\/\/www.dienes.de\/wp-content\/uploads\/2024\/04\/Logo-Yoast-SEO.png","contentUrl":"https:\/\/www.dienes.de\/wp-content\/uploads\/2024\/04\/Logo-Yoast-SEO.png","width":696,"height":696,"caption":"DIENES Werke f\u00fcr Maschinenteile GmbH & Co. KG"},"image":{"@id":"https:\/\/www.dienes.de\/fr\/#\/schema\/logo\/image\/"},"sameAs":["https:\/\/m.facebook.com\/profile.php?id=100063618859102","https:\/\/www.linkedin.com\/company\/dienes-werke\/","https:\/\/www.instagram.com\/dieneswerke\/"]}]}},"_links":{"self":[{"href":"https:\/\/www.dienes.de\/fr\/wp-json\/wp\/v2\/pages\/15029","targetHints":{"allow":["GET"]}}],"collection":[{"href":"https:\/\/www.dienes.de\/fr\/wp-json\/wp\/v2\/pages"}],"about":[{"href":"https:\/\/www.dienes.de\/fr\/wp-json\/wp\/v2\/types\/page"}],"author":[{"embeddable":true,"href":"https:\/\/www.dienes.de\/fr\/wp-json\/wp\/v2\/users\/22"}],"replies":[{"embeddable":true,"href":"https:\/\/www.dienes.de\/fr\/wp-json\/wp\/v2\/comments?post=15029"}],"version-history":[{"count":0,"href":"https:\/\/www.dienes.de\/fr\/wp-json\/wp\/v2\/pages\/15029\/revisions"}],"up":[{"embeddable":true,"href":"https:\/\/www.dienes.de\/fr\/wp-json\/wp\/v2\/pages\/15316"}],"wp:featuredmedia":[{"embeddable":true,"href":"https:\/\/www.dienes.de\/fr\/wp-json\/wp\/v2\/media\/10085"}],"wp:attachment":[{"href":"https:\/\/www.dienes.de\/fr\/wp-json\/wp\/v2\/media?parent=15029"}],"curies":[{"name":"wp","href":"https:\/\/api.w.org\/{rel}","templated":true}]}}