{"id":15316,"date":"2019-11-07T14:20:52","date_gmt":"2019-11-07T13:20:52","guid":{"rendered":"https:\/\/www.dienes.de\/innovationen\/"},"modified":"2021-05-10T11:25:21","modified_gmt":"2021-05-10T09:25:21","slug":"innovationen","status":"publish","type":"page","link":"https:\/\/www.dienes.de\/fr\/innovationen\/","title":{"rendered":"Innovations"},"content":{"rendered":"\n<h2 class=\"wp-block-heading\">L&rsquo;innovation issue de tradition &#8211; nos derni\u00e8res innovations<\/h2>\n\n<p>Les innovations \u00e9num\u00e9r\u00e9es ici ne sont qu&rsquo;une petite s\u00e9lection d&rsquo;id\u00e9es r\u00e9volutionnaires et de solutions aux probl\u00e8mes. Tous sont le r\u00e9sultat d&rsquo;un travail de recherche intensif. En collaboration avec nos clients, nous parvenons \u00e0 d\u00e9velopper des syst\u00e8mes de coupe, des couteaux et des porte-couteaux de la plus haute qualit\u00e9.<\/p>\n<div class=\"teaser-grid\">\n    \n                    <div class=\"teaser-grid__item\">\n            <div class=\"teaser teaser--white teaser--small teaser--shadow-box\">\n                                    <div class=\"teaser__image-wrapper teaser-grid__image-wrapper\">\n                            <figure data-expand=\"1\">\n        <picture class=\"\">\n            <source type=\"image\/webp\"\n                data-srcset=\"https:\/\/www.dienes.de\/wp-content\/uploads\/2020\/03\/209-PSGS-DF-Einstellschieber-Easy-set-700x350-c-default.webp\" \/>\n    \n    <img data-src=\"https:\/\/www.dienes.de\/wp-content\/uploads\/2020\/03\/209-PSGS-DF-Einstellschieber-Easy-set-700x350-c-default.jpg\"\n         data-lowsrc=\"https:\/\/www.dienes.de\/wp-content\/uploads\/2020\/03\/209-PSGS-DF-Einstellschieber-Easy-set-70x35-c-default.jpg\"\n         data-width=\"700\"\n         data-height=\"350\"\n         data-sizes=\"auto\"\n         class=\"lazyload teaser__image\"\n                                        alt=\"Un porte-couteau DIENES avec la glissi\u00e8re de r\u00e9glage Easy Set.\"\n                >\n<\/picture>\n\n    <\/figure>\n\n                    <\/div>\n                                <div class=\"teaser__body\">\n                    <div class=\"headline headline--h3\">Easy Set <\/div>\n                                            <p class=\"teaser__text\">Easy Set ist ein anwenderfreundlicher Messerhalter mit integriertem Einstellschieber. Wie der Name schon sagt, erlaubt Easy Set dem Bediener eine denkbar einfache Messereinstellung. <\/p>\n                                                                <a href=\"https:\/\/www.dienes.de\/innovationen\/dienes-easy-set-positionierung\/\" target=\"\" class=\"link teaser__link\">\n                            <span class=\"link__text\">Mehr zu Easy Set<\/span>\n                        <\/a>\n                                    <\/div>\n            <\/div>\n        <\/div>\n                    <div class=\"teaser-grid__item\">\n            <div class=\"teaser teaser--white teaser--small teaser--shadow-box\">\n                                    <div class=\"teaser__image-wrapper teaser-grid__image-wrapper\">\n                            <figure data-expand=\"1\">\n        <picture class=\"\">\n            <source type=\"image\/webp\"\n                data-srcset=\"https:\/\/www.dienes.de\/wp-content\/uploads\/2020\/07\/SensoControl-1-700x350-c-default.webp\" \/>\n    \n    <img data-src=\"https:\/\/www.dienes.de\/wp-content\/uploads\/2020\/07\/SensoControl-1-700x350-c-default.jpg\"\n         data-lowsrc=\"https:\/\/www.dienes.de\/wp-content\/uploads\/2020\/07\/SensoControl-1-70x35-c-default.jpg\"\n         data-width=\"700\"\n         data-height=\"350\"\n         data-sizes=\"auto\"\n         class=\"lazyload teaser__image\"\n                                        alt=\"Das Bild zeigt ein DIENES Schneidsystem mit dem Messerhalter DS 8 mit der innovativen Tiefeneinstellung Senso Control.\"\n                >\n<\/picture>\n\n    <\/figure>\n\n                    <\/div>\n                                <div class=\"teaser__body\">\n                    <div class=\"headline headline--h3\">Senso Control <\/div>\n                                            <p class=\"teaser__text\">Die innovativen pneumatischen Scherenschnittmesserhalter der Baureihen DS und PSG sind das Ergebnis aus \u00fcber 100 Jahren Erfahrung und Innovationsdenken im Hause DIENES. Nun sind sie auch mit der neusten LED-Tiefeneinstellung Senso plus (LED) verf\u00fcgbar.<\/p>\n                                                                <a href=\"https:\/\/www.dienes.de\/innovationen\/senso-control\/\" target=\"\" class=\"link teaser__link\">\n                            <span class=\"link__text\">Mehr zu Senso Control<\/span>\n                        <\/a>\n                                    <\/div>\n            <\/div>\n        <\/div>\n                    <div class=\"teaser-grid__item\">\n            <div class=\"teaser teaser--white teaser--small teaser--shadow-box\">\n                                    <div class=\"teaser__image-wrapper teaser-grid__image-wrapper\">\n                            <figure data-expand=\"1\">\n        <picture class=\"\">\n            <source type=\"image\/webp\"\n                data-srcset=\"https:\/\/www.dienes.de\/wp-content\/uploads\/2020\/03\/2010_Scherenschnittsystem-mit-Simu-Flash-700x350-c-default.webp 1x, https:\/\/www.dienes.de\/wp-content\/uploads\/2020\/03\/2010_Scherenschnittsystem-mit-Simu-Flash-1400x700-c-default.webp 2x\" \/>\n    \n    <img data-src=\"https:\/\/www.dienes.de\/wp-content\/uploads\/2020\/03\/2010_Scherenschnittsystem-mit-Simu-Flash-700x350-c-default.jpg\"\n         data-lowsrc=\"https:\/\/www.dienes.de\/wp-content\/uploads\/2020\/03\/2010_Scherenschnittsystem-mit-Simu-Flash-70x35-c-default.jpg\"\n         data-width=\"700\"\n         data-height=\"350\"\n         data-sizes=\"auto\"\n         class=\"lazyload teaser__image\"\n                            srcset=\"https:\/\/www.dienes.de\/wp-content\/uploads\/2020\/03\/2010_Scherenschnittsystem-mit-Simu-Flash-700x350-c-default.jpg 1x, https:\/\/www.dienes.de\/wp-content\/uploads\/2020\/03\/2010_Scherenschnittsystem-mit-Simu-Flash-1400x700-c-default.jpg 2x\"\n                data-srcset=\"https:\/\/www.dienes.de\/wp-content\/uploads\/2020\/03\/2010_Scherenschnittsystem-mit-Simu-Flash-700x350-c-default.jpg 1x, https:\/\/www.dienes.de\/wp-content\/uploads\/2020\/03\/2010_Scherenschnittsystem-mit-Simu-Flash-1400x700-c-default.jpg 2x\"\n                                        alt=\"Syst\u00e8me de coupe DIENES SIMU-FLASH pour la d\u00e9coupe par cisaillement du papier et du carton\"\n                >\n<\/picture>\n\n    <\/figure>\n\n                    <\/div>\n                                <div class=\"teaser__body\">\n                    <div class=\"headline headline--h3\">SIMU-FLASH<\/div>\n                                            <p class=\"teaser__text\">Immer dort, wo jede Sekunde beim Formatwechsel z\u00e4hlt, weil die Kapazit\u00e4t knapp ist oder ein kontinuierlicher Prozess weiterl\u00e4uft, ist SIMU-FLASH das Optimum. Unabh\u00e4ngig von der Anzahl der Schneidstationen betr\u00e4gt die Verstellzeit weniger als 15 Sekunden.<\/p>\n                                                                <a href=\"https:\/\/www.dienes.de\/innovationen\/simu-flash-simultane-messerverstellung-in-rekordzeit\/\" target=\"\" class=\"link teaser__link\">\n                            <span class=\"link__text\">Mehr zu SIMU-FLASH<\/span>\n                        <\/a>\n                                    <\/div>\n            <\/div>\n        <\/div>\n                    <div class=\"teaser-grid__item\">\n            <div class=\"teaser teaser--white teaser--small teaser--shadow-box\">\n                                    <div class=\"teaser__image-wrapper teaser-grid__image-wrapper\">\n                            <figure data-expand=\"1\">\n        <picture class=\"\">\n            <source type=\"image\/webp\"\n                data-srcset=\"https:\/\/www.dienes.de\/wp-content\/uploads\/2020\/03\/231_Golden-Slit-700x350-c-default.webp\" \/>\n    \n    <img data-src=\"https:\/\/www.dienes.de\/wp-content\/uploads\/2020\/03\/231_Golden-Slit-700x350-c-default.jpg\"\n         data-lowsrc=\"https:\/\/www.dienes.de\/wp-content\/uploads\/2020\/03\/231_Golden-Slit-70x35-c-default.jpg\"\n         data-width=\"700\"\n         data-height=\"350\"\n         data-sizes=\"auto\"\n         class=\"lazyload teaser__image\"\n                                        alt=\"La photo montre le couteau brevet\u00e9 Golden Slit pour une coupe \u00e9troite.\"\n                >\n<\/picture>\n\n    <\/figure>\n\n                    <\/div>\n                                <div class=\"teaser__body\">\n                    <div class=\"headline headline--h3\">Golden Slit<\/div>\n                                            <p class=\"teaser__text\">Die patentierten, selbstfedernden Golden Slit Kreismesser bieten durch die neuartigen Schlitze im Messer einen Federungseffekt, der Toleranzen und schneidkritische Vibrationen weitestgehend kompensiert. <\/p>\n                                                                <a href=\"https:\/\/www.dienes.de\/innovationen\/golden-slit\/\" target=\"\" class=\"link teaser__link\">\n                            <span class=\"link__text\">Mehr zu Golden Slit<\/span>\n                        <\/a>\n                                    <\/div>\n            <\/div>\n        <\/div>\n    <\/div>\n\n\n<a class=\"teaser teaser--block teaser--white teaser--dots link-container\" href=\"https:\/\/www.dienes.de\/fr\/innovations\/exemples-de-reussite\/erfolgsgeschichte-carl-macher\/\">\n\t\t\t\t<div class=\"teaser__body\">\n\t\t<div class=\"teaser__content\">\n\t\t\t<h2 class=\"headline headline--h2 headline--underscore\">Carl Macher &#8211; Votre nom est notre programme<\/h2>\n\t\t\t<p>\n\t\t\t\tConversion d&rsquo;un rouleau G\u00f6bel U 16 chez Carl Macher H\u00fclsenpapiere \u00e0 un syst\u00e8me de r\u00e9glage automatique des couteaux DIENES. La demande du client \u00e9tait de 61 coupes avec une largeur de coupe de 50 mm, et la conception de la machine devait \u00e9galement rester la m\u00eame.\n\t\t\t<\/p>\n\n\t\t\t<div class=\"teaser__tags\">\n\t\t\t\t\t\t\t\t\t<span class=\"teaser__tag-item tag\">Goebel Roller<\/span>\n\t\t\t\t\t\t\t\t\t<span class=\"teaser__tag-item tag\">Messerverstellsystem<\/span>\n\t\t\t\t\t\t\t\t\t<span class=\"teaser__tag-item tag\">Modernisierung<\/span>\n\t\t\t\t\t\t\t\t\t<span class=\"teaser__tag-item tag\">Schneidanalyse<\/span>\n\t\t\t\t\t\t\t\t\t<span class=\"teaser__tag-item tag\">Senso Control<\/span>\n\t\t\t\t\t\t\t<\/div>\n\n\t\t\t<span class=\"link\">\n\t\t\t\t<span class=\"link__text\">En savoir plus<\/span>\n\t\t\t<\/span>\n\t\t<\/div>\n\t<\/div>\n\n\t\t\t<div class=\"representative-image teaser__image-wrapper teaser__image-wrapper--dots\">\n                <figure data-expand=\"1\">\n        <picture class=\"\">\n            <source type=\"image\/webp\"\n                data-srcset=\"https:\/\/www.dienes.de\/wp-content\/uploads\/2020\/02\/carl-macher-hu\u0308lsenpapiere-logo.webp\" \/>\n    \n    <img data-src=\"https:\/\/www.dienes.de\/wp-content\/uploads\/2020\/02\/carl-macher-hu\u0308lsenpapiere-logo.jpg\"\n         data-lowsrc=\"https:\/\/www.dienes.de\/wp-content\/uploads\/2020\/02\/carl-macher-hu\u0308lsenpapiere-logo.jpg\"\n         data-width=\"1400\"\n         data-height=\"1055\"\n         data-sizes=\"auto\"\n         class=\"lazyload representative-image__image teaser__image\"\n                                        alt=\"carl-macher-sleeve-paper-logo\"\n                >\n<\/picture>\n\n    <\/figure>\n\n    \n    <\/div>\n\n\t<\/a>\n\n\n<a class=\"teaser teaser--block teaser--white teaser--dots link-container\" href=\"https:\/\/www.dienes.de\/fr\/innovations\/exemples-de-reussite\/erfolgsgeschichte-papierfabrik-palm-gmbh-co-kg\/\">\n\t\t\t\t<div class=\"representative-image teaser__image-wrapper teaser__image-wrapper--dots\">\n                <figure data-expand=\"1\">\n        <picture class=\"\">\n            <source type=\"image\/webp\"\n                data-srcset=\"https:\/\/www.dienes.de\/wp-content\/uploads\/2020\/02\/Schneidsystem_DS8-Halter-DC.webp\" \/>\n    \n    <img data-src=\"https:\/\/www.dienes.de\/wp-content\/uploads\/2020\/02\/Schneidsystem_DS8-Halter-DC.jpg\"\n         data-lowsrc=\"https:\/\/www.dienes.de\/wp-content\/uploads\/2020\/02\/Schneidsystem_DS8-Halter-DC.jpg\"\n         data-width=\"1024\"\n         data-height=\"683\"\n         data-sizes=\"auto\"\n         class=\"lazyload representative-image__image teaser__image\"\n                                        alt=\"Un syst\u00e8me de coupe DIENES avec le porte-couteau DS 8 avec Senso Control\"\n                >\n<\/picture>\n\n    <\/figure>\n\n    \n            <img decoding=\"async\" class=\"lazyload teaser__image-logo\" src=\"https:\/\/www.dienes.de\/wp-content\/uploads\/2019\/11\/palm_papierindustrie_logo-lbox-192x96-ffffff.png\" alt=\"das Bild zeigt das Logo der Papierfabrik Palm GmbH &#038; Co. KG.\">\n    <\/div>\n\n\t\t\t<div class=\"teaser__body\">\n\t\t<div class=\"teaser__content\">\n\t\t\t<h2 class=\"headline headline--h2 headline--underscore\">Papeterie Palm GmbH &#038; Co. KG<\/h2>\n\t\t\t<p>\n\t\t\t\tL&rsquo;entreprise Papeterie Palm GmbH &amp; Co. KG est l&rsquo;une des principales entreprises de l&rsquo;industrie papeti\u00e8re europ\u00e9enne. La soci\u00e9t\u00e9 est active dans trois domaines d&rsquo;activit\u00e9. D&rsquo;une part, Palm produit du papier&hellip;\n\t\t\t<\/p>\n\n\t\t\t<div class=\"teaser__tags\">\n\t\t\t\t\t\t\t\t\t<span class=\"teaser__tag-item tag\">Easy Change<\/span>\n\t\t\t\t\t\t\t\t\t<span class=\"teaser__tag-item tag\">Papierindustrie<\/span>\n\t\t\t\t\t\t\t\t\t<span class=\"teaser__tag-item tag\">Scherenschnittmesserhalter<\/span>\n\t\t\t\t\t\t\t\t\t<span class=\"teaser__tag-item tag\">Schneidanalyse<\/span>\n\t\t\t\t\t\t\t\t\t<span class=\"teaser__tag-item tag\">Senso Control<\/span>\n\t\t\t\t\t\t\t<\/div>\n\n\t\t\t<span class=\"link\">\n\t\t\t\t<span class=\"link__text\">En savoir plus<\/span>\n\t\t\t<\/span>\n\t\t<\/div>\n\t<\/div>\n\n\t<\/a>\n\n<div class=\"teaser--block   teaser graphic-teaser\">\n    <div class=\"teaser__content\">\n        <h2 class=\"headline headline--h2 headline--underscore\">Auszeichnungen und Patente<\/h2>\n        <p>Unsere Patente setzen weltweit neue Standards. Schon seit \u00fcber 100 Jahren ist es das Ziel unserer Ingenieure den Schneidprozess\u00a0 effizienter, \u00f6konomischer und sicherer zu machen.<\/p>\n\n    <\/div>\n\n    <div class=\"graphic-teaser__graphic-wrapper\">\n        <div class=\"graphic-teaser__graphic graphic-teaser-fan\">\n                                                <picture class=\"\">\n            <source type=\"image\/webp\"\n                data-srcset=\"https:\/\/www.dienes.de\/wp-content\/uploads\/2019\/11\/01_test_image_pdf-144x192-c-default.webp\" \/>\n    \n    <img data-src=\"https:\/\/www.dienes.de\/wp-content\/uploads\/2019\/11\/01_test_image_pdf-144x192-c-default.jpg\"\n         data-lowsrc=\"https:\/\/www.dienes.de\/wp-content\/uploads\/2019\/11\/01_test_image_pdf-14.4x19.2-c-default.jpg\"\n         data-width=\"144\"\n         data-height=\"192\"\n         data-sizes=\"auto\"\n         class=\"lazyload graphic-teaser-fan__item\"\n                                        alt=\"Les brevets de DIENES \u00e9tablissent des normes mondiales dans le domaine de la d\u00e9coupe.\"\n                >\n<\/picture>\n\n                                    <picture class=\"\">\n            <source type=\"image\/webp\"\n                data-srcset=\"https:\/\/www.dienes.de\/wp-content\/uploads\/2020\/01\/2008-Patent-Quetschmesseranordnung-mit-Wechselhilfe-fuer-das-Quetschmesser-1-800x1175-1-144x192-c-default.webp 1x, https:\/\/www.dienes.de\/wp-content\/uploads\/2020\/01\/2008-Patent-Quetschmesseranordnung-mit-Wechselhilfe-fuer-das-Quetschmesser-1-800x1175-1-288x384-c-default.webp 2x\" \/>\n    \n    <img data-src=\"https:\/\/www.dienes.de\/wp-content\/uploads\/2020\/01\/2008-Patent-Quetschmesseranordnung-mit-Wechselhilfe-fuer-das-Quetschmesser-1-800x1175-1-144x192-c-default.jpg\"\n         data-lowsrc=\"https:\/\/www.dienes.de\/wp-content\/uploads\/2020\/01\/2008-Patent-Quetschmesseranordnung-mit-Wechselhilfe-fuer-das-Quetschmesser-1-800x1175-1-14.4x19.2-c-default.jpg\"\n         data-width=\"144\"\n         data-height=\"192\"\n         data-sizes=\"auto\"\n         class=\"lazyload graphic-teaser-fan__item\"\n                            srcset=\"https:\/\/www.dienes.de\/wp-content\/uploads\/2020\/01\/2008-Patent-Quetschmesseranordnung-mit-Wechselhilfe-fuer-das-Quetschmesser-1-800x1175-1-144x192-c-default.jpg 1x, https:\/\/www.dienes.de\/wp-content\/uploads\/2020\/01\/2008-Patent-Quetschmesseranordnung-mit-Wechselhilfe-fuer-das-Quetschmesser-1-800x1175-1-288x384-c-default.jpg 2x\"\n                data-srcset=\"https:\/\/www.dienes.de\/wp-content\/uploads\/2020\/01\/2008-Patent-Quetschmesseranordnung-mit-Wechselhilfe-fuer-das-Quetschmesser-1-800x1175-1-144x192-c-default.jpg 1x, https:\/\/www.dienes.de\/wp-content\/uploads\/2020\/01\/2008-Patent-Quetschmesseranordnung-mit-Wechselhilfe-fuer-das-Quetschmesser-1-800x1175-1-288x384-c-default.jpg 2x\"\n                                        alt=\"DIENES Certificat de d\u00e9p\u00f4t du mod\u00e8le d'utilit\u00e9.\"\n                >\n<\/picture>\n\n                                    <picture class=\"\">\n            <source type=\"image\/webp\"\n                data-srcset=\"https:\/\/www.dienes.de\/wp-content\/uploads\/2019\/11\/01_test_image_pdf-144x192-c-default.webp\" \/>\n    \n    <img data-src=\"https:\/\/www.dienes.de\/wp-content\/uploads\/2019\/11\/01_test_image_pdf-144x192-c-default.jpg\"\n         data-lowsrc=\"https:\/\/www.dienes.de\/wp-content\/uploads\/2019\/11\/01_test_image_pdf-14.4x19.2-c-default.jpg\"\n         data-width=\"144\"\n         data-height=\"192\"\n         data-sizes=\"auto\"\n         class=\"lazyload graphic-teaser-fan__item\"\n                                        alt=\"Les brevets de DIENES \u00e9tablissent des normes mondiales dans le domaine de la d\u00e9coupe.\"\n                >\n<\/picture>\n\n                                    <\/div>\n    <\/div>\n\n            \n        <div class=\"teaser__link-wrapper\">\n            <a href=\"https:\/\/www.dienes.de\/unternehmen\/zertifikate-normen\/\" target=\"\" class=\"link \">\n                <span class=\"\">Mehr erfahren<\/span>\n            <\/a>\n        <\/div>\n    <\/div>\n","protected":false},"excerpt":{"rendered":"<p>L&rsquo;innovation issue de tradition &#8211; nos derni\u00e8res innovations Les innovations \u00e9num\u00e9r\u00e9es ici ne sont qu&rsquo;une petite s\u00e9lection d&rsquo;id\u00e9es r\u00e9volutionnaires et de solutions aux probl\u00e8mes. Tous sont le r\u00e9sultat d&rsquo;un travail de recherche intensif. En collaboration avec nos clients, nous parvenons \u00e0 d\u00e9velopper des syst\u00e8mes de coupe, des couteaux et des porte-couteaux de la plus haute [&hellip;]<\/p>\n","protected":false},"author":1,"featured_media":0,"parent":0,"menu_order":0,"comment_status":"closed","ping_status":"closed","template":"","meta":{"_acf_changed":false,"footnotes":""},"class_list":["post-15316","page","type-page","status-publish","hentry"],"acf":[],"yoast_head":"<!-- This site is optimized with the Yoast SEO plugin v27.6 - https:\/\/yoast.com\/product\/yoast-seo-wordpress\/ -->\n<title>Innovations - DIENES<\/title>\n<meta name=\"description\" content=\"Depuis la cr\u00e9ation de l&#039;entreprise, DIENES a d\u00e9velopp\u00e9 de nombreuses innovations qui simplifient et optimisent le processus de coupe.\" \/>\n<meta name=\"robots\" content=\"index, follow, max-snippet:-1, max-image-preview:large, max-video-preview:-1\" \/>\n<link rel=\"canonical\" href=\"https:\/\/www.dienes.de\/fr\/innovationen\/\" \/>\n<meta property=\"og:locale\" content=\"fr_FR\" \/>\n<meta property=\"og:type\" content=\"article\" \/>\n<meta property=\"og:title\" content=\"Innovations - DIENES\" \/>\n<meta property=\"og:description\" content=\"Depuis la cr\u00e9ation de l&#039;entreprise, DIENES a d\u00e9velopp\u00e9 de nombreuses innovations qui simplifient et optimisent le processus de coupe.\" \/>\n<meta property=\"og:url\" content=\"https:\/\/www.dienes.de\/fr\/innovationen\/\" \/>\n<meta property=\"og:site_name\" content=\"DIENES\" \/>\n<meta property=\"article:publisher\" content=\"https:\/\/m.facebook.com\/profile.php?id=100063618859102\" \/>\n<meta property=\"article:modified_time\" content=\"2021-05-10T09:25:21+00:00\" \/>\n<meta name=\"twitter:card\" content=\"summary_large_image\" \/>\n<script type=\"application\/ld+json\" class=\"yoast-schema-graph\">{\"@context\":\"https:\\\/\\\/schema.org\",\"@graph\":[{\"@type\":\"WebPage\",\"@id\":\"https:\\\/\\\/www.dienes.de\\\/fr\\\/innovationen\\\/\",\"url\":\"https:\\\/\\\/www.dienes.de\\\/fr\\\/innovationen\\\/\",\"name\":\"Innovations - DIENES\",\"isPartOf\":{\"@id\":\"https:\\\/\\\/www.dienes.de\\\/fr\\\/#website\"},\"datePublished\":\"2019-11-07T13:20:52+00:00\",\"dateModified\":\"2021-05-10T09:25:21+00:00\",\"description\":\"Depuis la cr\u00e9ation de l'entreprise, DIENES a d\u00e9velopp\u00e9 de nombreuses innovations qui simplifient et optimisent le processus de coupe.\",\"breadcrumb\":{\"@id\":\"https:\\\/\\\/www.dienes.de\\\/fr\\\/innovationen\\\/#breadcrumb\"},\"inLanguage\":\"fr-FR\",\"potentialAction\":[{\"@type\":\"ReadAction\",\"target\":[\"https:\\\/\\\/www.dienes.de\\\/fr\\\/innovationen\\\/\"]}]},{\"@type\":\"BreadcrumbList\",\"@id\":\"https:\\\/\\\/www.dienes.de\\\/fr\\\/innovationen\\\/#breadcrumb\",\"itemListElement\":[{\"@type\":\"ListItem\",\"position\":1,\"name\":\"Startseite\",\"item\":\"https:\\\/\\\/www.dienes.de\\\/fr\\\/\"},{\"@type\":\"ListItem\",\"position\":2,\"name\":\"Innovations\"}]},{\"@type\":\"WebSite\",\"@id\":\"https:\\\/\\\/www.dienes.de\\\/fr\\\/#website\",\"url\":\"https:\\\/\\\/www.dienes.de\\\/fr\\\/\",\"name\":\"DIENES\",\"description\":\"DIENES \u2013 WELTKLASSE \u2013 WELTWEIT\",\"publisher\":{\"@id\":\"https:\\\/\\\/www.dienes.de\\\/fr\\\/#organization\"},\"potentialAction\":[{\"@type\":\"SearchAction\",\"target\":{\"@type\":\"EntryPoint\",\"urlTemplate\":\"https:\\\/\\\/www.dienes.de\\\/fr\\\/?s={search_term_string}\"},\"query-input\":{\"@type\":\"PropertyValueSpecification\",\"valueRequired\":true,\"valueName\":\"search_term_string\"}}],\"inLanguage\":\"fr-FR\"},{\"@type\":\"Organization\",\"@id\":\"https:\\\/\\\/www.dienes.de\\\/fr\\\/#organization\",\"name\":\"DIENES Werke f\u00fcr Maschinenteile GmbH & Co. KG\",\"alternateName\":\"DIENES Werke GmbH & Co KG\",\"url\":\"https:\\\/\\\/www.dienes.de\\\/fr\\\/\",\"logo\":{\"@type\":\"ImageObject\",\"inLanguage\":\"fr-FR\",\"@id\":\"https:\\\/\\\/www.dienes.de\\\/fr\\\/#\\\/schema\\\/logo\\\/image\\\/\",\"url\":\"https:\\\/\\\/www.dienes.de\\\/wp-content\\\/uploads\\\/2024\\\/04\\\/Logo-Yoast-SEO.png\",\"contentUrl\":\"https:\\\/\\\/www.dienes.de\\\/wp-content\\\/uploads\\\/2024\\\/04\\\/Logo-Yoast-SEO.png\",\"width\":696,\"height\":696,\"caption\":\"DIENES Werke f\u00fcr Maschinenteile GmbH & Co. KG\"},\"image\":{\"@id\":\"https:\\\/\\\/www.dienes.de\\\/fr\\\/#\\\/schema\\\/logo\\\/image\\\/\"},\"sameAs\":[\"https:\\\/\\\/m.facebook.com\\\/profile.php?id=100063618859102\",\"https:\\\/\\\/www.linkedin.com\\\/company\\\/dienes-werke\\\/\",\"https:\\\/\\\/www.instagram.com\\\/dieneswerke\\\/\"]}]}<\/script>\n<!-- \/ Yoast SEO plugin. -->","yoast_head_json":{"title":"Innovations - DIENES","description":"Depuis la cr\u00e9ation de l'entreprise, DIENES a d\u00e9velopp\u00e9 de nombreuses innovations qui simplifient et optimisent le processus de coupe.","robots":{"index":"index","follow":"follow","max-snippet":"max-snippet:-1","max-image-preview":"max-image-preview:large","max-video-preview":"max-video-preview:-1"},"canonical":"https:\/\/www.dienes.de\/fr\/innovationen\/","og_locale":"fr_FR","og_type":"article","og_title":"Innovations - DIENES","og_description":"Depuis la cr\u00e9ation de l'entreprise, DIENES a d\u00e9velopp\u00e9 de nombreuses innovations qui simplifient et optimisent le processus de coupe.","og_url":"https:\/\/www.dienes.de\/fr\/innovationen\/","og_site_name":"DIENES","article_publisher":"https:\/\/m.facebook.com\/profile.php?id=100063618859102","article_modified_time":"2021-05-10T09:25:21+00:00","twitter_card":"summary_large_image","schema":{"@context":"https:\/\/schema.org","@graph":[{"@type":"WebPage","@id":"https:\/\/www.dienes.de\/fr\/innovationen\/","url":"https:\/\/www.dienes.de\/fr\/innovationen\/","name":"Innovations - DIENES","isPartOf":{"@id":"https:\/\/www.dienes.de\/fr\/#website"},"datePublished":"2019-11-07T13:20:52+00:00","dateModified":"2021-05-10T09:25:21+00:00","description":"Depuis la cr\u00e9ation de l'entreprise, DIENES a d\u00e9velopp\u00e9 de nombreuses innovations qui simplifient et optimisent le processus de coupe.","breadcrumb":{"@id":"https:\/\/www.dienes.de\/fr\/innovationen\/#breadcrumb"},"inLanguage":"fr-FR","potentialAction":[{"@type":"ReadAction","target":["https:\/\/www.dienes.de\/fr\/innovationen\/"]}]},{"@type":"BreadcrumbList","@id":"https:\/\/www.dienes.de\/fr\/innovationen\/#breadcrumb","itemListElement":[{"@type":"ListItem","position":1,"name":"Startseite","item":"https:\/\/www.dienes.de\/fr\/"},{"@type":"ListItem","position":2,"name":"Innovations"}]},{"@type":"WebSite","@id":"https:\/\/www.dienes.de\/fr\/#website","url":"https:\/\/www.dienes.de\/fr\/","name":"DIENES","description":"DIENES \u2013 WELTKLASSE \u2013 WELTWEIT","publisher":{"@id":"https:\/\/www.dienes.de\/fr\/#organization"},"potentialAction":[{"@type":"SearchAction","target":{"@type":"EntryPoint","urlTemplate":"https:\/\/www.dienes.de\/fr\/?s={search_term_string}"},"query-input":{"@type":"PropertyValueSpecification","valueRequired":true,"valueName":"search_term_string"}}],"inLanguage":"fr-FR"},{"@type":"Organization","@id":"https:\/\/www.dienes.de\/fr\/#organization","name":"DIENES Werke f\u00fcr Maschinenteile GmbH & Co. KG","alternateName":"DIENES Werke GmbH & Co KG","url":"https:\/\/www.dienes.de\/fr\/","logo":{"@type":"ImageObject","inLanguage":"fr-FR","@id":"https:\/\/www.dienes.de\/fr\/#\/schema\/logo\/image\/","url":"https:\/\/www.dienes.de\/wp-content\/uploads\/2024\/04\/Logo-Yoast-SEO.png","contentUrl":"https:\/\/www.dienes.de\/wp-content\/uploads\/2024\/04\/Logo-Yoast-SEO.png","width":696,"height":696,"caption":"DIENES Werke f\u00fcr Maschinenteile GmbH & Co. KG"},"image":{"@id":"https:\/\/www.dienes.de\/fr\/#\/schema\/logo\/image\/"},"sameAs":["https:\/\/m.facebook.com\/profile.php?id=100063618859102","https:\/\/www.linkedin.com\/company\/dienes-werke\/","https:\/\/www.instagram.com\/dieneswerke\/"]}]}},"_links":{"self":[{"href":"https:\/\/www.dienes.de\/fr\/wp-json\/wp\/v2\/pages\/15316","targetHints":{"allow":["GET"]}}],"collection":[{"href":"https:\/\/www.dienes.de\/fr\/wp-json\/wp\/v2\/pages"}],"about":[{"href":"https:\/\/www.dienes.de\/fr\/wp-json\/wp\/v2\/types\/page"}],"author":[{"embeddable":true,"href":"https:\/\/www.dienes.de\/fr\/wp-json\/wp\/v2\/users\/1"}],"replies":[{"embeddable":true,"href":"https:\/\/www.dienes.de\/fr\/wp-json\/wp\/v2\/comments?post=15316"}],"version-history":[{"count":0,"href":"https:\/\/www.dienes.de\/fr\/wp-json\/wp\/v2\/pages\/15316\/revisions"}],"wp:attachment":[{"href":"https:\/\/www.dienes.de\/fr\/wp-json\/wp\/v2\/media?parent=15316"}],"curies":[{"name":"wp","href":"https:\/\/api.w.org\/{rel}","templated":true}]}}