{"id":15320,"date":"2020-06-30T15:56:50","date_gmt":"2020-06-30T13:56:50","guid":{"rendered":"https:\/\/www.dienes.de\/aussetzregler-pneumatische-regelungen\/"},"modified":"2021-05-10T15:08:21","modified_gmt":"2021-05-10T13:08:21","slug":"aussetzregler-pneumatische-regelungen","status":"publish","type":"page","link":"https:\/\/www.dienes.de\/fr\/aussetzregler-pneumatische-regelungen\/","title":{"rendered":"R\u00e9glementations pneumatiques"},"content":{"rendered":"<div class=\"tab-system\">\n        <div class=\"tab-system__content\">\n        \n        \n<div class=\"button-nav js-button-navigation tab-system__button-nav\"\n    data-remote-targets-class=\"\">\n    <ul class=\"button-nav__list\">\n                    <li class=\"button-nav__list-item js-button-navigation-tab active\"\n                data-loop-index=\"1\">\n                                <button class=\"button button-nav__button button-tab js-button-navigation-tab-button \">Kompressorregelung<\/button>\n                <div class=\"button-nav__content-wrapper js-button-nav-content-wrapper\">\n                    <div class=\"button-nav__content js-button-nav-content\">\n                                                    <div class=\"post-item\">\n                                                                    <img decoding=\"async\" src=\"https:\/\/www.dienes.de\/wp-content\/uploads\/2021\/01\/Regelungsanordnung-1.jpg\"\n                                         alt=\"Kompressorregelung\"\n                                         class=\"lazyload post-item__image\">\n                                \n                                <div class=\"post-item__content\">\n                                                                            <h3 class=\"headline headline--h3 post-item__headline\">\n                                            Kompressorregelung\n                                        <\/h3>\n                                    \n                                    <div class=\"post-item__text\">\n                                        <p>Die Aufgabe einer Kompressorregelung besteht darin, den F\u00f6rderstrom der wechselnden Entnahme bzw. anfallenden Menge m\u00f6glichst genau anzupassen, denn es liegt klar auf der Hand, dass ein wirtschaftliches Arbeiten nur gew\u00e4hrleistet ist, wenn jeweils nur die tats\u00e4chlich erforderliche Gasmenge verdichtet wird.<\/p>\n<p>Des weiteren muss die Regelung in vielen Mengen noch garantieren, dass beim Anfahren des Maschinensatzes der Verdichter nicht oder nur wenig belastet ist, also auf vollkommenen Leerlauf geschaltet werden kann.<\/p>\n<p>Durch die von DIENES entwickelten und speziell f\u00fcr den jeweiligen Verwendungszweck ausgelegten Regulierungseinrichtungen sind unsere Ingenieure in der Lage, die oben beschriebenen Aufgaben f\u00fcr alle Verdichtertypen und alle m\u00f6glichen Anwendungsbereiche optimal zu l\u00f6sen.<\/p>\n<p>Verf\u00fcgbare Komponenten:<\/p>\n<ul>\n<li>Abhebersysteme f\u00fcr alle verwendeten Saugventiltypen<\/li>\n<li>Aktuatoren zur Bet\u00e4tigung der Abhebersysteme<\/li>\n<li>Aussetzregler f\u00fcr Verwendung bei Abschaltung von Zylindern<\/li>\n<li>Druckverh\u00e4ltnisregler zur Verwendung bei pneumatischen Staudruckregelungen<\/li>\n<\/ul>\n\n                                    <\/div>\n\n                                                                                \n    <a href=\"https:\/\/www.dienes.de\/wp-content\/uploads\/2021\/01\/API-Fragebogen.pdf\" target=\"_blank\" class=\"link teaser__link  post-item__link\" >\n        <span class=\"link__text\">Fragebogen Prozessgas<\/span>\n    <\/a>\n\n                                                                    <\/div>\n                            <\/div>\n                                            <\/div>\n                <\/div>\n            <\/li>\n                    <li class=\"button-nav__list-item js-button-navigation-tab \"\n                data-loop-index=\"2\">\n                                <button class=\"button button-nav__button button-tab js-button-navigation-tab-button \">Aktuatoren<\/button>\n                <div class=\"button-nav__content-wrapper js-button-nav-content-wrapper\">\n                    <div class=\"button-nav__content js-button-nav-content\">\n                                                    <div class=\"post-item\">\n                                                                    <img decoding=\"async\" src=\"https:\/\/www.dienes.de\/wp-content\/uploads\/2021\/01\/Aktuator-Prozessgas.jpg\"\n                                         alt=\"Aktuatoren\"\n                                         class=\"lazyload post-item__image\">\n                                \n                                <div class=\"post-item__content\">\n                                                                            <h3 class=\"headline headline--h3 post-item__headline\">\n                                            Aktuatoren\n                                        <\/h3>\n                                    \n                                    <div class=\"post-item__text\">\n                                        <p>Zur Bet\u00e4tigung von Abhebevorrichtungen zur Leistungsregelung von Saugventilen steht ein System von pneumatisch bet\u00e4tigten DIENES Aktuatoren zur Verf\u00fcgung.<\/p>\n<p>Diese Aktuatoren k\u00f6nnen einfachwirkend, doppeltwirkend und bei geplantem Einsatz mit brennbaren oder toxischen Gasen mit zus\u00e4tzlichem Leckage Anschluss versehen werden.<\/p>\n<p>Die Werkstoffauswahl erfolgt entsprechend den Gegebenheiten des Verdichtungsprozesses passend zum vorliegenden Medium.<\/p>\n\n                                    <\/div>\n\n                                                                    <\/div>\n                            <\/div>\n                                            <\/div>\n                <\/div>\n            <\/li>\n                    <li class=\"button-nav__list-item js-button-navigation-tab \"\n                data-loop-index=\"3\">\n                                <button class=\"button button-nav__button button-tab js-button-navigation-tab-button \">Aussetzregler ARK \/ ARH<\/button>\n                <div class=\"button-nav__content-wrapper js-button-nav-content-wrapper\">\n                    <div class=\"button-nav__content js-button-nav-content\">\n                                                    <div class=\"post-item\">\n                                                                    <img decoding=\"async\" src=\"https:\/\/www.dienes.de\/wp-content\/uploads\/2021\/01\/ARK9_mittel.png\"\n                                         alt=\"Aussetzregler ARK \/ ARH\"\n                                         class=\"lazyload post-item__image\">\n                                \n                                <div class=\"post-item__content\">\n                                                                            <h3 class=\"headline headline--h3 post-item__headline\">\n                                            Aussetzregler ARK \/ ARH\n                                        <\/h3>\n                                    \n                                    <div class=\"post-item__text\">\n                                        <p>DIENES Aussetzregler der Type ARK dienen der Last-Leerlauf-Regelung.<\/p>\n<p>Besonderheit:<br \/>\nBeide Schaltpunkte, der obere f\u00fcr den Leerlauf und der untere f\u00fcr den Lastlauf, sind variabel, unabh\u00e4ngig voneinander einstellbar.<\/p>\n<ul>\n<li>Die Ausf\u00fchrung ARK ist f\u00fcr den normal Druckbereich \u2013 12 Bar vorgesehen<\/li>\n<li>Die Ausf\u00fchrung ARH ist f\u00fcr den erh\u00f6hten Druckbereich \u2013 40 Bar vorgesehen<\/li>\n<\/ul>\n\n                                    <\/div>\n\n                                                                    <\/div>\n                            <\/div>\n                                            <\/div>\n                <\/div>\n            <\/li>\n                    <li class=\"button-nav__list-item js-button-navigation-tab \"\n                data-loop-index=\"4\">\n                                <button class=\"button button-nav__button button-tab js-button-navigation-tab-button \">Druckverh\u00e4ltnisregler<\/button>\n                <div class=\"button-nav__content-wrapper js-button-nav-content-wrapper\">\n                    <div class=\"button-nav__content js-button-nav-content\">\n                                                    <div class=\"post-item\">\n                                                                    <img decoding=\"async\" src=\"https:\/\/www.dienes.de\/wp-content\/uploads\/2020\/05\/Druckverh\u00e4ltnisregler-DV-N-DV-P.png\"\n                                         alt=\"Druckverh\u00e4ltnisregler\"\n                                         class=\"lazyload post-item__image\">\n                                \n                                <div class=\"post-item__content\">\n                                                                            <h3 class=\"headline headline--h3 post-item__headline\">\n                                            Druckverh\u00e4ltnisregler\n                                        <\/h3>\n                                    \n                                    <div class=\"post-item__text\">\n                                        <p>DV-N \/ DV-P<\/p>\n<p>DIENES Druckverh\u00e4ltnisregler mit pneumatische Ansteuerung dienen der Leistungsregelung von Verdichtern wenn keine elektronischen Steuerungen m\u00f6glich sind.<br \/>\nDiese Regler k\u00f6nnen f\u00fcr \u00f6lgeflutete Rotationsverdichter oder auch f\u00fcr Regelungen von Kolbenverdichtern genutzt werden .<\/p>\n<p>DIENES Druckverh\u00e4ltnisregler werden Ansaugreglern und pneumatischen Steuerzylindern an Drosselklappen bzw. pneumatisch bet\u00e4tigten Aktuatoren bei Regelungen von Kolbenverdichtern vorgeschaltet.<br \/>\nSie regeln kontinuierlich die Ansaugmenge abh\u00e4ngig vom Enddruck,<br \/>\npositiv-proportional (DV-P Regler) oder<br \/>\nnegativ-proportional (DV-N Regler).<\/p>\n<p>Der Betriebsdruck ist von au\u00dfen stufenlos einstellbar.<\/p>\n<p>Besonderheit:<\/p>\n<ul>\n<li>stabile, verzugssichere Messinggeh\u00e4use.<\/li>\n<\/ul>\n\n                                    <\/div>\n\n                                                                    <\/div>\n                            <\/div>\n                                            <\/div>\n                <\/div>\n            <\/li>\n            <\/ul>\n<\/div>\n    <\/div>\n<\/div>\n\n\n\n<div class=\"teaser--block   teaser graphic-teaser\">\n    <div class=\"teaser__content\">\n        <h2 class=\"headline headline--h2 headline--underscore\">Leistungsoptimierung durch Wartung und Instandsetzung <\/h2>\n        <p>Die Leistungsf\u00e4higkeit und Wirtschaftlichkeit von Ventilen lassen sich mit verschiedenen Hilfsmitteln verbessern und optimieren. F\u00fcr OEM Kunden sowie f\u00fcr Neuentwicklungen und Verdichteroptimierungen bieten wir Ihnen hierf\u00fcr einen umfassenden Service an.<\/p>\n<p>&nbsp;<\/p>\n\n    <\/div>\n\n    <div class=\"graphic-teaser__graphic-wrapper\">\n        <div class=\"graphic-teaser__graphic graphic-teaser-fan\">\n                                                <picture class=\"\">\n            <source type=\"image\/webp\"\n                data-srcset=\"https:\/\/www.dienes.de\/wp-content\/uploads\/2021\/01\/image-1-144x192-c-default.webp\" \/>\n    \n    <img data-src=\"https:\/\/www.dienes.de\/wp-content\/uploads\/2021\/01\/image-1-144x192-c-default.jpg\"\n         data-lowsrc=\"https:\/\/www.dienes.de\/wp-content\/uploads\/2021\/01\/image-1-14.4x19.2-c-default.jpg\"\n         data-width=\"144\"\n         data-height=\"192\"\n         data-sizes=\"auto\"\n         class=\"lazyload graphic-teaser-fan__item\"\n                                        alt=\"Mit Hilfe einer Computer Simulation kann bei DIENES eine Ventilberechnung durchgef\u00fchrt werden, die zur Ventil-Optimierung beitr\u00e4gt.\"\n                >\n<\/picture>\n\n                                    <picture class=\"\">\n            <source type=\"image\/webp\"\n                data-srcset=\"https:\/\/www.dienes.de\/wp-content\/uploads\/2021\/01\/Stroemungssimulation_0000004A-scaled-144x192-c-default.webp 1x, https:\/\/www.dienes.de\/wp-content\/uploads\/2021\/01\/Stroemungssimulation_0000004A-scaled-288x384-c-default.webp 2x\" \/>\n    \n    <img data-src=\"https:\/\/www.dienes.de\/wp-content\/uploads\/2021\/01\/Stroemungssimulation_0000004A-scaled-144x192-c-default.jpg\"\n         data-lowsrc=\"https:\/\/www.dienes.de\/wp-content\/uploads\/2021\/01\/Stroemungssimulation_0000004A-scaled-14.4x19.2-c-default.jpg\"\n         data-width=\"144\"\n         data-height=\"192\"\n         data-sizes=\"auto\"\n         class=\"lazyload graphic-teaser-fan__item\"\n                            srcset=\"https:\/\/www.dienes.de\/wp-content\/uploads\/2021\/01\/Stroemungssimulation_0000004A-scaled-144x192-c-default.jpg 1x, https:\/\/www.dienes.de\/wp-content\/uploads\/2021\/01\/Stroemungssimulation_0000004A-scaled-288x384-c-default.jpg 2x\"\n                data-srcset=\"https:\/\/www.dienes.de\/wp-content\/uploads\/2021\/01\/Stroemungssimulation_0000004A-scaled-144x192-c-default.jpg 1x, https:\/\/www.dienes.de\/wp-content\/uploads\/2021\/01\/Stroemungssimulation_0000004A-scaled-288x384-c-default.jpg 2x\"\n                                        alt=\"Hier sind zwei Grafiken einer Str\u00f6mungsanalyse zu sehen, die bei DIENES zur Ventil-Optimierung durchgef\u00fchrt wird.\"\n                >\n<\/picture>\n\n                                    <\/div>\n    <\/div>\n\n            \n        <div class=\"teaser__link-wrapper\">\n            <a href=\"https:\/\/www.dienes.de\/service-und-entwicklung\/\" target=\"\" class=\"link \">\n                <span class=\"\">Unser Rundum-Service <\/span>\n            <\/a>\n        <\/div>\n    <\/div>\n\n\n\n<div class=\"teaser--block   teaser graphic-teaser\">\n    <div class=\"teaser__content\">\n        <h2 class=\"headline headline--h2 headline--underscore\">Jetzt Kontakt aufnehmen <\/h2>\n        <p>Sie haben sich ausreichend informiert und m\u00f6chten gerne eine pers\u00f6nliche und individuelle Beratung? Dann nehmen Sie jetzt Kontakt mit unseren Experten auf. Gemeinsam mit Ihnen ermitteln diese welche L\u00f6sung die f\u00fcr sie Optimalste darstellt.<\/p>\n\n    <\/div>\n\n    <div class=\"graphic-teaser__graphic-wrapper\">\n        <div class=\"graphic-teaser__graphic graphic-teaser-fan\">\n                                                <picture class=\"\">\n            <source type=\"image\/webp\"\n                data-srcset=\"https:\/\/www.dienes.de\/wp-content\/uploads\/2020\/09\/linkedin-sales-navigator-Xo65s4yhRSo-unsplash-144x192-c-default.webp 1x, https:\/\/www.dienes.de\/wp-content\/uploads\/2020\/09\/linkedin-sales-navigator-Xo65s4yhRSo-unsplash-288x384-c-default.webp 2x\" \/>\n    \n    <img data-src=\"https:\/\/www.dienes.de\/wp-content\/uploads\/2020\/09\/linkedin-sales-navigator-Xo65s4yhRSo-unsplash-144x192-c-default.jpg\"\n         data-lowsrc=\"https:\/\/www.dienes.de\/wp-content\/uploads\/2020\/09\/linkedin-sales-navigator-Xo65s4yhRSo-unsplash-14.4x19.2-c-default.jpg\"\n         data-width=\"144\"\n         data-height=\"192\"\n         data-sizes=\"auto\"\n         class=\"lazyload graphic-teaser-fan__item\"\n                            srcset=\"https:\/\/www.dienes.de\/wp-content\/uploads\/2020\/09\/linkedin-sales-navigator-Xo65s4yhRSo-unsplash-144x192-c-default.jpg 1x, https:\/\/www.dienes.de\/wp-content\/uploads\/2020\/09\/linkedin-sales-navigator-Xo65s4yhRSo-unsplash-288x384-c-default.jpg 2x\"\n                data-srcset=\"https:\/\/www.dienes.de\/wp-content\/uploads\/2020\/09\/linkedin-sales-navigator-Xo65s4yhRSo-unsplash-144x192-c-default.jpg 1x, https:\/\/www.dienes.de\/wp-content\/uploads\/2020\/09\/linkedin-sales-navigator-Xo65s4yhRSo-unsplash-288x384-c-default.jpg 2x\"\n                                        alt=\"L'image montre un client qui rencontre un expert.\"\n                >\n<\/picture>\n\n                                    <picture class=\"\">\n            <source type=\"image\/webp\"\n                data-srcset=\"https:\/\/www.dienes.de\/wp-content\/uploads\/2020\/09\/pexels-linkedin-sales-navigator-2182974-144x192-c-default.webp 1x, https:\/\/www.dienes.de\/wp-content\/uploads\/2020\/09\/pexels-linkedin-sales-navigator-2182974-288x384-c-default.webp 2x\" \/>\n    \n    <img data-src=\"https:\/\/www.dienes.de\/wp-content\/uploads\/2020\/09\/pexels-linkedin-sales-navigator-2182974-144x192-c-default.jpg\"\n         data-lowsrc=\"https:\/\/www.dienes.de\/wp-content\/uploads\/2020\/09\/pexels-linkedin-sales-navigator-2182974-14.4x19.2-c-default.jpg\"\n         data-width=\"144\"\n         data-height=\"192\"\n         data-sizes=\"auto\"\n         class=\"lazyload graphic-teaser-fan__item\"\n                            srcset=\"https:\/\/www.dienes.de\/wp-content\/uploads\/2020\/09\/pexels-linkedin-sales-navigator-2182974-144x192-c-default.jpg 1x, https:\/\/www.dienes.de\/wp-content\/uploads\/2020\/09\/pexels-linkedin-sales-navigator-2182974-288x384-c-default.jpg 2x\"\n                data-srcset=\"https:\/\/www.dienes.de\/wp-content\/uploads\/2020\/09\/pexels-linkedin-sales-navigator-2182974-144x192-c-default.jpg 1x, https:\/\/www.dienes.de\/wp-content\/uploads\/2020\/09\/pexels-linkedin-sales-navigator-2182974-288x384-c-default.jpg 2x\"\n                                        alt=\"a photo montre un op\u00e9rateur de machine d'un client satisfait, qui a \u00e9galement pu augmenter le confort d'utilisation en \"test the best\".\".\"\n                >\n<\/picture>\n\n                                    <\/div>\n    <\/div>\n\n            \n        <div class=\"teaser__link-wrapper\">\n            <a href=\"https:\/\/www.dienes.de\/kontakt\/\" target=\"\" class=\"link \">\n                <span class=\"\">Zum Kontaktformular <\/span>\n            <\/a>\n        <\/div>\n    <\/div>\n","protected":false},"excerpt":{"rendered":"","protected":false},"author":22,"featured_media":0,"parent":0,"menu_order":0,"comment_status":"closed","ping_status":"closed","template":"","meta":{"_acf_changed":false,"footnotes":""},"class_list":["post-15320","page","type-page","status-publish","hentry"],"acf":[],"yoast_head":"<!-- This site is optimized with the Yoast SEO plugin v27.6 - https:\/\/yoast.com\/product\/yoast-seo-wordpress\/ -->\n<title>R\u00e9glementations pneumatiques - DIENES<\/title>\n<meta name=\"description\" content=\"DIENES propose plusieurs composants pour les commandes pneumatiques. Par exemple, les contr\u00f4les de compresseurs, les accutateurs et les contr\u00f4leurs intermittents.\" \/>\n<meta name=\"robots\" content=\"index, follow, max-snippet:-1, max-image-preview:large, max-video-preview:-1\" \/>\n<link rel=\"canonical\" href=\"https:\/\/www.dienes.de\/fr\/aussetzregler-pneumatische-regelungen\/\" \/>\n<meta property=\"og:locale\" content=\"fr_FR\" \/>\n<meta property=\"og:type\" content=\"article\" \/>\n<meta property=\"og:title\" content=\"R\u00e9glementations pneumatiques - DIENES\" \/>\n<meta property=\"og:description\" content=\"DIENES propose plusieurs composants pour les commandes pneumatiques. Par exemple, les contr\u00f4les de compresseurs, les accutateurs et les contr\u00f4leurs intermittents.\" \/>\n<meta property=\"og:url\" content=\"https:\/\/www.dienes.de\/fr\/aussetzregler-pneumatische-regelungen\/\" \/>\n<meta property=\"og:site_name\" content=\"DIENES\" \/>\n<meta property=\"article:publisher\" content=\"https:\/\/m.facebook.com\/profile.php?id=100063618859102\" \/>\n<meta property=\"article:modified_time\" content=\"2021-05-10T13:08:21+00:00\" \/>\n<meta name=\"twitter:card\" content=\"summary_large_image\" \/>\n<script type=\"application\/ld+json\" class=\"yoast-schema-graph\">{\"@context\":\"https:\\\/\\\/schema.org\",\"@graph\":[{\"@type\":\"WebPage\",\"@id\":\"https:\\\/\\\/www.dienes.de\\\/fr\\\/aussetzregler-pneumatische-regelungen\\\/\",\"url\":\"https:\\\/\\\/www.dienes.de\\\/fr\\\/aussetzregler-pneumatische-regelungen\\\/\",\"name\":\"R\u00e9glementations pneumatiques - DIENES\",\"isPartOf\":{\"@id\":\"https:\\\/\\\/www.dienes.de\\\/fr\\\/#website\"},\"datePublished\":\"2020-06-30T13:56:50+00:00\",\"dateModified\":\"2021-05-10T13:08:21+00:00\",\"description\":\"DIENES propose plusieurs composants pour les commandes pneumatiques. Par exemple, les contr\u00f4les de compresseurs, les accutateurs et les contr\u00f4leurs intermittents.\",\"breadcrumb\":{\"@id\":\"https:\\\/\\\/www.dienes.de\\\/fr\\\/aussetzregler-pneumatische-regelungen\\\/#breadcrumb\"},\"inLanguage\":\"fr-FR\",\"potentialAction\":[{\"@type\":\"ReadAction\",\"target\":[\"https:\\\/\\\/www.dienes.de\\\/fr\\\/aussetzregler-pneumatische-regelungen\\\/\"]}]},{\"@type\":\"BreadcrumbList\",\"@id\":\"https:\\\/\\\/www.dienes.de\\\/fr\\\/aussetzregler-pneumatische-regelungen\\\/#breadcrumb\",\"itemListElement\":[{\"@type\":\"ListItem\",\"position\":1,\"name\":\"Startseite\",\"item\":\"https:\\\/\\\/www.dienes.de\\\/fr\\\/\"},{\"@type\":\"ListItem\",\"position\":2,\"name\":\"R\u00e9glementations pneumatiques\"}]},{\"@type\":\"WebSite\",\"@id\":\"https:\\\/\\\/www.dienes.de\\\/fr\\\/#website\",\"url\":\"https:\\\/\\\/www.dienes.de\\\/fr\\\/\",\"name\":\"DIENES\",\"description\":\"DIENES \u2013 WELTKLASSE \u2013 WELTWEIT\",\"publisher\":{\"@id\":\"https:\\\/\\\/www.dienes.de\\\/fr\\\/#organization\"},\"potentialAction\":[{\"@type\":\"SearchAction\",\"target\":{\"@type\":\"EntryPoint\",\"urlTemplate\":\"https:\\\/\\\/www.dienes.de\\\/fr\\\/?s={search_term_string}\"},\"query-input\":{\"@type\":\"PropertyValueSpecification\",\"valueRequired\":true,\"valueName\":\"search_term_string\"}}],\"inLanguage\":\"fr-FR\"},{\"@type\":\"Organization\",\"@id\":\"https:\\\/\\\/www.dienes.de\\\/fr\\\/#organization\",\"name\":\"DIENES Werke f\u00fcr Maschinenteile GmbH & Co. KG\",\"alternateName\":\"DIENES Werke GmbH & Co KG\",\"url\":\"https:\\\/\\\/www.dienes.de\\\/fr\\\/\",\"logo\":{\"@type\":\"ImageObject\",\"inLanguage\":\"fr-FR\",\"@id\":\"https:\\\/\\\/www.dienes.de\\\/fr\\\/#\\\/schema\\\/logo\\\/image\\\/\",\"url\":\"https:\\\/\\\/www.dienes.de\\\/wp-content\\\/uploads\\\/2024\\\/04\\\/Logo-Yoast-SEO.png\",\"contentUrl\":\"https:\\\/\\\/www.dienes.de\\\/wp-content\\\/uploads\\\/2024\\\/04\\\/Logo-Yoast-SEO.png\",\"width\":696,\"height\":696,\"caption\":\"DIENES Werke f\u00fcr Maschinenteile GmbH & Co. KG\"},\"image\":{\"@id\":\"https:\\\/\\\/www.dienes.de\\\/fr\\\/#\\\/schema\\\/logo\\\/image\\\/\"},\"sameAs\":[\"https:\\\/\\\/m.facebook.com\\\/profile.php?id=100063618859102\",\"https:\\\/\\\/www.linkedin.com\\\/company\\\/dienes-werke\\\/\",\"https:\\\/\\\/www.instagram.com\\\/dieneswerke\\\/\"]}]}<\/script>\n<!-- \/ Yoast SEO plugin. -->","yoast_head_json":{"title":"R\u00e9glementations pneumatiques - DIENES","description":"DIENES propose plusieurs composants pour les commandes pneumatiques. Par exemple, les contr\u00f4les de compresseurs, les accutateurs et les contr\u00f4leurs intermittents.","robots":{"index":"index","follow":"follow","max-snippet":"max-snippet:-1","max-image-preview":"max-image-preview:large","max-video-preview":"max-video-preview:-1"},"canonical":"https:\/\/www.dienes.de\/fr\/aussetzregler-pneumatische-regelungen\/","og_locale":"fr_FR","og_type":"article","og_title":"R\u00e9glementations pneumatiques - DIENES","og_description":"DIENES propose plusieurs composants pour les commandes pneumatiques. Par exemple, les contr\u00f4les de compresseurs, les accutateurs et les contr\u00f4leurs intermittents.","og_url":"https:\/\/www.dienes.de\/fr\/aussetzregler-pneumatische-regelungen\/","og_site_name":"DIENES","article_publisher":"https:\/\/m.facebook.com\/profile.php?id=100063618859102","article_modified_time":"2021-05-10T13:08:21+00:00","twitter_card":"summary_large_image","schema":{"@context":"https:\/\/schema.org","@graph":[{"@type":"WebPage","@id":"https:\/\/www.dienes.de\/fr\/aussetzregler-pneumatische-regelungen\/","url":"https:\/\/www.dienes.de\/fr\/aussetzregler-pneumatische-regelungen\/","name":"R\u00e9glementations pneumatiques - DIENES","isPartOf":{"@id":"https:\/\/www.dienes.de\/fr\/#website"},"datePublished":"2020-06-30T13:56:50+00:00","dateModified":"2021-05-10T13:08:21+00:00","description":"DIENES propose plusieurs composants pour les commandes pneumatiques. Par exemple, les contr\u00f4les de compresseurs, les accutateurs et les contr\u00f4leurs intermittents.","breadcrumb":{"@id":"https:\/\/www.dienes.de\/fr\/aussetzregler-pneumatische-regelungen\/#breadcrumb"},"inLanguage":"fr-FR","potentialAction":[{"@type":"ReadAction","target":["https:\/\/www.dienes.de\/fr\/aussetzregler-pneumatische-regelungen\/"]}]},{"@type":"BreadcrumbList","@id":"https:\/\/www.dienes.de\/fr\/aussetzregler-pneumatische-regelungen\/#breadcrumb","itemListElement":[{"@type":"ListItem","position":1,"name":"Startseite","item":"https:\/\/www.dienes.de\/fr\/"},{"@type":"ListItem","position":2,"name":"R\u00e9glementations pneumatiques"}]},{"@type":"WebSite","@id":"https:\/\/www.dienes.de\/fr\/#website","url":"https:\/\/www.dienes.de\/fr\/","name":"DIENES","description":"DIENES \u2013 WELTKLASSE \u2013 WELTWEIT","publisher":{"@id":"https:\/\/www.dienes.de\/fr\/#organization"},"potentialAction":[{"@type":"SearchAction","target":{"@type":"EntryPoint","urlTemplate":"https:\/\/www.dienes.de\/fr\/?s={search_term_string}"},"query-input":{"@type":"PropertyValueSpecification","valueRequired":true,"valueName":"search_term_string"}}],"inLanguage":"fr-FR"},{"@type":"Organization","@id":"https:\/\/www.dienes.de\/fr\/#organization","name":"DIENES Werke f\u00fcr Maschinenteile GmbH & Co. KG","alternateName":"DIENES Werke GmbH & Co KG","url":"https:\/\/www.dienes.de\/fr\/","logo":{"@type":"ImageObject","inLanguage":"fr-FR","@id":"https:\/\/www.dienes.de\/fr\/#\/schema\/logo\/image\/","url":"https:\/\/www.dienes.de\/wp-content\/uploads\/2024\/04\/Logo-Yoast-SEO.png","contentUrl":"https:\/\/www.dienes.de\/wp-content\/uploads\/2024\/04\/Logo-Yoast-SEO.png","width":696,"height":696,"caption":"DIENES Werke f\u00fcr Maschinenteile GmbH & Co. KG"},"image":{"@id":"https:\/\/www.dienes.de\/fr\/#\/schema\/logo\/image\/"},"sameAs":["https:\/\/m.facebook.com\/profile.php?id=100063618859102","https:\/\/www.linkedin.com\/company\/dienes-werke\/","https:\/\/www.instagram.com\/dieneswerke\/"]}]}},"_links":{"self":[{"href":"https:\/\/www.dienes.de\/fr\/wp-json\/wp\/v2\/pages\/15320","targetHints":{"allow":["GET"]}}],"collection":[{"href":"https:\/\/www.dienes.de\/fr\/wp-json\/wp\/v2\/pages"}],"about":[{"href":"https:\/\/www.dienes.de\/fr\/wp-json\/wp\/v2\/types\/page"}],"author":[{"embeddable":true,"href":"https:\/\/www.dienes.de\/fr\/wp-json\/wp\/v2\/users\/22"}],"replies":[{"embeddable":true,"href":"https:\/\/www.dienes.de\/fr\/wp-json\/wp\/v2\/comments?post=15320"}],"version-history":[{"count":0,"href":"https:\/\/www.dienes.de\/fr\/wp-json\/wp\/v2\/pages\/15320\/revisions"}],"wp:attachment":[{"href":"https:\/\/www.dienes.de\/fr\/wp-json\/wp\/v2\/media?parent=15320"}],"curies":[{"name":"wp","href":"https:\/\/api.w.org\/{rel}","templated":true}]}}