{"id":15325,"date":"2019-11-27T10:56:40","date_gmt":"2019-11-27T09:56:40","guid":{"rendered":"https:\/\/www.dienes.de\/presse\/"},"modified":"2021-05-10T15:09:06","modified_gmt":"2021-05-10T13:09:06","slug":"presse","status":"publish","type":"page","link":"https:\/\/www.dienes.de\/fr\/presse\/","title":{"rendered":"Presse"},"content":{"rendered":"<div class=\"pressemitteilungen\">\n            <h2 class=\"headline headline--h2 headline--underscore pressemitteilungen__headline\">Pressemitteilungen<\/h2>\n    \n    <div class=\"pressemitteilungen__items\">\n                    <div class=\"teaser teaser--white teaser--shadow-box pressemitteilungen__item\">\n                <div class=\"teaser__body\">\n                    <div class=\"teaser__content\">\n                        <span class=\"pressemitteilungen__date\">05.03.2021<\/span>\n\n                        <h3 class=\"headline headline--h3\">Pressemitteilung: Auszeichnung Top Arbeitgeber und Top Ausbilder<\/h3>\n                    <\/div>\n                    <div class=\"teaser__link-wrapper\">\n                        <a class=\"teaser__link icon-button icon-button--download pressemitteilungen__download\" href=\"https:\/\/www.dienes.de\/wp-content\/uploads\/2021\/03\/PM_Top-Arbeitgeber_Ausbilder-1.pdf\" download>\n                            T\u00e9l\u00e9charger (PDF)\n                        <\/a>\n                    <\/div>\n                <\/div>\n            <\/div>\n                    <div class=\"teaser teaser--white teaser--shadow-box pressemitteilungen__item\">\n                <div class=\"teaser__body\">\n                    <div class=\"teaser__content\">\n                        <span class=\"pressemitteilungen__date\">24.02.2021<\/span>\n\n                        <h3 class=\"headline headline--h3\">Pressemitteilung: TEOC \u2013 \u201eThe End Of Coincidences\u201c <\/h3>\n                    <\/div>\n                    <div class=\"teaser__link-wrapper\">\n                        <a class=\"teaser__link icon-button icon-button--download pressemitteilungen__download\" href=\"https:\/\/www.dienes.de\/wp-content\/uploads\/2021\/02\/Pressemitteilung_TEOC-1.pdf\" download>\n                            T\u00e9l\u00e9charger (PDF)\n                        <\/a>\n                    <\/div>\n                <\/div>\n            <\/div>\n                    <div class=\"teaser teaser--white teaser--shadow-box pressemitteilungen__item\">\n                <div class=\"teaser__body\">\n                    <div class=\"teaser__content\">\n                        <span class=\"pressemitteilungen__date\">22.02.2021<\/span>\n\n                        <h3 class=\"headline headline--h3\">Pressemitteilung: Batteriefolie schneiden<\/h3>\n                    <\/div>\n                    <div class=\"teaser__link-wrapper\">\n                        <a class=\"teaser__link icon-button icon-button--download pressemitteilungen__download\" href=\"https:\/\/www.dienes.de\/wp-content\/uploads\/2021\/02\/PM_Battery-Show_-elektrischer-MH-1.pdf\" download>\n                            T\u00e9l\u00e9charger (PDF)\n                        <\/a>\n                    <\/div>\n                <\/div>\n            <\/div>\n                    <div class=\"teaser teaser--white teaser--shadow-box pressemitteilungen__item\">\n                <div class=\"teaser__body\">\n                    <div class=\"teaser__content\">\n                        <span class=\"pressemitteilungen__date\">24.02.2021<\/span>\n\n                        <h3 class=\"headline headline--h3\">Pressemitteilung: Komfort-Tragesystem mit Wellengriff<\/h3>\n                    <\/div>\n                    <div class=\"teaser__link-wrapper\">\n                        <a class=\"teaser__link icon-button icon-button--download pressemitteilungen__download\" href=\"https:\/\/www.dienes.de\/wp-content\/uploads\/2021\/02\/Wellengriff_Pressemitteilung_deutsch-2.pdf\" download>\n                            T\u00e9l\u00e9charger (PDF)\n                        <\/a>\n                    <\/div>\n                <\/div>\n            <\/div>\n                    <div class=\"teaser teaser--white teaser--shadow-box pressemitteilungen__item\">\n                <div class=\"teaser__body\">\n                    <div class=\"teaser__content\">\n                        <span class=\"pressemitteilungen__date\">22.03.2019<\/span>\n\n                        <h3 class=\"headline headline--h3\">Pressemitteilung: Neubau Dienes<\/h3>\n                    <\/div>\n                    <div class=\"teaser__link-wrapper\">\n                        <a class=\"teaser__link icon-button icon-button--download pressemitteilungen__download\" href=\"https:\/\/www.dienes.de\/wp-content\/uploads\/2019\/03\/Pressemitteilug_Neubauten.pdf\" download>\n                            T\u00e9l\u00e9charger (PDF)\n                        <\/a>\n                    <\/div>\n                <\/div>\n            <\/div>\n                    <div class=\"teaser teaser--white teaser--shadow-box pressemitteilungen__item\">\n                <div class=\"teaser__body\">\n                    <div class=\"teaser__content\">\n                        <span class=\"pressemitteilungen__date\">24.02.2021<\/span>\n\n                        <h3 class=\"headline headline--h3\">Flyer DS 8 Easy Change<\/h3>\n                    <\/div>\n                    <div class=\"teaser__link-wrapper\">\n                        <a class=\"teaser__link icon-button icon-button--download pressemitteilungen__download\" href=\"https:\/\/www.dienes.de\/wp-content\/uploads\/2021\/02\/PM_DS-8_Easy-Change-1.pdf\" download>\n                            T\u00e9l\u00e9charger (PDF)\n                        <\/a>\n                    <\/div>\n                <\/div>\n            <\/div>\n                    <div class=\"teaser teaser--white teaser--shadow-box pressemitteilungen__item\">\n                <div class=\"teaser__body\">\n                    <div class=\"teaser__content\">\n                        <span class=\"pressemitteilungen__date\">20.10.2019<\/span>\n\n                        <h3 class=\"headline headline--h3\">Pressemitteilung: K-Messe 2019<\/h3>\n                    <\/div>\n                    <div class=\"teaser__link-wrapper\">\n                        <a class=\"teaser__link icon-button icon-button--download pressemitteilungen__download\" href=\"https:\/\/www.dienes.de\/wp-content\/uploads\/2019\/10\/PM_K-2019.pdf\" download>\n                            T\u00e9l\u00e9charger (PDF)\n                        <\/a>\n                    <\/div>\n                <\/div>\n            <\/div>\n                    <div class=\"teaser teaser--white teaser--shadow-box pressemitteilungen__item\">\n                <div class=\"teaser__body\">\n                    <div class=\"teaser__content\">\n                        <span class=\"pressemitteilungen__date\">15.09.2019<\/span>\n\n                        <h3 class=\"headline headline--h3\">Pressemitteilung: Labelexpo 2019<\/h3>\n                    <\/div>\n                    <div class=\"teaser__link-wrapper\">\n                        <a class=\"teaser__link icon-button icon-button--download pressemitteilungen__download\" href=\"https:\/\/www.dienes.de\/wp-content\/uploads\/2019\/09\/PM_Labelexpo2019.pdf\" download>\n                            T\u00e9l\u00e9charger (PDF)\n                        <\/a>\n                    <\/div>\n                <\/div>\n            <\/div>\n                    <div class=\"teaser teaser--white teaser--shadow-box pressemitteilungen__item\">\n                <div class=\"teaser__body\">\n                    <div class=\"teaser__content\">\n                        <span class=\"pressemitteilungen__date\">25.06.2019<\/span>\n\n                        <h3 class=\"headline headline--h3\">Pressemitteilung: Zellcheming 2019<\/h3>\n                    <\/div>\n                    <div class=\"teaser__link-wrapper\">\n                        <a class=\"teaser__link icon-button icon-button--download pressemitteilungen__download\" href=\"https:\/\/www.dienes.de\/wp-content\/uploads\/2019\/06\/PM_Zellcheming_2019.pdf\" download>\n                            T\u00e9l\u00e9charger (PDF)\n                        <\/a>\n                    <\/div>\n                <\/div>\n            <\/div>\n                    <div class=\"teaser teaser--white teaser--shadow-box pressemitteilungen__item\">\n                <div class=\"teaser__body\">\n                    <div class=\"teaser__content\">\n                        <span class=\"pressemitteilungen__date\">07.03.2019<\/span>\n\n                        <h3 class=\"headline headline--h3\">Pressemitteilung: ICE 2019<\/h3>\n                    <\/div>\n                    <div class=\"teaser__link-wrapper\">\n                        <a class=\"teaser__link icon-button icon-button--download pressemitteilungen__download\" href=\"https:\/\/www.dienes.de\/wp-content\/uploads\/2019\/03\/Pressemitteilung_ICE_2019.pdf\" download>\n                            T\u00e9l\u00e9charger \n                        <\/a>\n                    <\/div>\n                <\/div>\n            <\/div>\n                    <div class=\"teaser teaser--white teaser--shadow-box pressemitteilungen__item\">\n                <div class=\"teaser__body\">\n                    <div class=\"teaser__content\">\n                        <span class=\"pressemitteilungen__date\">25.06.2018<\/span>\n\n                        <h3 class=\"headline headline--h3\">Pressemitteilung: German Brand Award<\/h3>\n                    <\/div>\n                    <div class=\"teaser__link-wrapper\">\n                        <a class=\"teaser__link icon-button icon-button--download pressemitteilungen__download\" href=\"https:\/\/www.dienes.de\/wp-content\/uploads\/2018\/06\/Pressemitteilung-German-Brand-Award.pdf\" download>\n                            T\u00e9l\u00e9charger (PDF)\n                        <\/a>\n                    <\/div>\n                <\/div>\n            <\/div>\n            <\/div>\n<\/div>\n\n<div class=\"wp-block-columns is-layout-flex wp-container-core-columns-is-layout-9d6595d7 wp-block-columns-is-layout-flex\">\n<div class=\"wp-block-column is-layout-flow wp-block-column-is-layout-flow\">\n<h3 class=\"wp-block-heading\"><strong>Themen im<\/strong> <strong>DIENES Blog<\/strong><\/h3>\n\n\n\n<ul class=\"wp-block-list\"><li><a href=\"https:\/\/www.dienes.de\/dienes-blog\/dienes-hautnah\/die-dienes-gruppe-investiert\/\">Die Dienes Gruppe investiert<\/a><\/li><\/ul>\n<\/div>\n\n\n\n<div class=\"wp-block-column is-layout-flow wp-block-column-is-layout-flow\"><\/div>\n<\/div>\n<div class=\"presse-kit\">\n            <h2 class=\"headline headline--h2 headline--underscore presse-kit__headline\">Presse-Kit<\/h2>\n    \n    <div class=\"teaser-grid presse-kit__grid\">\n                    <div class=\"teaser-grid__item presse-kit__grid-item\">\n                <div class=\"teaser teaser--compact teaser--white teaser--shadow-box presse-kit__teaser\">\n                    <div class=\"teaser__image-wrapper\">\n                        <picture class=\"\">\n            <source type=\"image\/jpeg\"\n                data-srcset=\"\" \/>\n    \n    <img data-src=\"\"\n         data-lowsrc=\"\"\n         data-width=\"384\"\n         data-height=\"128\"\n         data-sizes=\"auto\"\n         class=\"lazyload \"\n                            >\n<\/picture>\n\n                    <\/div>\n                    <div class=\"teaser__body\">\n                        <div class=\"teaser__content\">\n                            <h3 class=\"headline headline--h3\">Unternehmensprofil<\/h3>\n\n                            <a class=\"teaser__link icon-button icon-button--download presse-kit__download\" href=\"https:\/\/www.dienes.de\/wp-content\/uploads\/2021\/02\/DIENES-Unternehmensprofil-1.pdf\" download>\n                                T\u00e9l\u00e9charger (PDF)\n                            <\/a>\n                        <\/div>\n                    <\/div>\n                <\/div>\n            <\/div>\n                    <div class=\"teaser-grid__item presse-kit__grid-item\">\n                <div class=\"teaser teaser--compact teaser--white teaser--shadow-box presse-kit__teaser\">\n                    <div class=\"teaser__image-wrapper\">\n                        <picture class=\"\">\n            <source type=\"image\/jpeg\"\n                data-srcset=\"\" \/>\n    \n    <img data-src=\"\"\n         data-lowsrc=\"\"\n         data-width=\"384\"\n         data-height=\"128\"\n         data-sizes=\"auto\"\n         class=\"lazyload \"\n                            >\n<\/picture>\n\n                    <\/div>\n                    <div class=\"teaser__body\">\n                        <div class=\"teaser__content\">\n                            <h3 class=\"headline headline--h3\">Unternehmensgeschichte<\/h3>\n\n                            <a class=\"teaser__link icon-button icon-button--download presse-kit__download\" href=\"https:\/\/www.dienes.de\/wp-content\/uploads\/2021\/02\/Unternehmensgeschichte-1.pdf\" download>\n                                T\u00e9l\u00e9charger (PDF)\n                            <\/a>\n                        <\/div>\n                    <\/div>\n                <\/div>\n            <\/div>\n            <\/div>\n<\/div>\n\n<div style=\"height:27px\" aria-hidden=\"true\" class=\"wp-block-spacer\"><\/div>\n\n<div class=\"teaser--block   teaser graphic-teaser\">\n    <div class=\"teaser__content\">\n        <h2 class=\"headline headline--h2 headline--underscore\">Noch mehr zum downloaden<\/h2>\n        <p>Hier finden Sie unsere Brosch\u00fcren, Flyer und Datenbl\u00e4tter zum Download.<\/p>\n\n    <\/div>\n\n    <div class=\"graphic-teaser__graphic-wrapper\">\n        <div class=\"graphic-teaser__graphic graphic-teaser-fan\">\n                                                <picture class=\"\">\n            <source type=\"image\/jpeg\"\n                data-srcset=\"\" \/>\n    \n    <img data-src=\"\"\n         data-lowsrc=\"\"\n         data-width=\"144\"\n         data-height=\"192\"\n         data-sizes=\"auto\"\n         class=\"lazyload graphic-teaser-fan__item\"\n                            >\n<\/picture>\n\n                                    <picture class=\"\">\n            <source type=\"image\/jpeg\"\n                data-srcset=\"\" \/>\n    \n    <img data-src=\"\"\n         data-lowsrc=\"\"\n         data-width=\"144\"\n         data-height=\"192\"\n         data-sizes=\"auto\"\n         class=\"lazyload graphic-teaser-fan__item\"\n                            >\n<\/picture>\n\n                                    <picture class=\"\">\n            <source type=\"image\/jpeg\"\n                data-srcset=\"\" \/>\n    \n    <img data-src=\"\"\n         data-lowsrc=\"\"\n         data-width=\"144\"\n         data-height=\"192\"\n         data-sizes=\"auto\"\n         class=\"lazyload graphic-teaser-fan__item\"\n                            >\n<\/picture>\n\n                                    <\/div>\n    <\/div>\n\n            \n        <div class=\"teaser__link-wrapper\">\n            <a href=\"https:\/\/www.dienes.de\/downloads\/\" target=\"\" class=\"link \">\n                <span class=\"\">Downloads<\/span>\n            <\/a>\n        <\/div>\n    <\/div>\n\n<div style=\"height:21px\" aria-hidden=\"true\" class=\"wp-block-spacer\"><\/div>\n\n\n\n\n<div class=\"teaser-media  teaser-media--block   js-rellax-wrapper \"\n     data-parallax-selector=\".js-parallax-teaser\"\n     data-parallax-breakpoint=\"992\">\n                        <div class=\"teaser-media__image-wrapper lazyload js-parallax-teaser\"\n             data-bg=\"https:\/\/www.dienes.de\/wp-content\/uploads\/2021\/02\/Rudolf-und-Miriam-Supe-Dienes.jpg\"\n             data-rellax-speed=\"1\"\n             data-rellax-min=\"-50\"\n             data-rellax-max=\"50\"\n        >\n        <\/div>\n    \n    \n                <div class=\"teaser-media__body-wrapper js-parallax-teaser\"\n         data-rellax-speed=\"1\"\n         data-rellax-min=\"-120\"\n         data-rellax-max=\"120\">\n        <div class=\"teaser-media__body\">\n            <div class=\"teaser-media__content\">\n                <h3 class=\"headline headline--h3 headline--underscore\">Familienunternehmen seit \u00fcber 100 Jahren <\/h3>\n                <p>Das Traditionsunternehmen DIENES wurde im Jahr 1913 von Karl Rudolf Dienes in Remscheid gegr\u00fcndet. Und schon damals war es das Ziel, die Schneidprodukte- und entwicklungen exakt den Anforderungsbereichen der Kunden anzupassen.<\/p>\n\n\n                            <\/div>\n                            <div class=\"teaser-media__link-wrapper teaser-media__link\">\n                        \n    <a href=\"https:\/\/www.dienes.de\/unternehmen\/ueber-dienes\/\" target=\"\" class=\"link \" >\n        <span class=\"link__text\">\u00dcber DIENES<\/span>\n    <\/a>\n\n                <\/div>\n                    <\/div>\n    <\/div>\n\n    <\/div>\n\n\n\n\n<div class=\"teaser-media teaser-media--right teaser-media--block   js-rellax-wrapper \"\n     data-parallax-selector=\".js-parallax-teaser\"\n     data-parallax-breakpoint=\"992\">\n                    <div class=\"teaser-media__body-wrapper js-parallax-teaser\"\n         data-rellax-speed=\"1\"\n         data-rellax-min=\"-120\"\n         data-rellax-max=\"120\">\n        <div class=\"teaser-media__body\">\n            <div class=\"teaser-media__content\">\n                <h3 class=\"headline headline--h3 headline--underscore\">10 gute Gr\u00fcnde<\/h3>\n                <p>DIENES ist der weltweit f\u00fchrende Hersteller und Komplettanbieter von industriellen Schneidwerkzeugen sowie l\u00f6sungsorientierten Schneidsystemen. Und das hat seine guten Gr\u00fcnde. Genau genommen zehn, die unsere Kunden immer weiter nach vorne bringen.<\/p>\n\n\n                            <\/div>\n                            <div class=\"teaser-media__link-wrapper teaser-media__link\">\n                        \n    <a href=\"https:\/\/www.dienes.de\/10-gute-gruende\/\" target=\"\" class=\"link \" >\n        <span class=\"link__text\">Die 10 Gute Gr\u00fcnde<\/span>\n    <\/a>\n\n                <\/div>\n                    <\/div>\n    <\/div>\n\n            \n    \n    <\/div>\n","protected":false},"excerpt":{"rendered":"<p>Themen im DIENES Blog Die Dienes Gruppe investiert<\/p>\n","protected":false},"author":1,"featured_media":0,"parent":0,"menu_order":0,"comment_status":"closed","ping_status":"closed","template":"","meta":{"_acf_changed":false,"footnotes":""},"class_list":["post-15325","page","type-page","status-publish","hentry"],"acf":[],"yoast_head":"<!-- This site is optimized with the Yoast SEO plugin v27.5 - https:\/\/yoast.com\/product\/yoast-seo-wordpress\/ -->\n<title>Presse - DIENES<\/title>\n<meta name=\"robots\" content=\"index, follow, max-snippet:-1, max-image-preview:large, max-video-preview:-1\" \/>\n<link rel=\"canonical\" href=\"https:\/\/www.dienes.de\/fr\/presse\/\" \/>\n<meta property=\"og:locale\" content=\"fr_FR\" \/>\n<meta property=\"og:type\" content=\"article\" \/>\n<meta property=\"og:title\" content=\"Presse - DIENES\" \/>\n<meta property=\"og:description\" content=\"Themen im DIENES Blog Die Dienes Gruppe investiert\" \/>\n<meta property=\"og:url\" content=\"https:\/\/www.dienes.de\/fr\/presse\/\" \/>\n<meta property=\"og:site_name\" content=\"DIENES\" \/>\n<meta property=\"article:publisher\" content=\"https:\/\/m.facebook.com\/profile.php?id=100063618859102\" \/>\n<meta property=\"article:modified_time\" content=\"2021-05-10T13:09:06+00:00\" \/>\n<meta name=\"twitter:card\" content=\"summary_large_image\" \/>\n<script type=\"application\/ld+json\" class=\"yoast-schema-graph\">{\"@context\":\"https:\\\/\\\/schema.org\",\"@graph\":[{\"@type\":\"WebPage\",\"@id\":\"https:\\\/\\\/www.dienes.de\\\/fr\\\/presse\\\/\",\"url\":\"https:\\\/\\\/www.dienes.de\\\/fr\\\/presse\\\/\",\"name\":\"Presse - DIENES\",\"isPartOf\":{\"@id\":\"https:\\\/\\\/www.dienes.de\\\/fr\\\/#website\"},\"datePublished\":\"2019-11-27T09:56:40+00:00\",\"dateModified\":\"2021-05-10T13:09:06+00:00\",\"breadcrumb\":{\"@id\":\"https:\\\/\\\/www.dienes.de\\\/fr\\\/presse\\\/#breadcrumb\"},\"inLanguage\":\"fr-FR\",\"potentialAction\":[{\"@type\":\"ReadAction\",\"target\":[\"https:\\\/\\\/www.dienes.de\\\/fr\\\/presse\\\/\"]}]},{\"@type\":\"BreadcrumbList\",\"@id\":\"https:\\\/\\\/www.dienes.de\\\/fr\\\/presse\\\/#breadcrumb\",\"itemListElement\":[{\"@type\":\"ListItem\",\"position\":1,\"name\":\"Startseite\",\"item\":\"https:\\\/\\\/www.dienes.de\\\/fr\\\/\"},{\"@type\":\"ListItem\",\"position\":2,\"name\":\"Presse\"}]},{\"@type\":\"WebSite\",\"@id\":\"https:\\\/\\\/www.dienes.de\\\/fr\\\/#website\",\"url\":\"https:\\\/\\\/www.dienes.de\\\/fr\\\/\",\"name\":\"DIENES\",\"description\":\"DIENES \u2013 WELTKLASSE \u2013 WELTWEIT\",\"publisher\":{\"@id\":\"https:\\\/\\\/www.dienes.de\\\/fr\\\/#organization\"},\"potentialAction\":[{\"@type\":\"SearchAction\",\"target\":{\"@type\":\"EntryPoint\",\"urlTemplate\":\"https:\\\/\\\/www.dienes.de\\\/fr\\\/?s={search_term_string}\"},\"query-input\":{\"@type\":\"PropertyValueSpecification\",\"valueRequired\":true,\"valueName\":\"search_term_string\"}}],\"inLanguage\":\"fr-FR\"},{\"@type\":\"Organization\",\"@id\":\"https:\\\/\\\/www.dienes.de\\\/fr\\\/#organization\",\"name\":\"DIENES Werke f\u00fcr Maschinenteile GmbH & Co. KG\",\"alternateName\":\"DIENES Werke GmbH & Co KG\",\"url\":\"https:\\\/\\\/www.dienes.de\\\/fr\\\/\",\"logo\":{\"@type\":\"ImageObject\",\"inLanguage\":\"fr-FR\",\"@id\":\"https:\\\/\\\/www.dienes.de\\\/fr\\\/#\\\/schema\\\/logo\\\/image\\\/\",\"url\":\"https:\\\/\\\/www.dienes.de\\\/wp-content\\\/uploads\\\/2024\\\/04\\\/Logo-Yoast-SEO.png\",\"contentUrl\":\"https:\\\/\\\/www.dienes.de\\\/wp-content\\\/uploads\\\/2024\\\/04\\\/Logo-Yoast-SEO.png\",\"width\":696,\"height\":696,\"caption\":\"DIENES Werke f\u00fcr Maschinenteile GmbH & Co. KG\"},\"image\":{\"@id\":\"https:\\\/\\\/www.dienes.de\\\/fr\\\/#\\\/schema\\\/logo\\\/image\\\/\"},\"sameAs\":[\"https:\\\/\\\/m.facebook.com\\\/profile.php?id=100063618859102\",\"https:\\\/\\\/www.linkedin.com\\\/company\\\/dienes-werke\\\/\",\"https:\\\/\\\/www.instagram.com\\\/dieneswerke\\\/\"]}]}<\/script>\n<!-- \/ Yoast SEO plugin. -->","yoast_head_json":{"title":"Presse - DIENES","robots":{"index":"index","follow":"follow","max-snippet":"max-snippet:-1","max-image-preview":"max-image-preview:large","max-video-preview":"max-video-preview:-1"},"canonical":"https:\/\/www.dienes.de\/fr\/presse\/","og_locale":"fr_FR","og_type":"article","og_title":"Presse - DIENES","og_description":"Themen im DIENES Blog Die Dienes Gruppe investiert","og_url":"https:\/\/www.dienes.de\/fr\/presse\/","og_site_name":"DIENES","article_publisher":"https:\/\/m.facebook.com\/profile.php?id=100063618859102","article_modified_time":"2021-05-10T13:09:06+00:00","twitter_card":"summary_large_image","schema":{"@context":"https:\/\/schema.org","@graph":[{"@type":"WebPage","@id":"https:\/\/www.dienes.de\/fr\/presse\/","url":"https:\/\/www.dienes.de\/fr\/presse\/","name":"Presse - DIENES","isPartOf":{"@id":"https:\/\/www.dienes.de\/fr\/#website"},"datePublished":"2019-11-27T09:56:40+00:00","dateModified":"2021-05-10T13:09:06+00:00","breadcrumb":{"@id":"https:\/\/www.dienes.de\/fr\/presse\/#breadcrumb"},"inLanguage":"fr-FR","potentialAction":[{"@type":"ReadAction","target":["https:\/\/www.dienes.de\/fr\/presse\/"]}]},{"@type":"BreadcrumbList","@id":"https:\/\/www.dienes.de\/fr\/presse\/#breadcrumb","itemListElement":[{"@type":"ListItem","position":1,"name":"Startseite","item":"https:\/\/www.dienes.de\/fr\/"},{"@type":"ListItem","position":2,"name":"Presse"}]},{"@type":"WebSite","@id":"https:\/\/www.dienes.de\/fr\/#website","url":"https:\/\/www.dienes.de\/fr\/","name":"DIENES","description":"DIENES \u2013 WELTKLASSE \u2013 WELTWEIT","publisher":{"@id":"https:\/\/www.dienes.de\/fr\/#organization"},"potentialAction":[{"@type":"SearchAction","target":{"@type":"EntryPoint","urlTemplate":"https:\/\/www.dienes.de\/fr\/?s={search_term_string}"},"query-input":{"@type":"PropertyValueSpecification","valueRequired":true,"valueName":"search_term_string"}}],"inLanguage":"fr-FR"},{"@type":"Organization","@id":"https:\/\/www.dienes.de\/fr\/#organization","name":"DIENES Werke f\u00fcr Maschinenteile GmbH & Co. KG","alternateName":"DIENES Werke GmbH & Co KG","url":"https:\/\/www.dienes.de\/fr\/","logo":{"@type":"ImageObject","inLanguage":"fr-FR","@id":"https:\/\/www.dienes.de\/fr\/#\/schema\/logo\/image\/","url":"https:\/\/www.dienes.de\/wp-content\/uploads\/2024\/04\/Logo-Yoast-SEO.png","contentUrl":"https:\/\/www.dienes.de\/wp-content\/uploads\/2024\/04\/Logo-Yoast-SEO.png","width":696,"height":696,"caption":"DIENES Werke f\u00fcr Maschinenteile GmbH & Co. KG"},"image":{"@id":"https:\/\/www.dienes.de\/fr\/#\/schema\/logo\/image\/"},"sameAs":["https:\/\/m.facebook.com\/profile.php?id=100063618859102","https:\/\/www.linkedin.com\/company\/dienes-werke\/","https:\/\/www.instagram.com\/dieneswerke\/"]}]}},"_links":{"self":[{"href":"https:\/\/www.dienes.de\/fr\/wp-json\/wp\/v2\/pages\/15325","targetHints":{"allow":["GET"]}}],"collection":[{"href":"https:\/\/www.dienes.de\/fr\/wp-json\/wp\/v2\/pages"}],"about":[{"href":"https:\/\/www.dienes.de\/fr\/wp-json\/wp\/v2\/types\/page"}],"author":[{"embeddable":true,"href":"https:\/\/www.dienes.de\/fr\/wp-json\/wp\/v2\/users\/1"}],"replies":[{"embeddable":true,"href":"https:\/\/www.dienes.de\/fr\/wp-json\/wp\/v2\/comments?post=15325"}],"version-history":[{"count":0,"href":"https:\/\/www.dienes.de\/fr\/wp-json\/wp\/v2\/pages\/15325\/revisions"}],"wp:attachment":[{"href":"https:\/\/www.dienes.de\/fr\/wp-json\/wp\/v2\/media?parent=15325"}],"curies":[{"name":"wp","href":"https:\/\/api.w.org\/{rel}","templated":true}]}}