{"id":15329,"date":"2020-10-12T14:53:37","date_gmt":"2020-10-12T12:53:37","guid":{"rendered":"https:\/\/www.dienes.de\/dienes-ersatzteile\/"},"modified":"2021-04-27T08:34:31","modified_gmt":"2021-04-27T06:34:31","slug":"dienes-pieces-detachees","status":"publish","type":"page","link":"https:\/\/www.dienes.de\/fr\/produits\/dienes-pieces-detachees\/","title":{"rendered":"DIENES Pi\u00e8ces d\u00e9tach\u00e9es"},"content":{"rendered":"\n<div class=\"wp-block-columns is-layout-flex wp-container-core-columns-is-layout-9d6595d7 wp-block-columns-is-layout-flex\">\n<div class=\"wp-block-column is-layout-flow wp-block-column-is-layout-flow\" style=\"flex-basis:66.66%\">\n<p>Les syst\u00e8mes de coupe, les porte-couteaux et les bons couteaux sont essentiels pour obtenir un r\u00e9sultat de coupe pr\u00e9cis. Bien entendu, vous pouvez obtenir les pi\u00e8ces de rechange appropri\u00e9es pour les couteaux et les DIENES pour les supports de notre soci\u00e9t\u00e9 ainsi que pour les produits de tous les fabricants courants. Nous nous ferons un plaisir d&rsquo;\u00e9quiper votre machine existante avec nos produits. DIENES fabrique \u00e9galement tous les couteaux, les arbres et les bagues en verre dur, les barres \u00e0 queue d&rsquo;aronde dans une large gamme de dimensions ainsi que les entretoises requises pour la coupe par \u00e9crasement, la coupe par cisaillement, la coupe par \u00e9clatement et la coupe par chauffage.<\/p>\n\n\n\n<p>Au fil du temps, m\u00eame les produits de haute qualit\u00e9 n\u00e9cessitent un entretien, y compris les porte-couteaux DIENES. Gr\u00e2ce \u00e0 notre large inventaire de pi\u00e8ces d\u00e9tach\u00e9es pour porte-couteaux que nous avons toujours en stock, nous sommes en mesure de r\u00e9parer rapidement et facilement tous nos mod\u00e8les de porte-couteaux.<\/p>\n\n\n\n<p>Dans un premier temps, notre d\u00e9partement sp\u00e9cialis\u00e9 proc\u00e8de \u00e0 une analyse compl\u00e8te de votre porte-lames. Sur cette base, nous \u00e9laborons une offre pour vous et, dans la derni\u00e8re \u00e9tape, apr\u00e8s votre accord, nous rempla\u00e7ons tous les composants us\u00e9s et nettoyons aussi compl\u00e8tement le porte-lames.<\/p>\n\n\n\n<p>Le syst\u00e8me modulaire DIENES a \u00e9galement fait ses preuves dans le secteur des syst\u00e8mes de coupe. Qu&rsquo;il s&rsquo;agisse d&rsquo;installations pr\u00eates \u00e0 l&#8217;emploi, adapt\u00e9es exactement aux besoins, de syst\u00e8mes de coupe install\u00e9s comme modules dans des machines planifi\u00e9es ou de syst\u00e8mes install\u00e9s ult\u00e9rieurement dans des machines en fonctionnement, nous sommes le partenaire qu&rsquo;il vous faut.<\/p>\n\n\n\n<ul class=\"wp-block-list\"><li>80 % de toutes les pi\u00e8ces de rechange DIENES peuvent \u00eatre fournies directement \u00e0 partir de nos entrep\u00f4ts.<\/li><li>Plus de 85 000 couteaux circulaires en stock pour vous &#8211; Qu&rsquo;ils soient en acier, en acier m\u00e9tallurgique en poudre (DPM), en carbure, en mat\u00e9riaux sp\u00e9ciaux ou raffin\u00e9s, nos couteaux circulaires sont toujours synonymes de perfection.\u00a0<\/li><li>Assemblages pr\u00e9-assembl\u00e9s pour minimiser les temps d&rsquo;arr\u00eat des machines<\/li><li>Des paquets de pi\u00e8ces de rechange pr\u00e9d\u00e9finis et parfaitement adapt\u00e9s, que vous recevez dans des unit\u00e9s d&#8217;emballage pour une activit\u00e9 de maintenance sp\u00e9cifique.<\/li><\/ul>\n<\/div>\n\n\n\n<div class=\"wp-block-column is-layout-flow wp-block-column-is-layout-flow\" style=\"flex-basis:33.33%\"><aside class=\"sidebar\">\n    \n            \n        <div class=\"sidebar-box\">\n    \n                            <h3 class=\"headline headline--h3 sidebar-box__headline\">Contactez votre interlocuteur <\/h3>\n\n                                <div class=\"sidebar-contact-details\">\n    <div class=\"sidebar-contact-details__label sidebar-contact-details__name\"><\/div>\n\n    \n    <\/div>\n                                <div>\n    <a href=\"https:\/\/www.dienes.de\/fr\/dienes-kontakt\/\" target=\"\" class=\"sidebar-box__link  link \">\n        <span class=\"link__text\">\n            Vers le formulaire de contact\n        <\/span>\n    <\/a>\n<\/div>\n            <\/div>\n    <\/aside>\n<\/div>\n<\/div>\n\n<h2 class=\"wp-block-heading\">Nos autres services pour vous <\/h2>\n<div class=\"service-teaser-grid-container\">\n    <div class=\"service-teaser-grid \">\n                    <div class=\"service-teaser-grid__item\">\n                <a class=\"teaser teaser--white teaser--compact service-teaser-grid__teaser link-container\"\n                   \n                   href=\"https:\/\/www.dienes.de\/leistungen\/schneidakademie\/\">\n                    <div class=\"teaser__image-wrapper\">\n                        <picture class=\"\">\n            <source type=\"image\/webp\"\n                data-srcset=\"https:\/\/www.dienes.de\/wp-content\/uploads\/2019\/10\/Schneidakademie-300x188-c-default.webp\" \/>\n    \n    <img data-src=\"https:\/\/www.dienes.de\/wp-content\/uploads\/2019\/10\/Schneidakademie-300x188-c-default.jpg\"\n         data-lowsrc=\"https:\/\/www.dienes.de\/wp-content\/uploads\/2019\/10\/Schneidakademie-30x18.8-c-default.jpg\"\n         data-width=\"300\"\n         data-height=\"188\"\n         data-sizes=\"auto\"\n         class=\"lazyload teaser__image\"\n                                        alt=\"S\u00e9minaire de coupe DIENES dans notre acad\u00e9mie, en ligne ou sur le site du client.\"\n                >\n<\/picture>\n\n                    <\/div>\n                    <div class=\"teaser__body\">\n                        <div class=\"teaser__content\">\n                            <h3 class=\"headline headline--h3\">Schneidakademie<\/h3>\n                            <p>Wir bringen Sie auf den neuesten Stand der Technik.<\/p>\n                        <\/div>\n                        <div class=\"teaser__link-wrapper\">\n                            <span class=\"link\">\n                                <span class=\"link__text\">\n                                                                            Schneidakademie\n                                                                    <\/span>\n                            <\/span>\n                        <\/div>\n                    <\/div>\n                <\/a>\n            <\/div>\n                    <div class=\"service-teaser-grid__item\">\n                <a class=\"teaser teaser--white teaser--compact service-teaser-grid__teaser link-container\"\n                   \n                   href=\"https:\/\/www.dienes.de\/leistungen\/nachschleifservice\/\">\n                    <div class=\"teaser__image-wrapper\">\n                        <picture class=\"\">\n            <source type=\"image\/webp\"\n                data-srcset=\"https:\/\/www.dienes.de\/wp-content\/uploads\/2020\/07\/jakub-skafiriak-AljDaiCbCVY-unsplash-300x188-c-default.webp 1x, https:\/\/www.dienes.de\/wp-content\/uploads\/2020\/07\/jakub-skafiriak-AljDaiCbCVY-unsplash-600x376-c-default.webp 2x\" \/>\n    \n    <img data-src=\"https:\/\/www.dienes.de\/wp-content\/uploads\/2020\/07\/jakub-skafiriak-AljDaiCbCVY-unsplash-300x188-c-default.jpg\"\n         data-lowsrc=\"https:\/\/www.dienes.de\/wp-content\/uploads\/2020\/07\/jakub-skafiriak-AljDaiCbCVY-unsplash-30x18.8-c-default.jpg\"\n         data-width=\"300\"\n         data-height=\"188\"\n         data-sizes=\"auto\"\n         class=\"lazyload teaser__image\"\n                            srcset=\"https:\/\/www.dienes.de\/wp-content\/uploads\/2020\/07\/jakub-skafiriak-AljDaiCbCVY-unsplash-300x188-c-default.jpg 1x, https:\/\/www.dienes.de\/wp-content\/uploads\/2020\/07\/jakub-skafiriak-AljDaiCbCVY-unsplash-600x376-c-default.jpg 2x\"\n                data-srcset=\"https:\/\/www.dienes.de\/wp-content\/uploads\/2020\/07\/jakub-skafiriak-AljDaiCbCVY-unsplash-300x188-c-default.jpg 1x, https:\/\/www.dienes.de\/wp-content\/uploads\/2020\/07\/jakub-skafiriak-AljDaiCbCVY-unsplash-600x376-c-default.jpg 2x\"\n                                        alt=\"La qualit\u00e9 du couteau est d\u00e9terminante pour un r\u00e9sultat de coupe optimal. En plus de la production, l'entretien des couteaux et donc le r\u00e9aff\u00fbtage est un facteur important.\"\n                >\n<\/picture>\n\n                    <\/div>\n                    <div class=\"teaser__body\">\n                        <div class=\"teaser__content\">\n                            <h3 class=\"headline headline--h3\">Nachschleifservice<\/h3>\n                            <p>Qualit\u00e4tsgarantie beim Hersteller. <\/p>\n                        <\/div>\n                        <div class=\"teaser__link-wrapper\">\n                            <span class=\"link\">\n                                <span class=\"link__text\">\n                                                                            Nachschleifservice\n                                                                    <\/span>\n                            <\/span>\n                        <\/div>\n                    <\/div>\n                <\/a>\n            <\/div>\n                    <div class=\"service-teaser-grid__item\">\n                <a class=\"teaser teaser--white teaser--compact service-teaser-grid__teaser link-container\"\n                   \n                   href=\"https:\/\/www.dienes.de\/leistungen\/technischer-support\/\">\n                    <div class=\"teaser__image-wrapper\">\n                        <picture class=\"\">\n            <source type=\"image\/webp\"\n                data-srcset=\"https:\/\/www.dienes.de\/wp-content\/uploads\/2019\/10\/Technischer_Support-300x188-c-default.webp\" \/>\n    \n    <img data-src=\"https:\/\/www.dienes.de\/wp-content\/uploads\/2019\/10\/Technischer_Support-300x188-c-default.jpg\"\n         data-lowsrc=\"https:\/\/www.dienes.de\/wp-content\/uploads\/2019\/10\/Technischer_Support-30x18.8-c-default.jpg\"\n         data-width=\"300\"\n         data-height=\"188\"\n         data-sizes=\"auto\"\n         class=\"lazyload teaser__image\"\n                                        alt=\"Le personnel de soutien technique de DIENES.\"\n                >\n<\/picture>\n\n                    <\/div>\n                    <div class=\"teaser__body\">\n                        <div class=\"teaser__content\">\n                            <h3 class=\"headline headline--h3\">Technischer Support<\/h3>\n                            <p>Wir sind f\u00fcr Sie da. <\/p>\n                        <\/div>\n                        <div class=\"teaser__link-wrapper\">\n                            <span class=\"link\">\n                                <span class=\"link__text\">\n                                                                            Technischer Support\n                                                                    <\/span>\n                            <\/span>\n                        <\/div>\n                    <\/div>\n                <\/a>\n            <\/div>\n            <\/div>\n<\/div>\n","protected":false},"excerpt":{"rendered":"<p>Les syst\u00e8mes de coupe, les porte-couteaux et les bons couteaux sont essentiels pour obtenir un r\u00e9sultat de coupe pr\u00e9cis. Bien entendu, vous pouvez obtenir les pi\u00e8ces de rechange appropri\u00e9es pour les couteaux et les DIENES pour les supports de notre soci\u00e9t\u00e9 ainsi que pour les produits de tous les fabricants courants. Nous nous ferons un [&hellip;]<\/p>\n","protected":false},"author":1,"featured_media":1491,"parent":18421,"menu_order":0,"comment_status":"closed","ping_status":"closed","template":"","meta":{"_acf_changed":false,"footnotes":""},"class_list":["post-15329","page","type-page","status-publish","has-post-thumbnail","hentry"],"acf":[],"yoast_head":"<!-- This site is optimized with the Yoast SEO plugin v27.6 - https:\/\/yoast.com\/product\/yoast-seo-wordpress\/ -->\n<title>DIENES Pi\u00e8ces d\u00e9tach\u00e9es - DIENES<\/title>\n<meta name=\"description\" content=\"Bien entendu, nous proposons un service de r\u00e9paration, ainsi que tous les couteaux et les pi\u00e8ces de rechange appropri\u00e9es pour nos porte-couteaux DIENES.\" \/>\n<meta name=\"robots\" content=\"index, follow, max-snippet:-1, max-image-preview:large, max-video-preview:-1\" \/>\n<link rel=\"canonical\" href=\"https:\/\/www.dienes.de\/fr\/produits\/dienes-pieces-detachees\/\" \/>\n<meta property=\"og:locale\" content=\"fr_FR\" \/>\n<meta property=\"og:type\" content=\"article\" \/>\n<meta property=\"og:title\" content=\"DIENES Pi\u00e8ces d\u00e9tach\u00e9es - DIENES\" \/>\n<meta property=\"og:description\" content=\"Bien entendu, nous proposons un service de r\u00e9paration, ainsi que tous les couteaux et les pi\u00e8ces de rechange appropri\u00e9es pour nos porte-couteaux DIENES.\" \/>\n<meta property=\"og:url\" content=\"https:\/\/www.dienes.de\/fr\/produits\/dienes-pieces-detachees\/\" \/>\n<meta property=\"og:site_name\" content=\"DIENES\" \/>\n<meta property=\"article:publisher\" content=\"https:\/\/m.facebook.com\/profile.php?id=100063618859102\" \/>\n<meta property=\"article:modified_time\" content=\"2021-04-27T06:34:31+00:00\" \/>\n<meta property=\"og:image\" content=\"https:\/\/www.dienes.de\/wp-content\/uploads\/2019\/10\/Ersatzteil_Messer_Service.png\" \/>\n\t<meta property=\"og:image:width\" content=\"598\" \/>\n\t<meta property=\"og:image:height\" content=\"530\" \/>\n\t<meta property=\"og:image:type\" content=\"image\/png\" \/>\n<meta name=\"twitter:card\" content=\"summary_large_image\" \/>\n<meta name=\"twitter:label1\" content=\"Dur\u00e9e de lecture estim\u00e9e\" \/>\n\t<meta name=\"twitter:data1\" content=\"2 minutes\" \/>\n<script type=\"application\/ld+json\" class=\"yoast-schema-graph\">{\"@context\":\"https:\\\/\\\/schema.org\",\"@graph\":[{\"@type\":\"WebPage\",\"@id\":\"https:\\\/\\\/www.dienes.de\\\/fr\\\/produits\\\/dienes-pieces-detachees\\\/\",\"url\":\"https:\\\/\\\/www.dienes.de\\\/fr\\\/produits\\\/dienes-pieces-detachees\\\/\",\"name\":\"DIENES Pi\u00e8ces d\u00e9tach\u00e9es - DIENES\",\"isPartOf\":{\"@id\":\"https:\\\/\\\/www.dienes.de\\\/fr\\\/#website\"},\"primaryImageOfPage\":{\"@id\":\"https:\\\/\\\/www.dienes.de\\\/fr\\\/produits\\\/dienes-pieces-detachees\\\/#primaryimage\"},\"image\":{\"@id\":\"https:\\\/\\\/www.dienes.de\\\/fr\\\/produits\\\/dienes-pieces-detachees\\\/#primaryimage\"},\"thumbnailUrl\":\"https:\\\/\\\/www.dienes.de\\\/wp-content\\\/uploads\\\/2019\\\/10\\\/Ersatzteil_Messer_Service.png\",\"datePublished\":\"2020-10-12T12:53:37+00:00\",\"dateModified\":\"2021-04-27T06:34:31+00:00\",\"description\":\"Bien entendu, nous proposons un service de r\u00e9paration, ainsi que tous les couteaux et les pi\u00e8ces de rechange appropri\u00e9es pour nos porte-couteaux DIENES.\",\"breadcrumb\":{\"@id\":\"https:\\\/\\\/www.dienes.de\\\/fr\\\/produits\\\/dienes-pieces-detachees\\\/#breadcrumb\"},\"inLanguage\":\"fr-FR\",\"potentialAction\":[{\"@type\":\"ReadAction\",\"target\":[\"https:\\\/\\\/www.dienes.de\\\/fr\\\/produits\\\/dienes-pieces-detachees\\\/\"]}]},{\"@type\":\"ImageObject\",\"inLanguage\":\"fr-FR\",\"@id\":\"https:\\\/\\\/www.dienes.de\\\/fr\\\/produits\\\/dienes-pieces-detachees\\\/#primaryimage\",\"url\":\"https:\\\/\\\/www.dienes.de\\\/wp-content\\\/uploads\\\/2019\\\/10\\\/Ersatzteil_Messer_Service.png\",\"contentUrl\":\"https:\\\/\\\/www.dienes.de\\\/wp-content\\\/uploads\\\/2019\\\/10\\\/Ersatzteil_Messer_Service.png\",\"width\":598,\"height\":530,\"caption\":\"DIENES Ersatzteilservice\"},{\"@type\":\"BreadcrumbList\",\"@id\":\"https:\\\/\\\/www.dienes.de\\\/fr\\\/produits\\\/dienes-pieces-detachees\\\/#breadcrumb\",\"itemListElement\":[{\"@type\":\"ListItem\",\"position\":1,\"name\":\"Startseite\",\"item\":\"https:\\\/\\\/www.dienes.de\\\/fr\\\/\"},{\"@type\":\"ListItem\",\"position\":2,\"name\":\"Produits\",\"item\":\"https:\\\/\\\/www.dienes.de\\\/fr\\\/produits\\\/\"},{\"@type\":\"ListItem\",\"position\":3,\"name\":\"DIENES Pi\u00e8ces d\u00e9tach\u00e9es\"}]},{\"@type\":\"WebSite\",\"@id\":\"https:\\\/\\\/www.dienes.de\\\/fr\\\/#website\",\"url\":\"https:\\\/\\\/www.dienes.de\\\/fr\\\/\",\"name\":\"DIENES\",\"description\":\"DIENES \u2013 WELTKLASSE \u2013 WELTWEIT\",\"publisher\":{\"@id\":\"https:\\\/\\\/www.dienes.de\\\/fr\\\/#organization\"},\"potentialAction\":[{\"@type\":\"SearchAction\",\"target\":{\"@type\":\"EntryPoint\",\"urlTemplate\":\"https:\\\/\\\/www.dienes.de\\\/fr\\\/?s={search_term_string}\"},\"query-input\":{\"@type\":\"PropertyValueSpecification\",\"valueRequired\":true,\"valueName\":\"search_term_string\"}}],\"inLanguage\":\"fr-FR\"},{\"@type\":\"Organization\",\"@id\":\"https:\\\/\\\/www.dienes.de\\\/fr\\\/#organization\",\"name\":\"DIENES Werke f\u00fcr Maschinenteile GmbH & Co. KG\",\"alternateName\":\"DIENES Werke GmbH & Co KG\",\"url\":\"https:\\\/\\\/www.dienes.de\\\/fr\\\/\",\"logo\":{\"@type\":\"ImageObject\",\"inLanguage\":\"fr-FR\",\"@id\":\"https:\\\/\\\/www.dienes.de\\\/fr\\\/#\\\/schema\\\/logo\\\/image\\\/\",\"url\":\"https:\\\/\\\/www.dienes.de\\\/wp-content\\\/uploads\\\/2024\\\/04\\\/Logo-Yoast-SEO.png\",\"contentUrl\":\"https:\\\/\\\/www.dienes.de\\\/wp-content\\\/uploads\\\/2024\\\/04\\\/Logo-Yoast-SEO.png\",\"width\":696,\"height\":696,\"caption\":\"DIENES Werke f\u00fcr Maschinenteile GmbH & Co. KG\"},\"image\":{\"@id\":\"https:\\\/\\\/www.dienes.de\\\/fr\\\/#\\\/schema\\\/logo\\\/image\\\/\"},\"sameAs\":[\"https:\\\/\\\/m.facebook.com\\\/profile.php?id=100063618859102\",\"https:\\\/\\\/www.linkedin.com\\\/company\\\/dienes-werke\\\/\",\"https:\\\/\\\/www.instagram.com\\\/dieneswerke\\\/\"]}]}<\/script>\n<!-- \/ Yoast SEO plugin. -->","yoast_head_json":{"title":"DIENES Pi\u00e8ces d\u00e9tach\u00e9es - DIENES","description":"Bien entendu, nous proposons un service de r\u00e9paration, ainsi que tous les couteaux et les pi\u00e8ces de rechange appropri\u00e9es pour nos porte-couteaux DIENES.","robots":{"index":"index","follow":"follow","max-snippet":"max-snippet:-1","max-image-preview":"max-image-preview:large","max-video-preview":"max-video-preview:-1"},"canonical":"https:\/\/www.dienes.de\/fr\/produits\/dienes-pieces-detachees\/","og_locale":"fr_FR","og_type":"article","og_title":"DIENES Pi\u00e8ces d\u00e9tach\u00e9es - DIENES","og_description":"Bien entendu, nous proposons un service de r\u00e9paration, ainsi que tous les couteaux et les pi\u00e8ces de rechange appropri\u00e9es pour nos porte-couteaux DIENES.","og_url":"https:\/\/www.dienes.de\/fr\/produits\/dienes-pieces-detachees\/","og_site_name":"DIENES","article_publisher":"https:\/\/m.facebook.com\/profile.php?id=100063618859102","article_modified_time":"2021-04-27T06:34:31+00:00","og_image":[{"width":598,"height":530,"url":"https:\/\/www.dienes.de\/wp-content\/uploads\/2019\/10\/Ersatzteil_Messer_Service.png","type":"image\/png"}],"twitter_card":"summary_large_image","twitter_misc":{"Dur\u00e9e de lecture estim\u00e9e":"2 minutes"},"schema":{"@context":"https:\/\/schema.org","@graph":[{"@type":"WebPage","@id":"https:\/\/www.dienes.de\/fr\/produits\/dienes-pieces-detachees\/","url":"https:\/\/www.dienes.de\/fr\/produits\/dienes-pieces-detachees\/","name":"DIENES Pi\u00e8ces d\u00e9tach\u00e9es - DIENES","isPartOf":{"@id":"https:\/\/www.dienes.de\/fr\/#website"},"primaryImageOfPage":{"@id":"https:\/\/www.dienes.de\/fr\/produits\/dienes-pieces-detachees\/#primaryimage"},"image":{"@id":"https:\/\/www.dienes.de\/fr\/produits\/dienes-pieces-detachees\/#primaryimage"},"thumbnailUrl":"https:\/\/www.dienes.de\/wp-content\/uploads\/2019\/10\/Ersatzteil_Messer_Service.png","datePublished":"2020-10-12T12:53:37+00:00","dateModified":"2021-04-27T06:34:31+00:00","description":"Bien entendu, nous proposons un service de r\u00e9paration, ainsi que tous les couteaux et les pi\u00e8ces de rechange appropri\u00e9es pour nos porte-couteaux DIENES.","breadcrumb":{"@id":"https:\/\/www.dienes.de\/fr\/produits\/dienes-pieces-detachees\/#breadcrumb"},"inLanguage":"fr-FR","potentialAction":[{"@type":"ReadAction","target":["https:\/\/www.dienes.de\/fr\/produits\/dienes-pieces-detachees\/"]}]},{"@type":"ImageObject","inLanguage":"fr-FR","@id":"https:\/\/www.dienes.de\/fr\/produits\/dienes-pieces-detachees\/#primaryimage","url":"https:\/\/www.dienes.de\/wp-content\/uploads\/2019\/10\/Ersatzteil_Messer_Service.png","contentUrl":"https:\/\/www.dienes.de\/wp-content\/uploads\/2019\/10\/Ersatzteil_Messer_Service.png","width":598,"height":530,"caption":"DIENES Ersatzteilservice"},{"@type":"BreadcrumbList","@id":"https:\/\/www.dienes.de\/fr\/produits\/dienes-pieces-detachees\/#breadcrumb","itemListElement":[{"@type":"ListItem","position":1,"name":"Startseite","item":"https:\/\/www.dienes.de\/fr\/"},{"@type":"ListItem","position":2,"name":"Produits","item":"https:\/\/www.dienes.de\/fr\/produits\/"},{"@type":"ListItem","position":3,"name":"DIENES Pi\u00e8ces d\u00e9tach\u00e9es"}]},{"@type":"WebSite","@id":"https:\/\/www.dienes.de\/fr\/#website","url":"https:\/\/www.dienes.de\/fr\/","name":"DIENES","description":"DIENES \u2013 WELTKLASSE \u2013 WELTWEIT","publisher":{"@id":"https:\/\/www.dienes.de\/fr\/#organization"},"potentialAction":[{"@type":"SearchAction","target":{"@type":"EntryPoint","urlTemplate":"https:\/\/www.dienes.de\/fr\/?s={search_term_string}"},"query-input":{"@type":"PropertyValueSpecification","valueRequired":true,"valueName":"search_term_string"}}],"inLanguage":"fr-FR"},{"@type":"Organization","@id":"https:\/\/www.dienes.de\/fr\/#organization","name":"DIENES Werke f\u00fcr Maschinenteile GmbH & Co. KG","alternateName":"DIENES Werke GmbH & Co KG","url":"https:\/\/www.dienes.de\/fr\/","logo":{"@type":"ImageObject","inLanguage":"fr-FR","@id":"https:\/\/www.dienes.de\/fr\/#\/schema\/logo\/image\/","url":"https:\/\/www.dienes.de\/wp-content\/uploads\/2024\/04\/Logo-Yoast-SEO.png","contentUrl":"https:\/\/www.dienes.de\/wp-content\/uploads\/2024\/04\/Logo-Yoast-SEO.png","width":696,"height":696,"caption":"DIENES Werke f\u00fcr Maschinenteile GmbH & Co. KG"},"image":{"@id":"https:\/\/www.dienes.de\/fr\/#\/schema\/logo\/image\/"},"sameAs":["https:\/\/m.facebook.com\/profile.php?id=100063618859102","https:\/\/www.linkedin.com\/company\/dienes-werke\/","https:\/\/www.instagram.com\/dieneswerke\/"]}]}},"_links":{"self":[{"href":"https:\/\/www.dienes.de\/fr\/wp-json\/wp\/v2\/pages\/15329","targetHints":{"allow":["GET"]}}],"collection":[{"href":"https:\/\/www.dienes.de\/fr\/wp-json\/wp\/v2\/pages"}],"about":[{"href":"https:\/\/www.dienes.de\/fr\/wp-json\/wp\/v2\/types\/page"}],"author":[{"embeddable":true,"href":"https:\/\/www.dienes.de\/fr\/wp-json\/wp\/v2\/users\/1"}],"replies":[{"embeddable":true,"href":"https:\/\/www.dienes.de\/fr\/wp-json\/wp\/v2\/comments?post=15329"}],"version-history":[{"count":0,"href":"https:\/\/www.dienes.de\/fr\/wp-json\/wp\/v2\/pages\/15329\/revisions"}],"up":[{"embeddable":true,"href":"https:\/\/www.dienes.de\/fr\/wp-json\/wp\/v2\/pages\/18421"}],"wp:featuredmedia":[{"embeddable":true,"href":"https:\/\/www.dienes.de\/fr\/wp-json\/wp\/v2\/media\/1491"}],"wp:attachment":[{"href":"https:\/\/www.dienes.de\/fr\/wp-json\/wp\/v2\/media?parent=15329"}],"curies":[{"name":"wp","href":"https:\/\/api.w.org\/{rel}","templated":true}]}}