{"id":16149,"date":"2020-07-07T14:25:57","date_gmt":"2020-07-07T12:25:57","guid":{"rendered":"https:\/\/www.dienes.de\/zusatzfunktion-easy-eject\/"},"modified":"2021-05-11T10:08:23","modified_gmt":"2021-05-11T08:08:23","slug":"fonction-supplementaire-easy-eject","status":"publish","type":"page","link":"https:\/\/www.dienes.de\/fr\/fonction-supplementaire-easy-eject\/","title":{"rendered":"Fonction suppl\u00e9mentaire : Easy Eject pour le changement de couteau"},"content":{"rendered":"\n<div class=\"wp-block-columns is-layout-flex wp-container-core-columns-is-layout-9d6595d7 wp-block-columns-is-layout-flex\">\n<div class=\"wp-block-column is-layout-flow wp-block-column-is-layout-flow\" style=\"flex-basis:66.66%\">\n<h2 class=\"wp-block-heading\">Le changement rapide de DIENES<\/h2>\n\n\n\n<p>La fonction suppl\u00e9mentaire Easy Eject pour le changement de couteau permet un retrait plus facile et plus rapide des couteaux au niveau des porte-couteaux d&rsquo;\u00e9crasement et assure ainsi plus de s\u00e9curit\u00e9 pendant la production. En plus de simplifier le retrait des couteaux et d&rsquo;augmenter la s\u00e9curit\u00e9 pendant la production sur le syst\u00e8me de coupe, Easy Eject garantit \u00e9galement une qualit\u00e9 de coupe optimale avec un haut niveau de confort d&rsquo;utilisation.<\/p>\n\n\n\n<h2 class=\"wp-block-heading\">Utilisation du Easy Eject pendant le changement du couteau<\/h2>\n\n\n\n<p>Pour le retrait des couteaux, les porte-couteaux d&rsquo;\u00e9crasement sont d&rsquo;abord retir\u00e9s de la machine. Gr\u00e2ce \u00e0 la fonction suppl\u00e9mentaire Easy Eject, le couteau est ensuite pouss\u00e9 hors du support et peut \u00eatre chang\u00e9 facilement. Le profil m\u00e9tallique coulissant sur la section ext\u00e9rieure de l&rsquo;Easy Eject peut \u00eatre r\u00e9gl\u00e9 pour fermer l&rsquo;espace entre le couteau et la bande de mat\u00e9riau. Cela emp\u00eache le couteau d&rsquo;interf\u00e9rer avec la zone de coupe.<\/p>\n\n\n\n<p>Easy<strong> <\/strong>Eject ist f\u00fcr jeden <a href=\"https:\/\/www.dienes.de\/produkte\/messerhalter\/\">Quetschmesserhalter von DIENES<\/a> geeignet. Gerne r\u00fcsten wir Ihre vorhandenen Messerhalter, auch Fremdfabrikate, mit dem DIENES Schnellwechselsystem Easy Eject nach. <\/p>\n\n\n\n<h2 class=\"wp-block-heading\">Vos avantages<\/h2>\n\n\n<ul class=\"checklist \">\n            <li class=\"checklist__item\">\n            <svg class=\"checklist__icon\" xmlns=\"http:\/\/www.w3.org\/2000\/svg\" width=\"32\" height=\"32\" viewBox=\"0 0 32 32\">\n    <circle class=\"b\" cx=\"16\" cy=\"16\" r=\"16\" stroke=\"none\" fill=\"none\"\/>\n    <circle cx=\"16\" cy=\"16\" r=\"15\" fill=\"none\" stroke=\"currentColor\" stroke-width=\"2px\"\/>\n    <path class=\"a\" d=\"M341.448,1670.314l4.6,4.6,10.259-10.259\" transform=\"translate(-333 -1654)\" fill=\"none\" stroke=\"currentColor\" stroke-width=\"2px\"\/>\n<\/svg>\n            <span class=\"checklist__item-text\">Sicher, schnell, nachr\u00fcstbar und pr\u00e4zise <\/span>\n        <\/li>\n            <li class=\"checklist__item\">\n            <svg class=\"checklist__icon\" xmlns=\"http:\/\/www.w3.org\/2000\/svg\" width=\"32\" height=\"32\" viewBox=\"0 0 32 32\">\n    <circle class=\"b\" cx=\"16\" cy=\"16\" r=\"16\" stroke=\"none\" fill=\"none\"\/>\n    <circle cx=\"16\" cy=\"16\" r=\"15\" fill=\"none\" stroke=\"currentColor\" stroke-width=\"2px\"\/>\n    <path class=\"a\" d=\"M341.448,1670.314l4.6,4.6,10.259-10.259\" transform=\"translate(-333 -1654)\" fill=\"none\" stroke=\"currentColor\" stroke-width=\"2px\"\/>\n<\/svg>\n            <span class=\"checklist__item-text\">Werkzeugloser Messerwechsel <\/span>\n        <\/li>\n            <li class=\"checklist__item\">\n            <svg class=\"checklist__icon\" xmlns=\"http:\/\/www.w3.org\/2000\/svg\" width=\"32\" height=\"32\" viewBox=\"0 0 32 32\">\n    <circle class=\"b\" cx=\"16\" cy=\"16\" r=\"16\" stroke=\"none\" fill=\"none\"\/>\n    <circle cx=\"16\" cy=\"16\" r=\"15\" fill=\"none\" stroke=\"currentColor\" stroke-width=\"2px\"\/>\n    <path class=\"a\" d=\"M341.448,1670.314l4.6,4.6,10.259-10.259\" transform=\"translate(-333 -1654)\" fill=\"none\" stroke=\"currentColor\" stroke-width=\"2px\"\/>\n<\/svg>\n            <span class=\"checklist__item-text\">Minimale R\u00fcstzeit <\/span>\n        <\/li>\n            <li class=\"checklist__item\">\n            <svg class=\"checklist__icon\" xmlns=\"http:\/\/www.w3.org\/2000\/svg\" width=\"32\" height=\"32\" viewBox=\"0 0 32 32\">\n    <circle class=\"b\" cx=\"16\" cy=\"16\" r=\"16\" stroke=\"none\" fill=\"none\"\/>\n    <circle cx=\"16\" cy=\"16\" r=\"15\" fill=\"none\" stroke=\"currentColor\" stroke-width=\"2px\"\/>\n    <path class=\"a\" d=\"M341.448,1670.314l4.6,4.6,10.259-10.259\" transform=\"translate(-333 -1654)\" fill=\"none\" stroke=\"currentColor\" stroke-width=\"2px\"\/>\n<\/svg>\n            <span class=\"checklist__item-text\">Ideale Erg\u00e4nzung f\u00fcr Positioniersysteme <\/span>\n        <\/li>\n            <li class=\"checklist__item\">\n            <svg class=\"checklist__icon\" xmlns=\"http:\/\/www.w3.org\/2000\/svg\" width=\"32\" height=\"32\" viewBox=\"0 0 32 32\">\n    <circle class=\"b\" cx=\"16\" cy=\"16\" r=\"16\" stroke=\"none\" fill=\"none\"\/>\n    <circle cx=\"16\" cy=\"16\" r=\"15\" fill=\"none\" stroke=\"currentColor\" stroke-width=\"2px\"\/>\n    <path class=\"a\" d=\"M341.448,1670.314l4.6,4.6,10.259-10.259\" transform=\"translate(-333 -1654)\" fill=\"none\" stroke=\"currentColor\" stroke-width=\"2px\"\/>\n<\/svg>\n            <span class=\"checklist__item-text\">Ergonomisches Design unter Ber\u00fccksichtigung von Sicherheitsaspekten <\/span>\n        <\/li>\n    <\/ul>\n\n\n<div class=\"teaser teaser--block teaser--white teaser--shadow-box downloads\">\n    <div class=\"teaser__body\">\n        \n        <div class=\"teaser__content \">\n            \n            <div class=\"teaser__content-column\">\n                                    <h3 class=\"headline headline--h3\">Downloads<\/h3>\n                \n                \n                <div class=\"teaser__button-group\">\n                                            <a class=\"icon-button icon-button--download downloads__item\" href=\"https:\/\/www.dienes.de\/wp-content\/uploads\/2020\/07\/DIENES-Easy-Eject-Deutsch.pdf\" download>\n                                                            Flyer Easy Eject  \n                                                    <\/a>\n                                    <\/div>\n            <\/div>\n        <\/div>\n    <\/div>\n<\/div>\n<\/div>\n\n\n\n<div class=\"wp-block-column is-layout-flow wp-block-column-is-layout-flow\" style=\"flex-basis:33.33%\"><aside class=\"sidebar\">\n    \n            \n        <div class=\"sidebar-box\">\n    \n                            <h3 class=\"headline headline--h3 sidebar-box__headline\">Contactez votre interlocuteur <\/h3>\n\n                                <div class=\"sidebar-contact-details\">\n    <div class=\"sidebar-contact-details__label sidebar-contact-details__name\"><\/div>\n\n    \n    <\/div>\n                                <div>\n    <a href=\"https:\/\/www.dienes.de\/fr\/dienes-kontakt\/\" target=\"\" class=\"sidebar-box__link  link \">\n        <span class=\"link__text\">\n            Vers le formulaire de contact\n        <\/span>\n    <\/a>\n<\/div>\n            <\/div>\n            \n        <div class=\"sidebar-box\">\n    \n                            <h3 class=\"headline headline--h3 sidebar-box__headline\">360\u00b0 de performance d&rsquo;une seule main d&rsquo;oeuvre<\/h3>\n\n    <div class=\"sidebar-box__text\"><p>En plus de nos produits, nous offrons de nombreux avantages, services et possibilit\u00e9s de formation.<\/p>\n<\/div>\n                                <div class=\"circle-360\">\n            <a href=\"https:\/\/www.dienes.de\/fr\/produits\/porte-couteau\/\" target=\"\" class=\"circle-360__button button button--secondary\">Portes couteaux<\/a>\n            <a href=\"https:\/\/www.dienes.de\/fr\/services\/schneidakademie\/\" target=\"\" class=\"circle-360__button button button--secondary\">Acad\u00e9mie de coupe<\/a>\n            <a href=\"https:\/\/www.dienes.de\/fr\/services\/service-daffutage\/\" target=\"\" class=\"circle-360__button button button--secondary\">Service d\u2019affutage<\/a>\n            <a href=\"https:\/\/www.dienes.de\/fr\/produits\/systeme-de-coupe\/\" target=\"\" class=\"circle-360__button button button--secondary\">Syst\u00e8me de coupe<\/a>\n            <a href=\"https:\/\/www.dienes.de\/fr\/services\/technischer-support\/\" target=\"\" class=\"circle-360__button button button--secondary\">Support technique<\/a>\n    <\/div>\n            <\/div>\n    <\/aside>\n<\/div>\n<\/div>\n\n<h2 class=\"wp-block-heading\">Bien combinable avec Easy Eject<\/h2>\n\n\n\n\n<div class=\"teaser-media  teaser-media--block   js-rellax-wrapper \"\n     data-parallax-selector=\".js-parallax-teaser\"\n     data-parallax-breakpoint=\"992\">\n                        <div class=\"teaser-media__image-wrapper lazyload js-parallax-teaser\"\n             data-bg=\"https:\/\/www.dienes.de\/wp-content\/uploads\/2020\/05\/FD_AH4B0735-retuschiert.jpg\"\n             data-rellax-speed=\"1\"\n             data-rellax-min=\"-50\"\n             data-rellax-max=\"50\"\n        >\n        <\/div>\n    \n    \n                <div class=\"teaser-media__body-wrapper js-parallax-teaser\"\n         data-rellax-speed=\"1\"\n         data-rellax-min=\"-120\"\n         data-rellax-max=\"120\">\n        <div class=\"teaser-media__body\">\n            <div class=\"teaser-media__content\">\n                <h3 class=\"headline headline--h3 headline--underscore\">Messerhalter PQDS und PQAS<\/h3>\n                <p>Unsere Quetschschnitt-Messerhalter sind hochpr\u00e4zise und langelebig und zeichnen sich durch besondere Bedienfreundlichkeit aus. Die Messerhalter PQDS und PQAS wurden speziell f\u00fcr das Schneiden von Klebeband entwickelt und erm\u00f6glichen extrem schmale Schnittbreiten.<\/p>\n\n\n                            <\/div>\n                            <div class=\"teaser-media__link-wrapper teaser-media__link\">\n                        \n    <a href=\"https:\/\/www.dienes.de\/produkte\/messerhalter\/messerhalter-pqds\/\" target=\"\" class=\"button \" title=\"Messerhalter PQDS und PQAS\">\n        <span class=\"\">Messerhalter PQDS und PQAS<\/span>\n    <\/a>\n\n                <\/div>\n                    <\/div>\n    <\/div>\n\n    <\/div>\n\n\n\n\n<div class=\"teaser-media teaser-media--right teaser-media--block   js-rellax-wrapper \"\n     data-parallax-selector=\".js-parallax-teaser\"\n     data-parallax-breakpoint=\"992\">\n                    <div class=\"teaser-media__body-wrapper js-parallax-teaser\"\n         data-rellax-speed=\"1\"\n         data-rellax-min=\"-120\"\n         data-rellax-max=\"120\">\n        <div class=\"teaser-media__body\">\n            <div class=\"teaser-media__content\">\n                <h3 class=\"headline headline--h3 headline--underscore\">Quetschschnitt Schneidkassette<\/h3>\n                <p>Wir bieten Ihnen verschiedene Schneidkassetten an, die sich mit Quetschmessern kombinieren lassen. Die Quetschmesserhalter, mit denen die Schneidkassetten best\u00fcckt sind, k\u00f6nnen sowohl mit, als auch ohne einen Schwalbenschwanzadapter gew\u00e4hlt sein.<\/p>\n\n\n                            <\/div>\n                            <div class=\"teaser-media__link-wrapper teaser-media__link\">\n                        \n    <a href=\"https:\/\/www.dienes.de\/produkte\/schneidsysteme\/modul-iii\/\" target=\"\" class=\"button \" title=\"Modul III \u2013 ???\">\n        <span class=\"\">Modul III \u2013 ???<\/span>\n    <\/a>\n\n                <\/div>\n                    <\/div>\n    <\/div>\n\n                    <div class=\"teaser-media__image-wrapper lazyload js-parallax-teaser\"\n             data-bg=\"https:\/\/www.dienes.de\/wp-content\/uploads\/2020\/06\/P1130418-scaled.jpg\"\n             data-rellax-speed=\"1\"\n             data-rellax-min=\"-50\"\n             data-rellax-max=\"50\"\n        >\n        <\/div>\n    \n    \n    <\/div>\n","protected":false},"excerpt":{"rendered":"<p>Le changement rapide de DIENES La fonction suppl\u00e9mentaire Easy Eject pour le changement de couteau permet un retrait plus facile et plus rapide des couteaux au niveau des porte-couteaux d&rsquo;\u00e9crasement et assure ainsi plus de s\u00e9curit\u00e9 pendant la production. En plus de simplifier le retrait des couteaux et d&rsquo;augmenter la s\u00e9curit\u00e9 pendant la production sur [&hellip;]<\/p>\n","protected":false},"author":26,"featured_media":6679,"parent":0,"menu_order":0,"comment_status":"closed","ping_status":"closed","template":"","meta":{"_acf_changed":false,"footnotes":""},"class_list":["post-16149","page","type-page","status-publish","has-post-thumbnail","hentry"],"acf":[],"yoast_head":"<!-- This site is optimized with the Yoast SEO plugin v27.6 - https:\/\/yoast.com\/product\/yoast-seo-wordpress\/ -->\n<title>Fonction suppl\u00e9mentaire : Easy Eject pour le changement de couteau - DIENES<\/title>\n<meta name=\"description\" content=\"La fonction suppl\u00e9mentaire Easy Eject facilite le changement des couteaux sur les porte-couteaux \u00e0 \u00e9crasement, augmentant ainsi la s\u00e9curit\u00e9 de production.\" \/>\n<meta name=\"robots\" content=\"index, follow, max-snippet:-1, max-image-preview:large, max-video-preview:-1\" \/>\n<link rel=\"canonical\" href=\"https:\/\/www.dienes.de\/fr\/fonction-supplementaire-easy-eject\/\" \/>\n<meta property=\"og:locale\" content=\"fr_FR\" \/>\n<meta property=\"og:type\" content=\"article\" \/>\n<meta property=\"og:title\" content=\"Fonction suppl\u00e9mentaire : Easy Eject pour le changement de couteau - DIENES\" \/>\n<meta property=\"og:description\" content=\"La fonction suppl\u00e9mentaire Easy Eject facilite le changement des couteaux sur les porte-couteaux \u00e0 \u00e9crasement, augmentant ainsi la s\u00e9curit\u00e9 de production.\" \/>\n<meta property=\"og:url\" content=\"https:\/\/www.dienes.de\/fr\/fonction-supplementaire-easy-eject\/\" \/>\n<meta property=\"og:site_name\" content=\"DIENES\" \/>\n<meta property=\"article:publisher\" content=\"https:\/\/m.facebook.com\/profile.php?id=100063618859102\" \/>\n<meta property=\"article:modified_time\" content=\"2021-05-11T08:08:23+00:00\" \/>\n<meta property=\"og:image\" content=\"https:\/\/www.dienes.de\/wp-content\/uploads\/2020\/07\/Easy-Eject-.jpg\" \/>\n\t<meta property=\"og:image:width\" content=\"1024\" \/>\n\t<meta property=\"og:image:height\" content=\"768\" \/>\n\t<meta property=\"og:image:type\" content=\"image\/jpeg\" \/>\n<meta name=\"twitter:card\" content=\"summary_large_image\" \/>\n<meta name=\"twitter:label1\" content=\"Dur\u00e9e de lecture estim\u00e9e\" \/>\n\t<meta name=\"twitter:data1\" content=\"1 minute\" \/>\n<script type=\"application\/ld+json\" class=\"yoast-schema-graph\">{\"@context\":\"https:\\\/\\\/schema.org\",\"@graph\":[{\"@type\":\"WebPage\",\"@id\":\"https:\\\/\\\/www.dienes.de\\\/fr\\\/fonction-supplementaire-easy-eject\\\/\",\"url\":\"https:\\\/\\\/www.dienes.de\\\/fr\\\/fonction-supplementaire-easy-eject\\\/\",\"name\":\"Fonction suppl\u00e9mentaire : Easy Eject pour le changement de couteau - DIENES\",\"isPartOf\":{\"@id\":\"https:\\\/\\\/www.dienes.de\\\/fr\\\/#website\"},\"primaryImageOfPage\":{\"@id\":\"https:\\\/\\\/www.dienes.de\\\/fr\\\/fonction-supplementaire-easy-eject\\\/#primaryimage\"},\"image\":{\"@id\":\"https:\\\/\\\/www.dienes.de\\\/fr\\\/fonction-supplementaire-easy-eject\\\/#primaryimage\"},\"thumbnailUrl\":\"https:\\\/\\\/www.dienes.de\\\/wp-content\\\/uploads\\\/2020\\\/07\\\/Easy-Eject-.jpg\",\"datePublished\":\"2020-07-07T12:25:57+00:00\",\"dateModified\":\"2021-05-11T08:08:23+00:00\",\"description\":\"La fonction suppl\u00e9mentaire Easy Eject facilite le changement des couteaux sur les porte-couteaux \u00e0 \u00e9crasement, augmentant ainsi la s\u00e9curit\u00e9 de production.\",\"breadcrumb\":{\"@id\":\"https:\\\/\\\/www.dienes.de\\\/fr\\\/fonction-supplementaire-easy-eject\\\/#breadcrumb\"},\"inLanguage\":\"fr-FR\",\"potentialAction\":[{\"@type\":\"ReadAction\",\"target\":[\"https:\\\/\\\/www.dienes.de\\\/fr\\\/fonction-supplementaire-easy-eject\\\/\"]}]},{\"@type\":\"ImageObject\",\"inLanguage\":\"fr-FR\",\"@id\":\"https:\\\/\\\/www.dienes.de\\\/fr\\\/fonction-supplementaire-easy-eject\\\/#primaryimage\",\"url\":\"https:\\\/\\\/www.dienes.de\\\/wp-content\\\/uploads\\\/2020\\\/07\\\/Easy-Eject-.jpg\",\"contentUrl\":\"https:\\\/\\\/www.dienes.de\\\/wp-content\\\/uploads\\\/2020\\\/07\\\/Easy-Eject-.jpg\",\"width\":1024,\"height\":768,\"caption\":\"La photo montre la fonction suppl\u00e9mentaire Easy Eject pour le changement de couteau, qui permet de sortir facilement et rapidement le couteau d'\u00e9crasement.\"},{\"@type\":\"BreadcrumbList\",\"@id\":\"https:\\\/\\\/www.dienes.de\\\/fr\\\/fonction-supplementaire-easy-eject\\\/#breadcrumb\",\"itemListElement\":[{\"@type\":\"ListItem\",\"position\":1,\"name\":\"Startseite\",\"item\":\"https:\\\/\\\/www.dienes.de\\\/fr\\\/\"},{\"@type\":\"ListItem\",\"position\":2,\"name\":\"Fonction suppl\u00e9mentaire : Easy Eject pour le changement de couteau\"}]},{\"@type\":\"WebSite\",\"@id\":\"https:\\\/\\\/www.dienes.de\\\/fr\\\/#website\",\"url\":\"https:\\\/\\\/www.dienes.de\\\/fr\\\/\",\"name\":\"DIENES\",\"description\":\"DIENES \u2013 WELTKLASSE \u2013 WELTWEIT\",\"publisher\":{\"@id\":\"https:\\\/\\\/www.dienes.de\\\/fr\\\/#organization\"},\"potentialAction\":[{\"@type\":\"SearchAction\",\"target\":{\"@type\":\"EntryPoint\",\"urlTemplate\":\"https:\\\/\\\/www.dienes.de\\\/fr\\\/?s={search_term_string}\"},\"query-input\":{\"@type\":\"PropertyValueSpecification\",\"valueRequired\":true,\"valueName\":\"search_term_string\"}}],\"inLanguage\":\"fr-FR\"},{\"@type\":\"Organization\",\"@id\":\"https:\\\/\\\/www.dienes.de\\\/fr\\\/#organization\",\"name\":\"DIENES Werke f\u00fcr Maschinenteile GmbH & Co. KG\",\"alternateName\":\"DIENES Werke GmbH & Co KG\",\"url\":\"https:\\\/\\\/www.dienes.de\\\/fr\\\/\",\"logo\":{\"@type\":\"ImageObject\",\"inLanguage\":\"fr-FR\",\"@id\":\"https:\\\/\\\/www.dienes.de\\\/fr\\\/#\\\/schema\\\/logo\\\/image\\\/\",\"url\":\"https:\\\/\\\/www.dienes.de\\\/wp-content\\\/uploads\\\/2024\\\/04\\\/Logo-Yoast-SEO.png\",\"contentUrl\":\"https:\\\/\\\/www.dienes.de\\\/wp-content\\\/uploads\\\/2024\\\/04\\\/Logo-Yoast-SEO.png\",\"width\":696,\"height\":696,\"caption\":\"DIENES Werke f\u00fcr Maschinenteile GmbH & Co. KG\"},\"image\":{\"@id\":\"https:\\\/\\\/www.dienes.de\\\/fr\\\/#\\\/schema\\\/logo\\\/image\\\/\"},\"sameAs\":[\"https:\\\/\\\/m.facebook.com\\\/profile.php?id=100063618859102\",\"https:\\\/\\\/www.linkedin.com\\\/company\\\/dienes-werke\\\/\",\"https:\\\/\\\/www.instagram.com\\\/dieneswerke\\\/\"]}]}<\/script>\n<!-- \/ Yoast SEO plugin. -->","yoast_head_json":{"title":"Fonction suppl\u00e9mentaire : Easy Eject pour le changement de couteau - DIENES","description":"La fonction suppl\u00e9mentaire Easy Eject facilite le changement des couteaux sur les porte-couteaux \u00e0 \u00e9crasement, augmentant ainsi la s\u00e9curit\u00e9 de production.","robots":{"index":"index","follow":"follow","max-snippet":"max-snippet:-1","max-image-preview":"max-image-preview:large","max-video-preview":"max-video-preview:-1"},"canonical":"https:\/\/www.dienes.de\/fr\/fonction-supplementaire-easy-eject\/","og_locale":"fr_FR","og_type":"article","og_title":"Fonction suppl\u00e9mentaire : Easy Eject pour le changement de couteau - DIENES","og_description":"La fonction suppl\u00e9mentaire Easy Eject facilite le changement des couteaux sur les porte-couteaux \u00e0 \u00e9crasement, augmentant ainsi la s\u00e9curit\u00e9 de production.","og_url":"https:\/\/www.dienes.de\/fr\/fonction-supplementaire-easy-eject\/","og_site_name":"DIENES","article_publisher":"https:\/\/m.facebook.com\/profile.php?id=100063618859102","article_modified_time":"2021-05-11T08:08:23+00:00","og_image":[{"width":1024,"height":768,"url":"https:\/\/www.dienes.de\/wp-content\/uploads\/2020\/07\/Easy-Eject-.jpg","type":"image\/jpeg"}],"twitter_card":"summary_large_image","twitter_misc":{"Dur\u00e9e de lecture estim\u00e9e":"1 minute"},"schema":{"@context":"https:\/\/schema.org","@graph":[{"@type":"WebPage","@id":"https:\/\/www.dienes.de\/fr\/fonction-supplementaire-easy-eject\/","url":"https:\/\/www.dienes.de\/fr\/fonction-supplementaire-easy-eject\/","name":"Fonction suppl\u00e9mentaire : Easy Eject pour le changement de couteau - DIENES","isPartOf":{"@id":"https:\/\/www.dienes.de\/fr\/#website"},"primaryImageOfPage":{"@id":"https:\/\/www.dienes.de\/fr\/fonction-supplementaire-easy-eject\/#primaryimage"},"image":{"@id":"https:\/\/www.dienes.de\/fr\/fonction-supplementaire-easy-eject\/#primaryimage"},"thumbnailUrl":"https:\/\/www.dienes.de\/wp-content\/uploads\/2020\/07\/Easy-Eject-.jpg","datePublished":"2020-07-07T12:25:57+00:00","dateModified":"2021-05-11T08:08:23+00:00","description":"La fonction suppl\u00e9mentaire Easy Eject facilite le changement des couteaux sur les porte-couteaux \u00e0 \u00e9crasement, augmentant ainsi la s\u00e9curit\u00e9 de production.","breadcrumb":{"@id":"https:\/\/www.dienes.de\/fr\/fonction-supplementaire-easy-eject\/#breadcrumb"},"inLanguage":"fr-FR","potentialAction":[{"@type":"ReadAction","target":["https:\/\/www.dienes.de\/fr\/fonction-supplementaire-easy-eject\/"]}]},{"@type":"ImageObject","inLanguage":"fr-FR","@id":"https:\/\/www.dienes.de\/fr\/fonction-supplementaire-easy-eject\/#primaryimage","url":"https:\/\/www.dienes.de\/wp-content\/uploads\/2020\/07\/Easy-Eject-.jpg","contentUrl":"https:\/\/www.dienes.de\/wp-content\/uploads\/2020\/07\/Easy-Eject-.jpg","width":1024,"height":768,"caption":"La photo montre la fonction suppl\u00e9mentaire Easy Eject pour le changement de couteau, qui permet de sortir facilement et rapidement le couteau d'\u00e9crasement."},{"@type":"BreadcrumbList","@id":"https:\/\/www.dienes.de\/fr\/fonction-supplementaire-easy-eject\/#breadcrumb","itemListElement":[{"@type":"ListItem","position":1,"name":"Startseite","item":"https:\/\/www.dienes.de\/fr\/"},{"@type":"ListItem","position":2,"name":"Fonction suppl\u00e9mentaire : Easy Eject pour le changement de couteau"}]},{"@type":"WebSite","@id":"https:\/\/www.dienes.de\/fr\/#website","url":"https:\/\/www.dienes.de\/fr\/","name":"DIENES","description":"DIENES \u2013 WELTKLASSE \u2013 WELTWEIT","publisher":{"@id":"https:\/\/www.dienes.de\/fr\/#organization"},"potentialAction":[{"@type":"SearchAction","target":{"@type":"EntryPoint","urlTemplate":"https:\/\/www.dienes.de\/fr\/?s={search_term_string}"},"query-input":{"@type":"PropertyValueSpecification","valueRequired":true,"valueName":"search_term_string"}}],"inLanguage":"fr-FR"},{"@type":"Organization","@id":"https:\/\/www.dienes.de\/fr\/#organization","name":"DIENES Werke f\u00fcr Maschinenteile GmbH & Co. KG","alternateName":"DIENES Werke GmbH & Co KG","url":"https:\/\/www.dienes.de\/fr\/","logo":{"@type":"ImageObject","inLanguage":"fr-FR","@id":"https:\/\/www.dienes.de\/fr\/#\/schema\/logo\/image\/","url":"https:\/\/www.dienes.de\/wp-content\/uploads\/2024\/04\/Logo-Yoast-SEO.png","contentUrl":"https:\/\/www.dienes.de\/wp-content\/uploads\/2024\/04\/Logo-Yoast-SEO.png","width":696,"height":696,"caption":"DIENES Werke f\u00fcr Maschinenteile GmbH & Co. KG"},"image":{"@id":"https:\/\/www.dienes.de\/fr\/#\/schema\/logo\/image\/"},"sameAs":["https:\/\/m.facebook.com\/profile.php?id=100063618859102","https:\/\/www.linkedin.com\/company\/dienes-werke\/","https:\/\/www.instagram.com\/dieneswerke\/"]}]}},"_links":{"self":[{"href":"https:\/\/www.dienes.de\/fr\/wp-json\/wp\/v2\/pages\/16149","targetHints":{"allow":["GET"]}}],"collection":[{"href":"https:\/\/www.dienes.de\/fr\/wp-json\/wp\/v2\/pages"}],"about":[{"href":"https:\/\/www.dienes.de\/fr\/wp-json\/wp\/v2\/types\/page"}],"author":[{"embeddable":true,"href":"https:\/\/www.dienes.de\/fr\/wp-json\/wp\/v2\/users\/26"}],"replies":[{"embeddable":true,"href":"https:\/\/www.dienes.de\/fr\/wp-json\/wp\/v2\/comments?post=16149"}],"version-history":[{"count":0,"href":"https:\/\/www.dienes.de\/fr\/wp-json\/wp\/v2\/pages\/16149\/revisions"}],"wp:featuredmedia":[{"embeddable":true,"href":"https:\/\/www.dienes.de\/fr\/wp-json\/wp\/v2\/media\/6679"}],"wp:attachment":[{"href":"https:\/\/www.dienes.de\/fr\/wp-json\/wp\/v2\/media?parent=16149"}],"curies":[{"name":"wp","href":"https:\/\/api.w.org\/{rel}","templated":true}]}}