{"id":18444,"date":"2021-04-27T07:36:43","date_gmt":"2021-04-27T05:36:43","guid":{"rendered":"https:\/\/www.dienes.de\/services\/"},"modified":"2021-05-10T13:03:23","modified_gmt":"2021-05-10T11:03:23","slug":"services","status":"publish","type":"page","link":"https:\/\/www.dienes.de\/fr\/services\/","title":{"rendered":"Services"},"content":{"rendered":"\n<div class=\"wp-block-columns is-layout-flex wp-container-core-columns-is-layout-9d6595d7 wp-block-columns-is-layout-flex\">\n<div class=\"wp-block-column is-layout-flow wp-block-column-is-layout-flow\" style=\"flex-basis:66.66%\">\n    \n\n<div class=\"teaser teaser--block    \">\n                        <div class=\"teaser__image-wrapper teaser__image-wrapper--flex\">\n            <picture class=\"\">\n            <source type=\"image\/webp\"\n                data-srcset=\"https:\/\/www.dienes.de\/wp-content\/uploads\/2020\/05\/72_Scherenschnittmesserhalter-in-Komb-mit-Mehrnutzen-Messern--265x350-c-default.webp 1x, https:\/\/www.dienes.de\/wp-content\/uploads\/2020\/05\/72_Scherenschnittmesserhalter-in-Komb-mit-Mehrnutzen-Messern--530x700-c-default.webp 2x\" \/>\n    \n    <img data-src=\"https:\/\/www.dienes.de\/wp-content\/uploads\/2020\/05\/72_Scherenschnittmesserhalter-in-Komb-mit-Mehrnutzen-Messern--265x350-c-default.jpg\"\n         data-lowsrc=\"https:\/\/www.dienes.de\/wp-content\/uploads\/2020\/05\/72_Scherenschnittmesserhalter-in-Komb-mit-Mehrnutzen-Messern--26.5x35-c-default.jpg\"\n         data-width=\"265\"\n         data-height=\"350\"\n         data-sizes=\"auto\"\n         class=\"lazyload teaser__image\"\n                            srcset=\"https:\/\/www.dienes.de\/wp-content\/uploads\/2020\/05\/72_Scherenschnittmesserhalter-in-Komb-mit-Mehrnutzen-Messern--265x350-c-default.jpg 1x, https:\/\/www.dienes.de\/wp-content\/uploads\/2020\/05\/72_Scherenschnittmesserhalter-in-Komb-mit-Mehrnutzen-Messern--530x700-c-default.jpg 2x\"\n                data-srcset=\"https:\/\/www.dienes.de\/wp-content\/uploads\/2020\/05\/72_Scherenschnittmesserhalter-in-Komb-mit-Mehrnutzen-Messern--265x350-c-default.jpg 1x, https:\/\/www.dienes.de\/wp-content\/uploads\/2020\/05\/72_Scherenschnittmesserhalter-in-Komb-mit-Mehrnutzen-Messern--530x700-c-default.jpg 2x\"\n                                        alt=\"Cette photo montre un syst\u00e8me de coupe DIENES avec des porte-couteaux \u00e0 cisaillement en combinaison avec des couteaux \u00e0 usages multiples. Le syst\u00e8me de coupe en a \u00e9t\u00e9 \u00e9quip\u00e9 dans le cadre du service \"Modernisation\".\"\n                >\n<\/picture>\n\n        <\/div>\n    \n            <div class=\"teaser__body\">\n        <div class=\"teaser__content\">\n            <h3 class=\"headline headline--h3 headline--underscore\">Modernisierungen <\/h3>\n            <p>Mit dem individuellen Service DIENES Retrofit helfen wir Ihnen immer am Puls der Zeit zu bleiben. Lassen Sie ihre alten Anlagen auf den neusten Stand der Technik bringen und verbessern Sie so ihren Produktionsabl\u00e4ufe und Schneidergebnisse.<\/p>\n\n\n            \n                                \n    <a href=\"https:\/\/www.dienes.de\/leistungen\/modernisierungen\/\" target=\"\" class=\"button teaser__button  \" title=\"Modernisierungen \">\n        <span class=\"\">Modernisierungen <\/span>\n    <\/a>\n\n                    <\/div>\n            <\/div>\n\n    <\/div>\n\n\n\n    \n\n<div class=\"teaser teaser--block    \">\n                        <div class=\"teaser__image-wrapper teaser__image-wrapper--flex\">\n            <picture class=\"\">\n            <source type=\"image\/webp\"\n                data-srcset=\"https:\/\/www.dienes.de\/wp-content\/uploads\/2019\/10\/Schneidakademie-265x350-c-default.webp\" \/>\n    \n    <img data-src=\"https:\/\/www.dienes.de\/wp-content\/uploads\/2019\/10\/Schneidakademie-265x350-c-default.jpg\"\n         data-lowsrc=\"https:\/\/www.dienes.de\/wp-content\/uploads\/2019\/10\/Schneidakademie-26.5x35-c-default.jpg\"\n         data-width=\"265\"\n         data-height=\"350\"\n         data-sizes=\"auto\"\n         class=\"lazyload teaser__image\"\n                                        alt=\"S\u00e9minaire de coupe DIENES dans notre acad\u00e9mie, en ligne ou sur le site du client.\"\n                >\n<\/picture>\n\n        <\/div>\n    \n            <div class=\"teaser__body\">\n        <div class=\"teaser__content\">\n            <h3 class=\"headline headline--h3 headline--underscore\">Schneidakademie <\/h3>\n            <p>Die DIENES Schneidakademie hilft Ihnen und Ihren Mitarbeitern Schneidmaterialien- und Verfahren besser zu verstehen. Durch individuelle Analysen, Schneidwerkzeug-Optimierung und auf sie abgestimmte Schulungen k\u00f6nnen Sie so Arbeitsprozesse optimieren und effizienter gestalten.<\/p>\n\n\n            \n                                \n    <a href=\"https:\/\/www.dienes.de\/leistungen\/schneidakademie\/\" target=\"\" class=\"button teaser__button  \" title=\"Unsere Schneidakademie\">\n        <span class=\"\">Unsere Schneidakademie<\/span>\n    <\/a>\n\n                    <\/div>\n            <\/div>\n\n    <\/div>\n\n\n\n    \n\n<div class=\"teaser teaser--block    \">\n                        <div class=\"teaser__image-wrapper teaser__image-wrapper--flex\">\n            <picture class=\"\">\n            <source type=\"image\/webp\"\n                data-srcset=\"https:\/\/www.dienes.de\/wp-content\/uploads\/2020\/02\/Nachschleifservice-265x350-c-default.webp\" \/>\n    \n    <img data-src=\"https:\/\/www.dienes.de\/wp-content\/uploads\/2020\/02\/Nachschleifservice-265x350-c-default.jpg\"\n         data-lowsrc=\"https:\/\/www.dienes.de\/wp-content\/uploads\/2020\/02\/Nachschleifservice-26.5x35-c-default.jpg\"\n         data-width=\"265\"\n         data-height=\"350\"\n         data-sizes=\"auto\"\n         class=\"lazyload teaser__image\"\n                                        alt=\"La photo montre le r\u00e9aff\u00fbtage professionnel d'un outil de coupe chez DIENES.\"\n                >\n<\/picture>\n\n        <\/div>\n    \n            <div class=\"teaser__body\">\n        <div class=\"teaser__content\">\n            <h3 class=\"headline headline--h3 headline--underscore\">Nachschleifservice<\/h3>\n            <p>Die Bedeutung des Nachschleifens der Messer f\u00fcr den Schneidprozess und somit f\u00fcr optimale Ergebnisse wird oft untersch\u00e4tzt. Unser Experten-Nachschleifservice sorgt daf\u00fcr, dass Sie sich um dieses Thema keine weiteren Gedanken machen m\u00fcssen. <\/p>\n\n\n            \n                                \n    <a href=\"https:\/\/www.dienes.de\/leistungen\/nachschleifservice\/\" target=\"\" class=\"button teaser__button  \" title=\"Unser Nachschleifservice \">\n        <span class=\"\">Unser Nachschleifservice <\/span>\n    <\/a>\n\n                    <\/div>\n            <\/div>\n\n    <\/div>\n\n\n\n    \n\n<div class=\"teaser teaser--block    \">\n                        <div class=\"teaser__image-wrapper teaser__image-wrapper--flex\">\n            <picture class=\"\">\n            <source type=\"image\/webp\"\n                data-srcset=\"https:\/\/www.dienes.de\/wp-content\/uploads\/2019\/10\/Technischer_Support-265x350-c-default.webp\" \/>\n    \n    <img data-src=\"https:\/\/www.dienes.de\/wp-content\/uploads\/2019\/10\/Technischer_Support-265x350-c-default.jpg\"\n         data-lowsrc=\"https:\/\/www.dienes.de\/wp-content\/uploads\/2019\/10\/Technischer_Support-26.5x35-c-default.jpg\"\n         data-width=\"265\"\n         data-height=\"350\"\n         data-sizes=\"auto\"\n         class=\"lazyload teaser__image\"\n                                        alt=\"Le personnel de soutien technique de DIENES.\"\n                >\n<\/picture>\n\n        <\/div>\n    \n            <div class=\"teaser__body\">\n        <div class=\"teaser__content\">\n            <h3 class=\"headline headline--h3 headline--underscore\">Technischer Support <\/h3>\n            <p>Ebenso wie bei unseren Produkten legen wir auch bei unserem Service Wert auf eine hohe Qualit\u00e4t. Unser Technischer Support unterst\u00fctzt Sie bei Fragen rund um das Thema Schneiden, sowie bei Wartung, Montage, Prozessoptimierung, Ersatzteillieferung oder dem Nachschleifservice.<\/p>\n\n\n            \n                                \n    <a href=\"https:\/\/www.dienes.de\/leistungen\/technischer-support\/\" target=\"\" class=\"button teaser__button  \" title=\"Unser Technischer Support\">\n        <span class=\"\">Unser Technischer Support<\/span>\n    <\/a>\n\n                    <\/div>\n            <\/div>\n\n    <\/div>\n<\/div>\n\n\n\n<div class=\"wp-block-column is-layout-flow wp-block-column-is-layout-flow\" style=\"flex-basis:33.33%\"><aside class=\"sidebar\">\n    \n            \n        <div class=\"sidebar-box\">\n    \n                            <h3 class=\"headline headline--h3 sidebar-box__headline\">360\u00b0 de performance d&rsquo;une seule main d&rsquo;oeuvre<\/h3>\n\n    <div class=\"sidebar-box__text\"><p>En plus de nos produits, nous offrons de nombreux avantages, services et possibilit\u00e9s de formation.<\/p>\n<\/div>\n                                <div class=\"circle-360\">\n            <a href=\"https:\/\/www.dienes.de\/fr\/produits\/porte-couteau\/\" target=\"\" class=\"circle-360__button button button--secondary\">Portes couteaux<\/a>\n            <a href=\"https:\/\/www.dienes.de\/fr\/services\/schneidakademie\/\" target=\"\" class=\"circle-360__button button button--secondary\">Acad\u00e9mie de coupe<\/a>\n            <a href=\"https:\/\/www.dienes.de\/fr\/services\/service-daffutage\/\" target=\"\" class=\"circle-360__button button button--secondary\">Service d\u2019affutage<\/a>\n            <a href=\"https:\/\/www.dienes.de\/fr\/produits\/systeme-de-coupe\/\" target=\"\" class=\"circle-360__button button button--secondary\">Syst\u00e8me de coupe<\/a>\n            <a href=\"https:\/\/www.dienes.de\/fr\/services\/technischer-support\/\" target=\"\" class=\"circle-360__button button button--secondary\">Support technique<\/a>\n    <\/div>\n            <\/div>\n            \n        <div class=\"sidebar-box\">\n    \n                            <h3 class=\"headline headline--h3 sidebar-box__headline\">\u00cates vous int\u00e9ress\u00e9 par une solution individuelle ?<\/h3>\n\n    <div class=\"sidebar-box__text\"><p>Nous r\u00e9soudrons vos probl\u00e8mes! En plus de nos produits de s\u00e9rie, nous fabriquons des outils de coupe qui sont d\u00e9velopp\u00e9s exactement selon les exigences du client pour des applications sp\u00e9ciales ou de nouvelles machines.<\/p>\n<\/div>\n                                <div class=\"sidebar-contact-details\">\n    <div class=\"sidebar-contact-details__label sidebar-contact-details__name\"><\/div>\n\n            <div class=\"sidebar-contact-details__row\">\n            <span class=\"sidebar-contact-details__label\">T\u00e9l\u00e9phone :<\/span>\n            <span>+49 2206 605-0<\/span>\n        <\/div>\n    \n    <\/div>\n                                <div>\n    <a href=\"https:\/\/www.dienes.de\/fr\/dienes-kontakt\/\" target=\"\" class=\"sidebar-box__link  link \">\n        <span class=\"link__text\">\n            Nous contacter\n        <\/span>\n    <\/a>\n<\/div>\n            <\/div>\n            \n        <div class=\"sidebar-box\">\n    \n                        \n    <div class=\"sidebar-box__text\"><p><img loading=\"lazy\" decoding=\"async\" src=\"https:\/\/www.dienes.de\/wp-content\/uploads\/2020\/07\/Siegel-10-gute-gruende-EN-300x300.png\" alt=\"\" width=\"300\" height=\"300\" class=\"alignnone size-medium wp-image-14426\" srcset=\"https:\/\/www.dienes.de\/wp-content\/uploads\/2020\/07\/Siegel-10-gute-gruende-EN-300x300.png 300w, https:\/\/www.dienes.de\/wp-content\/uploads\/2020\/07\/Siegel-10-gute-gruende-EN-1024x1024.png 1024w, https:\/\/www.dienes.de\/wp-content\/uploads\/2020\/07\/Siegel-10-gute-gruende-EN-150x150.png 150w, https:\/\/www.dienes.de\/wp-content\/uploads\/2020\/07\/Siegel-10-gute-gruende-EN-768x768.png 768w, https:\/\/www.dienes.de\/wp-content\/uploads\/2020\/07\/Siegel-10-gute-gruende-EN-1536x1536.png 1536w, https:\/\/www.dienes.de\/wp-content\/uploads\/2020\/07\/Siegel-10-gute-gruende-EN.png 1624w\" sizes=\"auto, (max-width: 300px) 100vw, 300px\" \/><\/p>\n<p>DIENES est le premier fabricant mondial et fournisseur d&rsquo;une gamme compl\u00e8te d&rsquo;outils de coupe industriels et de syst\u00e8mes de coupe orient\u00e9s vers les solutions. Et cela a ses bonnes raisons. Dix, pour \u00eatre pr\u00e9cis, qui permettent \u00e0 nos clients d&rsquo;aller de l&rsquo;avant.<\/p>\n<\/div>\n                                <div>\n    <a href=\"https:\/\/www.dienes.de\/fr\/10-gute-gruende\/\" target=\"\" class=\"sidebar-box__link sidebar-box__link--button button  \">\n        <span class=\"\">\n            En savoir plus\n        <\/span>\n    <\/a>\n<\/div>\n            <\/div>\n    <\/aside>\n<\/div>\n<\/div>\n\n<h2 class=\"wp-block-heading\">Ceci pourrait \u00e9galement vous int\u00e9resser <\/h2>\n<div class=\"teaser-grid\">\n    \n                    <div class=\"teaser-grid__item\">\n            <div class=\"teaser teaser--white teaser--small teaser--shadow-box\">\n                                    <div class=\"teaser__image-wrapper teaser-grid__image-wrapper\">\n                            <figure data-expand=\"1\">\n        <picture class=\"\">\n            <source type=\"image\/webp\"\n                data-srcset=\"https:\/\/www.dienes.de\/wp-content\/uploads\/2020\/07\/Rundmesser-700x350-c-default.webp\" \/>\n    \n    <img data-src=\"https:\/\/www.dienes.de\/wp-content\/uploads\/2020\/07\/Rundmesser-700x350-c-default.jpg\"\n         data-lowsrc=\"https:\/\/www.dienes.de\/wp-content\/uploads\/2020\/07\/Rundmesser-70x35-c-default.jpg\"\n         data-width=\"700\"\n         data-height=\"350\"\n         data-sizes=\"auto\"\n         class=\"lazyload teaser__image\"\n                                        alt=\"La photo montre quatre des couteaux ronds DIENES.\"\n                >\n<\/picture>\n\n    <\/figure>\n\n                    <\/div>\n                                <div class=\"teaser__body\">\n                    <div class=\"headline headline--h3\">Rundmesser <\/div>\n                                            <p class=\"teaser__text\">DIENES bietet hochwertige und effiziente Rundmesser aus verschiedenen Materialien und f\u00fcr unterschiedliche Schnittverfahren an. Unsere Messer \u00fcberzeugen mit langen Lebenszeiten und optimalen Schneidergebnissen. <\/p>\n                                                                <a href=\"https:\/\/www.dienes.de\/produkte\/rundmesser\/\" target=\"\" class=\"link teaser__link\">\n                            <span class=\"link__text\">Zu unseren Rundmessern<\/span>\n                        <\/a>\n                                    <\/div>\n            <\/div>\n        <\/div>\n                    <div class=\"teaser-grid__item\">\n            <div class=\"teaser teaser--white teaser--small teaser--shadow-box\">\n                                    <div class=\"teaser__image-wrapper teaser-grid__image-wrapper\">\n                            <figure data-expand=\"1\">\n        <picture class=\"\">\n            <source type=\"image\/webp\"\n                data-srcset=\"https:\/\/www.dienes.de\/wp-content\/uploads\/2020\/05\/Hochleistungsventile-f\u00fcr-petro-chemische-Anwendungen-700x350-c-default.webp\" \/>\n    \n    <img data-src=\"https:\/\/www.dienes.de\/wp-content\/uploads\/2020\/05\/Hochleistungsventile-f\u00fcr-petro-chemische-Anwendungen-700x350-c-default.jpg\"\n         data-lowsrc=\"https:\/\/www.dienes.de\/wp-content\/uploads\/2020\/05\/Hochleistungsventile-f\u00fcr-petro-chemische-Anwendungen-70x35-c-default.jpg\"\n         data-width=\"700\"\n         data-height=\"350\"\n         data-sizes=\"auto\"\n         class=\"lazyload teaser__image\"\n                                        alt=\"Cette photo montre une vanne haute performance pour les applications (p\u00e9tro)chimiques.\"\n                >\n<\/picture>\n\n    <\/figure>\n\n                    <\/div>\n                                <div class=\"teaser__body\">\n                    <div class=\"headline headline--h3\">Ventile <\/div>\n                                            <p class=\"teaser__text\">Neben Messern und Schneidsystemen geh\u00f6ren auch Ventile zu unserem Sortiment. Hierbei liegt unser Augemerk sowohl auf der Entwicklung, als auch auf der Herstellung von Arbeitsventilen f\u00fcr Kolbenverdichter sowie von Regelkomponenten f\u00fcr Schraubenverdichter.<\/p>\n                                                                <a href=\"https:\/\/www.dienes.de\/produkte\/ventile\/\" target=\"\" class=\"link teaser__link\">\n                            <span class=\"link__text\">Zu unseren Ventilen<\/span>\n                        <\/a>\n                                    <\/div>\n            <\/div>\n        <\/div>\n    <\/div>\n","protected":false},"excerpt":{"rendered":"<p>Ceci pourrait \u00e9galement vous int\u00e9resser<\/p>\n","protected":false},"author":1,"featured_media":0,"parent":0,"menu_order":0,"comment_status":"closed","ping_status":"closed","template":"","meta":{"_acf_changed":false,"footnotes":""},"class_list":["post-18444","page","type-page","status-publish","hentry"],"acf":[],"yoast_head":"<!-- This site is optimized with the Yoast SEO plugin v27.6 - https:\/\/yoast.com\/product\/yoast-seo-wordpress\/ -->\n<title>Services - DIENES<\/title>\n<meta name=\"description\" content=\"En plus de nos produits, nous offrons \u00e9galement \u00e0 nos clients une large gamme de services : L&#039;optimisation des processus de coupe est toujours au centre de nos pr\u00e9occupations.\" \/>\n<meta name=\"robots\" content=\"index, follow, max-snippet:-1, max-image-preview:large, max-video-preview:-1\" \/>\n<link rel=\"canonical\" href=\"https:\/\/www.dienes.de\/fr\/services\/\" \/>\n<meta property=\"og:locale\" content=\"fr_FR\" \/>\n<meta property=\"og:type\" content=\"article\" \/>\n<meta property=\"og:title\" content=\"Services - DIENES\" \/>\n<meta property=\"og:description\" content=\"En plus de nos produits, nous offrons \u00e9galement \u00e0 nos clients une large gamme de services : L&#039;optimisation des processus de coupe est toujours au centre de nos pr\u00e9occupations.\" \/>\n<meta property=\"og:url\" content=\"https:\/\/www.dienes.de\/fr\/services\/\" \/>\n<meta property=\"og:site_name\" content=\"DIENES\" \/>\n<meta property=\"article:publisher\" content=\"https:\/\/m.facebook.com\/profile.php?id=100063618859102\" \/>\n<meta property=\"article:modified_time\" content=\"2021-05-10T11:03:23+00:00\" \/>\n<meta name=\"twitter:card\" content=\"summary_large_image\" \/>\n<script type=\"application\/ld+json\" class=\"yoast-schema-graph\">{\"@context\":\"https:\\\/\\\/schema.org\",\"@graph\":[{\"@type\":\"WebPage\",\"@id\":\"https:\\\/\\\/www.dienes.de\\\/fr\\\/services\\\/\",\"url\":\"https:\\\/\\\/www.dienes.de\\\/fr\\\/services\\\/\",\"name\":\"Services - DIENES\",\"isPartOf\":{\"@id\":\"https:\\\/\\\/www.dienes.de\\\/fr\\\/#website\"},\"datePublished\":\"2021-04-27T05:36:43+00:00\",\"dateModified\":\"2021-05-10T11:03:23+00:00\",\"description\":\"En plus de nos produits, nous offrons \u00e9galement \u00e0 nos clients une large gamme de services : L'optimisation des processus de coupe est toujours au centre de nos pr\u00e9occupations.\",\"breadcrumb\":{\"@id\":\"https:\\\/\\\/www.dienes.de\\\/fr\\\/services\\\/#breadcrumb\"},\"inLanguage\":\"fr-FR\",\"potentialAction\":[{\"@type\":\"ReadAction\",\"target\":[\"https:\\\/\\\/www.dienes.de\\\/fr\\\/services\\\/\"]}]},{\"@type\":\"BreadcrumbList\",\"@id\":\"https:\\\/\\\/www.dienes.de\\\/fr\\\/services\\\/#breadcrumb\",\"itemListElement\":[{\"@type\":\"ListItem\",\"position\":1,\"name\":\"Startseite\",\"item\":\"https:\\\/\\\/www.dienes.de\\\/fr\\\/\"},{\"@type\":\"ListItem\",\"position\":2,\"name\":\"Services\"}]},{\"@type\":\"WebSite\",\"@id\":\"https:\\\/\\\/www.dienes.de\\\/fr\\\/#website\",\"url\":\"https:\\\/\\\/www.dienes.de\\\/fr\\\/\",\"name\":\"DIENES\",\"description\":\"DIENES \u2013 WELTKLASSE \u2013 WELTWEIT\",\"publisher\":{\"@id\":\"https:\\\/\\\/www.dienes.de\\\/fr\\\/#organization\"},\"potentialAction\":[{\"@type\":\"SearchAction\",\"target\":{\"@type\":\"EntryPoint\",\"urlTemplate\":\"https:\\\/\\\/www.dienes.de\\\/fr\\\/?s={search_term_string}\"},\"query-input\":{\"@type\":\"PropertyValueSpecification\",\"valueRequired\":true,\"valueName\":\"search_term_string\"}}],\"inLanguage\":\"fr-FR\"},{\"@type\":\"Organization\",\"@id\":\"https:\\\/\\\/www.dienes.de\\\/fr\\\/#organization\",\"name\":\"DIENES Werke f\u00fcr Maschinenteile GmbH & Co. KG\",\"alternateName\":\"DIENES Werke GmbH & Co KG\",\"url\":\"https:\\\/\\\/www.dienes.de\\\/fr\\\/\",\"logo\":{\"@type\":\"ImageObject\",\"inLanguage\":\"fr-FR\",\"@id\":\"https:\\\/\\\/www.dienes.de\\\/fr\\\/#\\\/schema\\\/logo\\\/image\\\/\",\"url\":\"https:\\\/\\\/www.dienes.de\\\/wp-content\\\/uploads\\\/2024\\\/04\\\/Logo-Yoast-SEO.png\",\"contentUrl\":\"https:\\\/\\\/www.dienes.de\\\/wp-content\\\/uploads\\\/2024\\\/04\\\/Logo-Yoast-SEO.png\",\"width\":696,\"height\":696,\"caption\":\"DIENES Werke f\u00fcr Maschinenteile GmbH & Co. KG\"},\"image\":{\"@id\":\"https:\\\/\\\/www.dienes.de\\\/fr\\\/#\\\/schema\\\/logo\\\/image\\\/\"},\"sameAs\":[\"https:\\\/\\\/m.facebook.com\\\/profile.php?id=100063618859102\",\"https:\\\/\\\/www.linkedin.com\\\/company\\\/dienes-werke\\\/\",\"https:\\\/\\\/www.instagram.com\\\/dieneswerke\\\/\"]}]}<\/script>\n<!-- \/ Yoast SEO plugin. -->","yoast_head_json":{"title":"Services - DIENES","description":"En plus de nos produits, nous offrons \u00e9galement \u00e0 nos clients une large gamme de services : L'optimisation des processus de coupe est toujours au centre de nos pr\u00e9occupations.","robots":{"index":"index","follow":"follow","max-snippet":"max-snippet:-1","max-image-preview":"max-image-preview:large","max-video-preview":"max-video-preview:-1"},"canonical":"https:\/\/www.dienes.de\/fr\/services\/","og_locale":"fr_FR","og_type":"article","og_title":"Services - DIENES","og_description":"En plus de nos produits, nous offrons \u00e9galement \u00e0 nos clients une large gamme de services : L'optimisation des processus de coupe est toujours au centre de nos pr\u00e9occupations.","og_url":"https:\/\/www.dienes.de\/fr\/services\/","og_site_name":"DIENES","article_publisher":"https:\/\/m.facebook.com\/profile.php?id=100063618859102","article_modified_time":"2021-05-10T11:03:23+00:00","twitter_card":"summary_large_image","schema":{"@context":"https:\/\/schema.org","@graph":[{"@type":"WebPage","@id":"https:\/\/www.dienes.de\/fr\/services\/","url":"https:\/\/www.dienes.de\/fr\/services\/","name":"Services - DIENES","isPartOf":{"@id":"https:\/\/www.dienes.de\/fr\/#website"},"datePublished":"2021-04-27T05:36:43+00:00","dateModified":"2021-05-10T11:03:23+00:00","description":"En plus de nos produits, nous offrons \u00e9galement \u00e0 nos clients une large gamme de services : L'optimisation des processus de coupe est toujours au centre de nos pr\u00e9occupations.","breadcrumb":{"@id":"https:\/\/www.dienes.de\/fr\/services\/#breadcrumb"},"inLanguage":"fr-FR","potentialAction":[{"@type":"ReadAction","target":["https:\/\/www.dienes.de\/fr\/services\/"]}]},{"@type":"BreadcrumbList","@id":"https:\/\/www.dienes.de\/fr\/services\/#breadcrumb","itemListElement":[{"@type":"ListItem","position":1,"name":"Startseite","item":"https:\/\/www.dienes.de\/fr\/"},{"@type":"ListItem","position":2,"name":"Services"}]},{"@type":"WebSite","@id":"https:\/\/www.dienes.de\/fr\/#website","url":"https:\/\/www.dienes.de\/fr\/","name":"DIENES","description":"DIENES \u2013 WELTKLASSE \u2013 WELTWEIT","publisher":{"@id":"https:\/\/www.dienes.de\/fr\/#organization"},"potentialAction":[{"@type":"SearchAction","target":{"@type":"EntryPoint","urlTemplate":"https:\/\/www.dienes.de\/fr\/?s={search_term_string}"},"query-input":{"@type":"PropertyValueSpecification","valueRequired":true,"valueName":"search_term_string"}}],"inLanguage":"fr-FR"},{"@type":"Organization","@id":"https:\/\/www.dienes.de\/fr\/#organization","name":"DIENES Werke f\u00fcr Maschinenteile GmbH & Co. KG","alternateName":"DIENES Werke GmbH & Co KG","url":"https:\/\/www.dienes.de\/fr\/","logo":{"@type":"ImageObject","inLanguage":"fr-FR","@id":"https:\/\/www.dienes.de\/fr\/#\/schema\/logo\/image\/","url":"https:\/\/www.dienes.de\/wp-content\/uploads\/2024\/04\/Logo-Yoast-SEO.png","contentUrl":"https:\/\/www.dienes.de\/wp-content\/uploads\/2024\/04\/Logo-Yoast-SEO.png","width":696,"height":696,"caption":"DIENES Werke f\u00fcr Maschinenteile GmbH & Co. KG"},"image":{"@id":"https:\/\/www.dienes.de\/fr\/#\/schema\/logo\/image\/"},"sameAs":["https:\/\/m.facebook.com\/profile.php?id=100063618859102","https:\/\/www.linkedin.com\/company\/dienes-werke\/","https:\/\/www.instagram.com\/dieneswerke\/"]}]}},"_links":{"self":[{"href":"https:\/\/www.dienes.de\/fr\/wp-json\/wp\/v2\/pages\/18444","targetHints":{"allow":["GET"]}}],"collection":[{"href":"https:\/\/www.dienes.de\/fr\/wp-json\/wp\/v2\/pages"}],"about":[{"href":"https:\/\/www.dienes.de\/fr\/wp-json\/wp\/v2\/types\/page"}],"author":[{"embeddable":true,"href":"https:\/\/www.dienes.de\/fr\/wp-json\/wp\/v2\/users\/1"}],"replies":[{"embeddable":true,"href":"https:\/\/www.dienes.de\/fr\/wp-json\/wp\/v2\/comments?post=18444"}],"version-history":[{"count":0,"href":"https:\/\/www.dienes.de\/fr\/wp-json\/wp\/v2\/pages\/18444\/revisions"}],"wp:attachment":[{"href":"https:\/\/www.dienes.de\/fr\/wp-json\/wp\/v2\/media?parent=18444"}],"curies":[{"name":"wp","href":"https:\/\/api.w.org\/{rel}","templated":true}]}}