{"id":18896,"date":"2020-01-07T17:19:40","date_gmt":"2020-01-07T16:19:40","guid":{"rendered":"https:\/\/www.dienes.de\/suche\/"},"modified":"2021-06-07T07:23:47","modified_gmt":"2021-06-07T05:23:47","slug":"suche","status":"publish","type":"page","link":"https:\/\/www.dienes.de\/fr\/suche\/","title":{"rendered":"Recherche"},"content":{"rendered":"\n\n<div class=\"teaser-grid\">\n    \n                    <div class=\"teaser-grid__item\">\n            <div class=\"teaser teaser--white teaser--small teaser--shadow-box\">\n                                    <div class=\"teaser__image-wrapper teaser-grid__image-wrapper\">\n                            <figure data-expand=\"1\">\n        <picture class=\"\">\n            <source type=\"image\/webp\"\n                data-srcset=\"https:\/\/www.dienes.de\/wp-content\/uploads\/2020\/07\/Rundmesser-700x350-c-default.webp\" \/>\n    \n    <img data-src=\"https:\/\/www.dienes.de\/wp-content\/uploads\/2020\/07\/Rundmesser-700x350-c-default.jpg\"\n         data-lowsrc=\"https:\/\/www.dienes.de\/wp-content\/uploads\/2020\/07\/Rundmesser-70x35-c-default.jpg\"\n         data-width=\"700\"\n         data-height=\"350\"\n         data-sizes=\"auto\"\n         class=\"lazyload teaser__image\"\n                                        alt=\"La photo montre quatre des couteaux ronds DIENES.\"\n                >\n<\/picture>\n\n    <\/figure>\n\n                    <\/div>\n                                <div class=\"teaser__body\">\n                    <div class=\"headline headline--h3\">Unsere Produkte<\/div>\n                                            <p class=\"teaser__text\">DIENES bietet ein breites Produktsortiment das neben dem Standardsortiment auch individuell auf die Anspr\u00fcche unserer Kunden abgestimmte Produkte umfasst. Von Rundmessern, \u00fcber Langmesser, Messerhalter und vollst\u00e4ndige Schneidsysteme bin hin zu Schneidleisten und Ventilen erf\u00fcllt DIENES die h\u00f6chsten Anspr\u00fcche. <\/p>\n                                                                <a href=\"https:\/\/www.dienes.de\/produkte\/\" target=\"\" class=\"link teaser__link\">\n                            <span class=\"link__text\">Zu den Produkten<\/span>\n                        <\/a>\n                                    <\/div>\n            <\/div>\n        <\/div>\n                    <div class=\"teaser-grid__item\">\n            <div class=\"teaser teaser--white teaser--small teaser--shadow-box\">\n                                    <div class=\"teaser__image-wrapper teaser-grid__image-wrapper\">\n                            <figure data-expand=\"1\">\n        <picture class=\"\">\n            <source type=\"image\/webp\"\n                data-srcset=\"https:\/\/www.dienes.de\/wp-content\/uploads\/2020\/02\/Nonwoven-Textil-700x350-c-default.webp\" \/>\n    \n    <img data-src=\"https:\/\/www.dienes.de\/wp-content\/uploads\/2020\/02\/Nonwoven-Textil-700x350-c-default.jpg\"\n         data-lowsrc=\"https:\/\/www.dienes.de\/wp-content\/uploads\/2020\/02\/Nonwoven-Textil-70x35-c-default.jpg\"\n         data-width=\"700\"\n         data-height=\"350\"\n         data-sizes=\"auto\"\n         class=\"lazyload teaser__image\"\n                                        alt=\"Image de l'industrie textile et non tiss\u00e9e\"\n                >\n<\/picture>\n\n    <\/figure>\n\n                    <\/div>\n                                <div class=\"teaser__body\">\n                    <div class=\"headline headline--h3\">DIENES-Welt entdecken!<\/div>\n                                            <p class=\"teaser__text\">Welches Schneidverfahren passt zu welchem Schneidmaterial? Was f\u00fcr DIENES Produkte eignen sich f\u00fcr die Maschinen, die Sie im Einsatz haben?\r\nProfitieren Sie von unserer langj\u00e4hrigen Erfahrung und erfahren Sie mehr \u00fcber die Vorteile der verschiedenen Schneidverfahren, sowie die unterschiedlichen Anforderungen der Schneidmaterialien. <\/p>\n                                                                <a href=\"https:\/\/www.dienes.de\/entdecken\/\" target=\"\" class=\"link teaser__link\">\n                            <span class=\"link__text\">Jetzt entdecken<\/span>\n                        <\/a>\n                                    <\/div>\n            <\/div>\n        <\/div>\n                    <div class=\"teaser-grid__item\">\n            <div class=\"teaser teaser--white teaser--small teaser--shadow-box\">\n                                    <div class=\"teaser__image-wrapper teaser-grid__image-wrapper\">\n                            <figure data-expand=\"1\">\n        <picture class=\"\">\n            <source type=\"image\/webp\"\n                data-srcset=\"https:\/\/www.dienes.de\/wp-content\/uploads\/2020\/07\/johannes-plenio-fmTde1Fe23A-unsplash-700x350-c-default.webp 1x, https:\/\/www.dienes.de\/wp-content\/uploads\/2020\/07\/johannes-plenio-fmTde1Fe23A-unsplash-1400x700-c-default.webp 2x\" \/>\n    \n    <img data-src=\"https:\/\/www.dienes.de\/wp-content\/uploads\/2020\/07\/johannes-plenio-fmTde1Fe23A-unsplash-700x350-c-default.jpg\"\n         data-lowsrc=\"https:\/\/www.dienes.de\/wp-content\/uploads\/2020\/07\/johannes-plenio-fmTde1Fe23A-unsplash-70x35-c-default.jpg\"\n         data-width=\"700\"\n         data-height=\"350\"\n         data-sizes=\"auto\"\n         class=\"lazyload teaser__image\"\n                            srcset=\"https:\/\/www.dienes.de\/wp-content\/uploads\/2020\/07\/johannes-plenio-fmTde1Fe23A-unsplash-700x350-c-default.jpg 1x, https:\/\/www.dienes.de\/wp-content\/uploads\/2020\/07\/johannes-plenio-fmTde1Fe23A-unsplash-1400x700-c-default.jpg 2x\"\n                data-srcset=\"https:\/\/www.dienes.de\/wp-content\/uploads\/2020\/07\/johannes-plenio-fmTde1Fe23A-unsplash-700x350-c-default.jpg 1x, https:\/\/www.dienes.de\/wp-content\/uploads\/2020\/07\/johannes-plenio-fmTde1Fe23A-unsplash-1400x700-c-default.jpg 2x\"\n                                        alt=\"DIENES est un pionnier en mati\u00e8re d'innovations et de perfectionnements. Nous essayons constamment d'optimiser nos produits et de rendre ainsi les processus de coupe encore plus faciles.\"\n                >\n<\/picture>\n\n    <\/figure>\n\n                    <\/div>\n                                <div class=\"teaser__body\">\n                    <div class=\"headline headline--h3\">Innovationen<\/div>\n                                            <p class=\"teaser__text\">Die Erfinder-Company &#8211; nicht umsonst ist DIENES Innovationsf\u00fchrer in Sachen Schneidtechnologien. Unsere vielseitigen Innovationen verbessern die Schnittqualit\u00e4t, erleichtern die Bedienung der Schneidwerkzeuge und erh\u00f6hen die Arbeitssicherheit. \u00dcberzeugen Sie sich selbst von unserer Innovationskraft. <\/p>\n                                                                <a href=\"https:\/\/www.dienes.de\/innovationen\/\" target=\"\" class=\"link teaser__link\">\n                            <span class=\"link__text\">Innovation aus Tradition<\/span>\n                        <\/a>\n                                    <\/div>\n            <\/div>\n        <\/div>\n                    <div class=\"teaser-grid__item\">\n            <div class=\"teaser teaser--white teaser--small teaser--shadow-box\">\n                                    <div class=\"teaser__image-wrapper teaser-grid__image-wrapper\">\n                            <figure data-expand=\"1\">\n        <picture class=\"\">\n            <source type=\"image\/webp\"\n                data-srcset=\"https:\/\/www.dienes.de\/wp-content\/uploads\/2019\/10\/Technischer_Support-700x350-c-default.webp\" \/>\n    \n    <img data-src=\"https:\/\/www.dienes.de\/wp-content\/uploads\/2019\/10\/Technischer_Support-700x350-c-default.jpg\"\n         data-lowsrc=\"https:\/\/www.dienes.de\/wp-content\/uploads\/2019\/10\/Technischer_Support-70x35-c-default.jpg\"\n         data-width=\"700\"\n         data-height=\"350\"\n         data-sizes=\"auto\"\n         class=\"lazyload teaser__image\"\n                                        alt=\"Le personnel de soutien technique de DIENES.\"\n                >\n<\/picture>\n\n    <\/figure>\n\n                    <\/div>\n                                <div class=\"teaser__body\">\n                    <div class=\"headline headline--h3\">Leistungen<\/div>\n                                            <p class=\"teaser__text\">Neben unseren hochwertigen Produkten liegt uns auch ein sehr guter Service am Herzen. Aus diesem Grund stehen wir unseren Kunden mit einem professionellen Nachschleifservice, einer Lohnfertigung, einem Ersatzteilservice und technischem Support zur Seite. Insbesondere individuelle Kundenbetreuung wird dabei von uns gro\u00dfgeschrieben. <\/p>\n                                                                <a href=\"https:\/\/www.dienes.de\/leistungen\/\" target=\"\" class=\"link teaser__link\">\n                            <span class=\"link__text\">Zu unseren Leistungen<\/span>\n                        <\/a>\n                                    <\/div>\n            <\/div>\n        <\/div>\n    <\/div>\n","protected":false},"excerpt":{"rendered":"","protected":false},"author":1,"featured_media":0,"parent":0,"menu_order":0,"comment_status":"closed","ping_status":"closed","template":"","meta":{"_acf_changed":false,"footnotes":""},"class_list":["post-18896","page","type-page","status-publish","hentry"],"acf":[],"yoast_head":"<!-- This site is optimized with the Yoast SEO plugin v27.4 - https:\/\/yoast.com\/product\/yoast-seo-wordpress\/ -->\n<title>Recherche - DIENES<\/title>\n<meta name=\"robots\" content=\"index, follow, max-snippet:-1, max-image-preview:large, max-video-preview:-1\" \/>\n<link rel=\"canonical\" href=\"https:\/\/www.dienes.de\/fr\/suche\/\" \/>\n<meta property=\"og:locale\" content=\"fr_FR\" \/>\n<meta property=\"og:type\" content=\"article\" \/>\n<meta property=\"og:title\" content=\"Recherche - DIENES\" \/>\n<meta property=\"og:url\" content=\"https:\/\/www.dienes.de\/fr\/suche\/\" \/>\n<meta property=\"og:site_name\" content=\"DIENES\" \/>\n<meta property=\"article:publisher\" content=\"https:\/\/m.facebook.com\/profile.php?id=100063618859102\" \/>\n<meta property=\"article:modified_time\" content=\"2021-06-07T05:23:47+00:00\" \/>\n<meta name=\"twitter:card\" content=\"summary_large_image\" \/>\n<script type=\"application\/ld+json\" class=\"yoast-schema-graph\">{\"@context\":\"https:\\\/\\\/schema.org\",\"@graph\":[{\"@type\":\"WebPage\",\"@id\":\"https:\\\/\\\/www.dienes.de\\\/fr\\\/suche\\\/\",\"url\":\"https:\\\/\\\/www.dienes.de\\\/fr\\\/suche\\\/\",\"name\":\"Recherche - DIENES\",\"isPartOf\":{\"@id\":\"https:\\\/\\\/www.dienes.de\\\/fr\\\/#website\"},\"datePublished\":\"2020-01-07T16:19:40+00:00\",\"dateModified\":\"2021-06-07T05:23:47+00:00\",\"breadcrumb\":{\"@id\":\"https:\\\/\\\/www.dienes.de\\\/fr\\\/suche\\\/#breadcrumb\"},\"inLanguage\":\"fr-FR\",\"potentialAction\":[{\"@type\":\"ReadAction\",\"target\":[\"https:\\\/\\\/www.dienes.de\\\/fr\\\/suche\\\/\"]}]},{\"@type\":\"BreadcrumbList\",\"@id\":\"https:\\\/\\\/www.dienes.de\\\/fr\\\/suche\\\/#breadcrumb\",\"itemListElement\":[{\"@type\":\"ListItem\",\"position\":1,\"name\":\"Startseite\",\"item\":\"https:\\\/\\\/www.dienes.de\\\/fr\\\/\"},{\"@type\":\"ListItem\",\"position\":2,\"name\":\"Recherche\"}]},{\"@type\":\"WebSite\",\"@id\":\"https:\\\/\\\/www.dienes.de\\\/fr\\\/#website\",\"url\":\"https:\\\/\\\/www.dienes.de\\\/fr\\\/\",\"name\":\"DIENES\",\"description\":\"DIENES \u2013 WELTKLASSE \u2013 WELTWEIT\",\"publisher\":{\"@id\":\"https:\\\/\\\/www.dienes.de\\\/fr\\\/#organization\"},\"potentialAction\":[{\"@type\":\"SearchAction\",\"target\":{\"@type\":\"EntryPoint\",\"urlTemplate\":\"https:\\\/\\\/www.dienes.de\\\/fr\\\/?s={search_term_string}\"},\"query-input\":{\"@type\":\"PropertyValueSpecification\",\"valueRequired\":true,\"valueName\":\"search_term_string\"}}],\"inLanguage\":\"fr-FR\"},{\"@type\":\"Organization\",\"@id\":\"https:\\\/\\\/www.dienes.de\\\/fr\\\/#organization\",\"name\":\"DIENES Werke f\u00fcr Maschinenteile GmbH & Co. KG\",\"alternateName\":\"DIENES Werke GmbH & Co KG\",\"url\":\"https:\\\/\\\/www.dienes.de\\\/fr\\\/\",\"logo\":{\"@type\":\"ImageObject\",\"inLanguage\":\"fr-FR\",\"@id\":\"https:\\\/\\\/www.dienes.de\\\/fr\\\/#\\\/schema\\\/logo\\\/image\\\/\",\"url\":\"https:\\\/\\\/www.dienes.de\\\/wp-content\\\/uploads\\\/2024\\\/04\\\/Logo-Yoast-SEO.png\",\"contentUrl\":\"https:\\\/\\\/www.dienes.de\\\/wp-content\\\/uploads\\\/2024\\\/04\\\/Logo-Yoast-SEO.png\",\"width\":696,\"height\":696,\"caption\":\"DIENES Werke f\u00fcr Maschinenteile GmbH & Co. KG\"},\"image\":{\"@id\":\"https:\\\/\\\/www.dienes.de\\\/fr\\\/#\\\/schema\\\/logo\\\/image\\\/\"},\"sameAs\":[\"https:\\\/\\\/m.facebook.com\\\/profile.php?id=100063618859102\",\"https:\\\/\\\/www.linkedin.com\\\/company\\\/dienes-werke\\\/\",\"https:\\\/\\\/www.instagram.com\\\/dieneswerke\\\/\"]}]}<\/script>\n<!-- \/ Yoast SEO plugin. -->","yoast_head_json":{"title":"Recherche - DIENES","robots":{"index":"index","follow":"follow","max-snippet":"max-snippet:-1","max-image-preview":"max-image-preview:large","max-video-preview":"max-video-preview:-1"},"canonical":"https:\/\/www.dienes.de\/fr\/suche\/","og_locale":"fr_FR","og_type":"article","og_title":"Recherche - DIENES","og_url":"https:\/\/www.dienes.de\/fr\/suche\/","og_site_name":"DIENES","article_publisher":"https:\/\/m.facebook.com\/profile.php?id=100063618859102","article_modified_time":"2021-06-07T05:23:47+00:00","twitter_card":"summary_large_image","schema":{"@context":"https:\/\/schema.org","@graph":[{"@type":"WebPage","@id":"https:\/\/www.dienes.de\/fr\/suche\/","url":"https:\/\/www.dienes.de\/fr\/suche\/","name":"Recherche - DIENES","isPartOf":{"@id":"https:\/\/www.dienes.de\/fr\/#website"},"datePublished":"2020-01-07T16:19:40+00:00","dateModified":"2021-06-07T05:23:47+00:00","breadcrumb":{"@id":"https:\/\/www.dienes.de\/fr\/suche\/#breadcrumb"},"inLanguage":"fr-FR","potentialAction":[{"@type":"ReadAction","target":["https:\/\/www.dienes.de\/fr\/suche\/"]}]},{"@type":"BreadcrumbList","@id":"https:\/\/www.dienes.de\/fr\/suche\/#breadcrumb","itemListElement":[{"@type":"ListItem","position":1,"name":"Startseite","item":"https:\/\/www.dienes.de\/fr\/"},{"@type":"ListItem","position":2,"name":"Recherche"}]},{"@type":"WebSite","@id":"https:\/\/www.dienes.de\/fr\/#website","url":"https:\/\/www.dienes.de\/fr\/","name":"DIENES","description":"DIENES \u2013 WELTKLASSE \u2013 WELTWEIT","publisher":{"@id":"https:\/\/www.dienes.de\/fr\/#organization"},"potentialAction":[{"@type":"SearchAction","target":{"@type":"EntryPoint","urlTemplate":"https:\/\/www.dienes.de\/fr\/?s={search_term_string}"},"query-input":{"@type":"PropertyValueSpecification","valueRequired":true,"valueName":"search_term_string"}}],"inLanguage":"fr-FR"},{"@type":"Organization","@id":"https:\/\/www.dienes.de\/fr\/#organization","name":"DIENES Werke f\u00fcr Maschinenteile GmbH & Co. KG","alternateName":"DIENES Werke GmbH & Co KG","url":"https:\/\/www.dienes.de\/fr\/","logo":{"@type":"ImageObject","inLanguage":"fr-FR","@id":"https:\/\/www.dienes.de\/fr\/#\/schema\/logo\/image\/","url":"https:\/\/www.dienes.de\/wp-content\/uploads\/2024\/04\/Logo-Yoast-SEO.png","contentUrl":"https:\/\/www.dienes.de\/wp-content\/uploads\/2024\/04\/Logo-Yoast-SEO.png","width":696,"height":696,"caption":"DIENES Werke f\u00fcr Maschinenteile GmbH & Co. KG"},"image":{"@id":"https:\/\/www.dienes.de\/fr\/#\/schema\/logo\/image\/"},"sameAs":["https:\/\/m.facebook.com\/profile.php?id=100063618859102","https:\/\/www.linkedin.com\/company\/dienes-werke\/","https:\/\/www.instagram.com\/dieneswerke\/"]}]}},"_links":{"self":[{"href":"https:\/\/www.dienes.de\/fr\/wp-json\/wp\/v2\/pages\/18896","targetHints":{"allow":["GET"]}}],"collection":[{"href":"https:\/\/www.dienes.de\/fr\/wp-json\/wp\/v2\/pages"}],"about":[{"href":"https:\/\/www.dienes.de\/fr\/wp-json\/wp\/v2\/types\/page"}],"author":[{"embeddable":true,"href":"https:\/\/www.dienes.de\/fr\/wp-json\/wp\/v2\/users\/1"}],"replies":[{"embeddable":true,"href":"https:\/\/www.dienes.de\/fr\/wp-json\/wp\/v2\/comments?post=18896"}],"version-history":[{"count":0,"href":"https:\/\/www.dienes.de\/fr\/wp-json\/wp\/v2\/pages\/18896\/revisions"}],"wp:attachment":[{"href":"https:\/\/www.dienes.de\/fr\/wp-json\/wp\/v2\/media?parent=18896"}],"curies":[{"name":"wp","href":"https:\/\/api.w.org\/{rel}","templated":true}]}}