{"id":14295,"date":"2021-02-04T10:02:01","date_gmt":"2021-02-04T09:02:01","guid":{"rendered":"https:\/\/www.dienes.de\/produkte\/%cat%\/psg-df-csl-pm\/"},"modified":"2021-06-01T09:43:37","modified_gmt":"2021-06-01T07:43:37","slug":"psg-df-csl-pm","status":"publish","type":"product","link":"https:\/\/www.dienes.de\/fr\/produits\/messerhalter-fr\/psg-df-csl-pm\/","title":{"rendered":"Porte couteau PSG DF CSL PM"},"content":{"rendered":"\n<div class=\"wp-block-columns is-layout-flex wp-container-core-columns-is-layout-9d6595d7 wp-block-columns-is-layout-flex\">\n<div class=\"wp-block-column is-layout-flow wp-block-column-is-layout-flow\" style=\"flex-basis:66.66%\">\n<h2 class=\"wp-block-heading\">Porte-lame de cisaille de DIENES<\/h2>\n\n\n\n<p>Le porte-couteau type PSG DF est l&rsquo;un des plus polyvalents de DIENES. Il est disponible en diff\u00e9rentes versions et peut donc \u00eatre utilis\u00e9 avec une large gamme de mat\u00e9riaux de coupe. Le porte-couteau PSG DF CSL PM avec technologie CSL, couteau motoris\u00e9 et r\u00e9glage de la profondeur par moteur \u00e9lectrique est l&rsquo;une des versions possibles. Il convient notamment au proc\u00e9d\u00e9 de d\u00e9coupe innovant <a href=\"https:\/\/www.dienes.de\/twin-cut\/\">pointed to pointed<\/a>.<\/p>\n\n\n\n<h2 class=\"wp-block-heading\">Le porte-couteau PSG DF CSL PM offre les fonctions suppl\u00e9mentaires suivantes<\/h2>\n\n\n\n<div class=\"wp-block-columns is-layout-flex wp-container-core-columns-is-layout-9d6595d7 wp-block-columns-is-layout-flex\">\n<div class=\"wp-block-column is-layout-flow wp-block-column-is-layout-flow\">\n<h3 class=\"wp-block-heading\" id=\"block-5b537aac-c90e-4445-9a9a-8dbce9835220\">Qualit\u00e9 de coupe<\/h3>\n\n\n\n<ul class=\"wp-block-list\" id=\"block-197f505a-8195-4117-a9ac-4c2464d1603d\"><li>Couteau motoris\u00e9<\/li><li>Technologie CSL<\/li><\/ul>\n<\/div>\n\n\n\n<div class=\"wp-block-column is-layout-flow wp-block-column-is-layout-flow\">\n<h3 class=\"wp-block-heading\" id=\"block-9664a8f1-0ed2-4872-8230-bfd0dc691582\">Confort d&rsquo;utilisation<\/h3>\n\n\n\n<ul class=\"wp-block-list\" id=\"block-2dde97ed-add7-4594-9a51-16ba9c4d2200\"><li>Adaptateurs divers<\/li><\/ul>\n<\/div>\n\n\n\n<div class=\"wp-block-column is-layout-flow wp-block-column-is-layout-flow\">\n<h3 class=\"wp-block-heading\" id=\"block-debe7ad5-c3e5-4b75-9443-c923dbed76ce\">S\u00e9curit\u00e9<\/h3>\n\n\n\n<ul class=\"wp-block-list\" id=\"block-01512adf-5d0d-4934-ac00-9fafbd97b3ed\"><li>Protection des mains \u00e0 360<\/li><\/ul>\n<\/div>\n<\/div>\n\n\n\n<h2 class=\"wp-block-heading\">Utilisation du porte-couteau PSG DF CSL PM<\/h2>\n\n\n\n<p>Cette version de la PSG DF convient \u00e0 la d\u00e9coupe de l&rsquo;aluminium, du film, de la feuille et du plastique ainsi que du papier, du carton, du papier pour \u00e9tiquettes, du carton et de l&rsquo;imprim\u00e9. Cependant, il convient \u00e9galement aux plastiques solides tels que le polycarbonate. Cette version est \u00e9galement \u00e9quip\u00e9e du prot\u00e8ge-mains de s\u00e9curit\u00e9 \u00e0 360\u00b0, qui porte la s\u00e9curit\u00e9 dans votre production \u00e0 un niveau sup\u00e9rieur. <\/p>\n\n\n\n<p>Laissez nos experts vous conseiller sur le mod\u00e8le de porte-couteau qui offre les meilleurs r\u00e9sultats de coupe dans votre application. <\/p>\n\n\n\n<h2 class=\"wp-block-heading\">Vos avantages<\/h2>\n\n\n<ul class=\"checklist \">\n            <li class=\"checklist__item\">\n            <svg class=\"checklist__icon\" xmlns=\"http:\/\/www.w3.org\/2000\/svg\" width=\"32\" height=\"32\" viewBox=\"0 0 32 32\">\n    <circle class=\"b\" cx=\"16\" cy=\"16\" r=\"16\" stroke=\"none\" fill=\"none\"\/>\n    <circle cx=\"16\" cy=\"16\" r=\"15\" fill=\"none\" stroke=\"currentColor\" stroke-width=\"2px\"\/>\n    <path class=\"a\" d=\"M341.448,1670.314l4.6,4.6,10.259-10.259\" transform=\"translate(-333 -1654)\" fill=\"none\" stroke=\"currentColor\" stroke-width=\"2px\"\/>\n<\/svg>\n            <span class=\"checklist__item-text\">Eliminierung des Schlupfes mit motorisch angetriebenem Messer<\/span>\n        <\/li>\n            <li class=\"checklist__item\">\n            <svg class=\"checklist__icon\" xmlns=\"http:\/\/www.w3.org\/2000\/svg\" width=\"32\" height=\"32\" viewBox=\"0 0 32 32\">\n    <circle class=\"b\" cx=\"16\" cy=\"16\" r=\"16\" stroke=\"none\" fill=\"none\"\/>\n    <circle cx=\"16\" cy=\"16\" r=\"15\" fill=\"none\" stroke=\"currentColor\" stroke-width=\"2px\"\/>\n    <path class=\"a\" d=\"M341.448,1670.314l4.6,4.6,10.259-10.259\" transform=\"translate(-333 -1654)\" fill=\"none\" stroke=\"currentColor\" stroke-width=\"2px\"\/>\n<\/svg>\n            <span class=\"checklist__item-text\">Hochpr\u00e4zise Schneidkanten <\/span>\n        <\/li>\n            <li class=\"checklist__item\">\n            <svg class=\"checklist__icon\" xmlns=\"http:\/\/www.w3.org\/2000\/svg\" width=\"32\" height=\"32\" viewBox=\"0 0 32 32\">\n    <circle class=\"b\" cx=\"16\" cy=\"16\" r=\"16\" stroke=\"none\" fill=\"none\"\/>\n    <circle cx=\"16\" cy=\"16\" r=\"15\" fill=\"none\" stroke=\"currentColor\" stroke-width=\"2px\"\/>\n    <path class=\"a\" d=\"M341.448,1670.314l4.6,4.6,10.259-10.259\" transform=\"translate(-333 -1654)\" fill=\"none\" stroke=\"currentColor\" stroke-width=\"2px\"\/>\n<\/svg>\n            <span class=\"checklist__item-text\">Exakte Regelung der Verh\u00e4ltnisse von Ober- und Untermesser und Warenbahn-Geschwindigkeit<\/span>\n        <\/li>\n            <li class=\"checklist__item\">\n            <svg class=\"checklist__icon\" xmlns=\"http:\/\/www.w3.org\/2000\/svg\" width=\"32\" height=\"32\" viewBox=\"0 0 32 32\">\n    <circle class=\"b\" cx=\"16\" cy=\"16\" r=\"16\" stroke=\"none\" fill=\"none\"\/>\n    <circle cx=\"16\" cy=\"16\" r=\"15\" fill=\"none\" stroke=\"currentColor\" stroke-width=\"2px\"\/>\n    <path class=\"a\" d=\"M341.448,1670.314l4.6,4.6,10.259-10.259\" transform=\"translate(-333 -1654)\" fill=\"none\" stroke=\"currentColor\" stroke-width=\"2px\"\/>\n<\/svg>\n            <span class=\"checklist__item-text\">Erh\u00f6hte Messerstandzeiten <\/span>\n        <\/li>\n            <li class=\"checklist__item\">\n            <svg class=\"checklist__icon\" xmlns=\"http:\/\/www.w3.org\/2000\/svg\" width=\"32\" height=\"32\" viewBox=\"0 0 32 32\">\n    <circle class=\"b\" cx=\"16\" cy=\"16\" r=\"16\" stroke=\"none\" fill=\"none\"\/>\n    <circle cx=\"16\" cy=\"16\" r=\"15\" fill=\"none\" stroke=\"currentColor\" stroke-width=\"2px\"\/>\n    <path class=\"a\" d=\"M341.448,1670.314l4.6,4.6,10.259-10.259\" transform=\"translate(-333 -1654)\" fill=\"none\" stroke=\"currentColor\" stroke-width=\"2px\"\/>\n<\/svg>\n            <span class=\"checklist__item-text\">Verk\u00fcrzte R\u00fcstzeiten bei Formatwechsel <\/span>\n        <\/li>\n            <li class=\"checklist__item\">\n            <svg class=\"checklist__icon\" xmlns=\"http:\/\/www.w3.org\/2000\/svg\" width=\"32\" height=\"32\" viewBox=\"0 0 32 32\">\n    <circle class=\"b\" cx=\"16\" cy=\"16\" r=\"16\" stroke=\"none\" fill=\"none\"\/>\n    <circle cx=\"16\" cy=\"16\" r=\"15\" fill=\"none\" stroke=\"currentColor\" stroke-width=\"2px\"\/>\n    <path class=\"a\" d=\"M341.448,1670.314l4.6,4.6,10.259-10.259\" transform=\"translate(-333 -1654)\" fill=\"none\" stroke=\"currentColor\" stroke-width=\"2px\"\/>\n<\/svg>\n            <span class=\"checklist__item-text\">Erh\u00f6hte Sicherheit durch weniger Messerwechsel <\/span>\n        <\/li>\n            <li class=\"checklist__item\">\n            <svg class=\"checklist__icon\" xmlns=\"http:\/\/www.w3.org\/2000\/svg\" width=\"32\" height=\"32\" viewBox=\"0 0 32 32\">\n    <circle class=\"b\" cx=\"16\" cy=\"16\" r=\"16\" stroke=\"none\" fill=\"none\"\/>\n    <circle cx=\"16\" cy=\"16\" r=\"15\" fill=\"none\" stroke=\"currentColor\" stroke-width=\"2px\"\/>\n    <path class=\"a\" d=\"M341.448,1670.314l4.6,4.6,10.259-10.259\" transform=\"translate(-333 -1654)\" fill=\"none\" stroke=\"currentColor\" stroke-width=\"2px\"\/>\n<\/svg>\n            <span class=\"checklist__item-text\">Automatische Tiefeneinstellung <\/span>\n        <\/li>\n    <\/ul>\n<\/div>\n\n\n\n<div class=\"wp-block-column is-layout-flow wp-block-column-is-layout-flow\" style=\"flex-basis:33.33%\"><aside class=\"sidebar\">\n    \n            \n        <div class=\"sidebar-box\">\n    \n                            <h3 class=\"headline headline--h3 sidebar-box__headline\">Vous \u00eates int\u00e9ress\u00e9 par nos portes-couteaux ?<\/h3>\n\n    <div class=\"sidebar-box__text\"><p>Nos experts d\u00e9termineront avec vous le porte-couteau optimal pour votre application.<\/p>\n<\/div>\n                                <div class=\"sidebar-contact-details\">\n    <div class=\"sidebar-contact-details__label sidebar-contact-details__name\"><\/div>\n\n    \n    <\/div>\n                                <div>\n    <a href=\"https:\/\/www.dienes.de\/fr\/dienes-kontakt\/\" target=\"\" class=\"sidebar-box__link  link \">\n        <span class=\"link__text\">\n            Nous contacter\n        <\/span>\n    <\/a>\n<\/div>\n            <\/div>\n            \n        <div class=\"sidebar-box\">\n    \n                            <h3 class=\"headline headline--h3 sidebar-box__headline\">360\u00b0 de performance d&rsquo;une seule main d&rsquo;oeuvre<\/h3>\n\n    <div class=\"sidebar-box__text\"><p>En plus de nos produits, nous offrons de nombreux avantages, services et possibilit\u00e9s de formation.<\/p>\n<\/div>\n                                <div class=\"circle-360\">\n            <a href=\"https:\/\/www.dienes.de\/fr\/produits\/porte-couteau\/\" target=\"\" class=\"circle-360__button button button--secondary\">Portes couteaux<\/a>\n            <a href=\"https:\/\/www.dienes.de\/fr\/services\/schneidakademie\/\" target=\"\" class=\"circle-360__button button button--secondary\">Acad\u00e9mie de coupe<\/a>\n            <a href=\"https:\/\/www.dienes.de\/fr\/services\/service-daffutage\/\" target=\"\" class=\"circle-360__button button button--secondary\">Service d\u2019affutage<\/a>\n            <a href=\"https:\/\/www.dienes.de\/fr\/produits\/systeme-de-coupe\/\" target=\"\" class=\"circle-360__button button button--secondary\">Syst\u00e8me de coupe<\/a>\n            <a href=\"https:\/\/www.dienes.de\/fr\/services\/technischer-support\/\" target=\"\" class=\"circle-360__button button button--secondary\">Support technique<\/a>\n    <\/div>\n            <\/div>\n    <\/aside>\n<\/div>\n<\/div>\n\n<h2 class=\"wp-block-heading\">Ceci pourrait \u00e9galement vous int\u00e9resser <\/h2>\n\n\n\n\n<div class=\"teaser-media  teaser-media--block   js-rellax-wrapper \"\n     data-parallax-selector=\".js-parallax-teaser\"\n     data-parallax-breakpoint=\"992\">\n                        <div class=\"teaser-media__image-wrapper lazyload js-parallax-teaser\"\n             data-bg=\"https:\/\/www.dienes.de\/wp-content\/uploads\/2020\/08\/485_-Ober-und-Untermesser-bearbeitet-v3.jpg\"\n             data-rellax-speed=\"1\"\n             data-rellax-min=\"-50\"\n             data-rellax-max=\"50\"\n        >\n        <\/div>\n    \n    \n                <div class=\"teaser-media__body-wrapper js-parallax-teaser\"\n         data-rellax-speed=\"1\"\n         data-rellax-min=\"-120\"\n         data-rellax-max=\"120\">\n        <div class=\"teaser-media__body\">\n            <div class=\"teaser-media__content\">\n                <h3 class=\"headline headline--h3 headline--underscore\">Erfahren Sie mehr \u00fcber die CSL Technologie f\u00fcr konstanten Schneiddruck <\/h3>\n                <p>Messerhalter, die \u00fcber diese Technologie verf\u00fcgen, kontrollieren, steuern und reproduzieren die Schnittkr\u00e4fte zwischen Ober- und Untermesser sehr genau. Durch die resultierende Reduzierung der Anlagekraft wird ein stabiler Schnittpunkt gew\u00e4hrleistet und\u00a0 eine konstante Schneidkantenqualit\u00e4t. Klar, auch eine deutliche Erh\u00f6hung der Standzeiten ist die Folge.<\/p>\n\n\n                            <\/div>\n                            <div class=\"teaser-media__link-wrapper teaser-media__link\">\n                        \n    <a href=\"https:\/\/www.dienes.de\/dienes-csl-constant-side-load\/\" target=\"\" class=\"link \" >\n        <span class=\"link__text\">CSL \u2013 Constant Side Load<\/span>\n    <\/a>\n\n                <\/div>\n                    <\/div>\n    <\/div>\n\n    <\/div>\n\n<div style=\"height:23px\" aria-hidden=\"true\" class=\"wp-block-spacer\"><\/div>\n\n\n\n\n<div class=\"teaser-media teaser-media--right teaser-media--block   js-rellax-wrapper \"\n     data-parallax-selector=\".js-parallax-teaser\"\n     data-parallax-breakpoint=\"992\">\n                    <div class=\"teaser-media__body-wrapper js-parallax-teaser\"\n         data-rellax-speed=\"1\"\n         data-rellax-min=\"-120\"\n         data-rellax-max=\"120\">\n        <div class=\"teaser-media__body\">\n            <div class=\"teaser-media__content\">\n                <h3 class=\"headline headline--h3 headline--underscore\">Bringen Sie ihre Maschine auf den neusten Stand der Technik &#8211; wir r\u00fcsten f\u00fcr sie nach <\/h3>\n                <p>In der Zigaretten-, Teebeutelpapier und Aluminiumfolien Industrie machen wir Bew\u00e4hrtes in den Bereichen Antrieb, Steuerung, Automatisierung, Produktion, IT-Integration sowie auch Bedienerfreundlichkeit und Sicherheit immer noch besser. Ihre Systeme arbeiten nach unserem Retrofit\u00a0 effizienter und schneller, haben l\u00e4ngere Standzeiten und das bei mehr Flexibilit\u00e4t, saubereren Schnitten und weniger Staub.<\/p>\n\n\n                            <\/div>\n                            <div class=\"teaser-media__link-wrapper teaser-media__link\">\n                        \n    <a href=\"https:\/\/www.dienes.de\/leistungen\/modernisierungen\/\" target=\"\" class=\"link \" >\n        <span class=\"link__text\">Modernisierungen<\/span>\n    <\/a>\n\n                <\/div>\n                    <\/div>\n    <\/div>\n\n                    <div class=\"teaser-media__image-wrapper lazyload js-parallax-teaser\"\n             data-bg=\"https:\/\/www.dienes.de\/wp-content\/uploads\/2020\/05\/Roboter.png\"\n             data-rellax-speed=\"1\"\n             data-rellax-min=\"-50\"\n             data-rellax-max=\"50\"\n        >\n        <\/div>\n    \n    \n    <\/div>\n","protected":false},"featured_media":18678,"menu_order":0,"template":"","meta":{"_acf_changed":false},"product-category":[223],"systemarten":[],"materialien":[239,224,225],"schnitttechniken":[226],"maschinen":[501,502],"branchen":[227],"messerdurchmesser":[228],"bahngeschwindigkeit":[229],"schnittbreite":[230],"sicherheitshandschutz":[],"class_list":["post-14295","product","type-product","status-publish","has-post-thumbnail","hentry","materialien-aluminium-ne-metalle-fr","materialien-film-folie-kunststoff-fr","materialien-papier-pappe-karton-druck-fr","schnitttechniken-scherenschnitt-fr","maschinen-separiermaschinen-fr","maschinen-walzgerueste-fr","branchen-papierindustrie-fr","messerdurchmesser-180-220-mm-fr","bahngeschwindigkeit-bis-2000-m-min-fr","schnittbreite-groesser-als-150-mm-fr"],"acf":[],"yoast_head":"<!-- This site is optimized with the Yoast SEO plugin v27.6 - https:\/\/yoast.com\/product\/yoast-seo-wordpress\/ -->\n<title>Porte couteau PSG DF CSL PM - DIENES<\/title>\n<meta name=\"description\" content=\"Le porte-couteau PSG DF CSL PM de DIENES poss\u00e8de des caract\u00e9ristiques de haute technologie telles que la technologie CSL pour une pression de coupe constante.\" \/>\n<meta name=\"robots\" content=\"index, follow, max-snippet:-1, max-image-preview:large, max-video-preview:-1\" \/>\n<link rel=\"canonical\" href=\"https:\/\/www.dienes.de\/fr\/produits\/messerhalter-fr\/psg-df-csl-pm\/\" \/>\n<meta property=\"og:locale\" content=\"fr_FR\" \/>\n<meta property=\"og:type\" content=\"article\" \/>\n<meta property=\"og:title\" content=\"Porte couteau PSG DF CSL PM - DIENES\" \/>\n<meta property=\"og:description\" content=\"Le porte-couteau PSG DF CSL PM de DIENES poss\u00e8de des caract\u00e9ristiques de haute technologie telles que la technologie CSL pour une pression de coupe constante.\" \/>\n<meta property=\"og:url\" content=\"https:\/\/www.dienes.de\/fr\/produits\/messerhalter-fr\/psg-df-csl-pm\/\" \/>\n<meta property=\"og:site_name\" content=\"DIENES\" \/>\n<meta property=\"article:publisher\" content=\"https:\/\/m.facebook.com\/profile.php?id=100063618859102\" \/>\n<meta property=\"article:modified_time\" content=\"2021-06-01T07:43:37+00:00\" \/>\n<meta property=\"og:image\" content=\"https:\/\/www.dienes.de\/wp-content\/uploads\/2021\/03\/Design-ohne-Titel-8.png\" \/>\n\t<meta property=\"og:image:width\" content=\"500\" \/>\n\t<meta property=\"og:image:height\" content=\"500\" \/>\n\t<meta property=\"og:image:type\" content=\"image\/png\" \/>\n<meta name=\"twitter:card\" content=\"summary_large_image\" \/>\n<meta name=\"twitter:label1\" content=\"Dur\u00e9e de lecture estim\u00e9e\" \/>\n\t<meta name=\"twitter:data1\" content=\"1 minute\" \/>\n<script type=\"application\/ld+json\" class=\"yoast-schema-graph\">{\"@context\":\"https:\\\/\\\/schema.org\",\"@graph\":[{\"@type\":\"WebPage\",\"@id\":\"https:\\\/\\\/www.dienes.de\\\/fr\\\/produits\\\/messerhalter-fr\\\/psg-df-csl-pm\\\/\",\"url\":\"https:\\\/\\\/www.dienes.de\\\/fr\\\/produits\\\/messerhalter-fr\\\/psg-df-csl-pm\\\/\",\"name\":\"Porte couteau PSG DF CSL PM - DIENES\",\"isPartOf\":{\"@id\":\"https:\\\/\\\/www.dienes.de\\\/fr\\\/#website\"},\"primaryImageOfPage\":{\"@id\":\"https:\\\/\\\/www.dienes.de\\\/fr\\\/produits\\\/messerhalter-fr\\\/psg-df-csl-pm\\\/#primaryimage\"},\"image\":{\"@id\":\"https:\\\/\\\/www.dienes.de\\\/fr\\\/produits\\\/messerhalter-fr\\\/psg-df-csl-pm\\\/#primaryimage\"},\"thumbnailUrl\":\"https:\\\/\\\/www.dienes.de\\\/wp-content\\\/uploads\\\/2021\\\/03\\\/Design-ohne-Titel-8.png\",\"datePublished\":\"2021-02-04T09:02:01+00:00\",\"dateModified\":\"2021-06-01T07:43:37+00:00\",\"description\":\"Le porte-couteau PSG DF CSL PM de DIENES poss\u00e8de des caract\u00e9ristiques de haute technologie telles que la technologie CSL pour une pression de coupe constante.\",\"breadcrumb\":{\"@id\":\"https:\\\/\\\/www.dienes.de\\\/fr\\\/produits\\\/messerhalter-fr\\\/psg-df-csl-pm\\\/#breadcrumb\"},\"inLanguage\":\"fr-FR\",\"potentialAction\":[{\"@type\":\"ReadAction\",\"target\":[\"https:\\\/\\\/www.dienes.de\\\/fr\\\/produits\\\/messerhalter-fr\\\/psg-df-csl-pm\\\/\"]}]},{\"@type\":\"ImageObject\",\"inLanguage\":\"fr-FR\",\"@id\":\"https:\\\/\\\/www.dienes.de\\\/fr\\\/produits\\\/messerhalter-fr\\\/psg-df-csl-pm\\\/#primaryimage\",\"url\":\"https:\\\/\\\/www.dienes.de\\\/wp-content\\\/uploads\\\/2021\\\/03\\\/Design-ohne-Titel-8.png\",\"contentUrl\":\"https:\\\/\\\/www.dienes.de\\\/wp-content\\\/uploads\\\/2021\\\/03\\\/Design-ohne-Titel-8.png\",\"width\":500,\"height\":500,\"caption\":\"Vous pouvez voir l'avant et l'arri\u00e8re du porte-couteau PSG DF CSL PM de DIENES.\"},{\"@type\":\"BreadcrumbList\",\"@id\":\"https:\\\/\\\/www.dienes.de\\\/fr\\\/produits\\\/messerhalter-fr\\\/psg-df-csl-pm\\\/#breadcrumb\",\"itemListElement\":[{\"@type\":\"ListItem\",\"position\":1,\"name\":\"Startseite\",\"item\":\"https:\\\/\\\/www.dienes.de\\\/fr\\\/\"},{\"@type\":\"ListItem\",\"position\":2,\"name\":\"Produkte\",\"item\":\"https:\\\/\\\/www.dienes.de\\\/fr\\\/produits\\\/%cat%\\\/\"},{\"@type\":\"ListItem\",\"position\":3,\"name\":\"Porte couteau PSG DF CSL PM\"}]},{\"@type\":\"WebSite\",\"@id\":\"https:\\\/\\\/www.dienes.de\\\/fr\\\/#website\",\"url\":\"https:\\\/\\\/www.dienes.de\\\/fr\\\/\",\"name\":\"DIENES\",\"description\":\"DIENES \u2013 WELTKLASSE \u2013 WELTWEIT\",\"publisher\":{\"@id\":\"https:\\\/\\\/www.dienes.de\\\/fr\\\/#organization\"},\"potentialAction\":[{\"@type\":\"SearchAction\",\"target\":{\"@type\":\"EntryPoint\",\"urlTemplate\":\"https:\\\/\\\/www.dienes.de\\\/fr\\\/?s={search_term_string}\"},\"query-input\":{\"@type\":\"PropertyValueSpecification\",\"valueRequired\":true,\"valueName\":\"search_term_string\"}}],\"inLanguage\":\"fr-FR\"},{\"@type\":\"Organization\",\"@id\":\"https:\\\/\\\/www.dienes.de\\\/fr\\\/#organization\",\"name\":\"DIENES Werke f\u00fcr Maschinenteile GmbH & Co. KG\",\"alternateName\":\"DIENES Werke GmbH & Co KG\",\"url\":\"https:\\\/\\\/www.dienes.de\\\/fr\\\/\",\"logo\":{\"@type\":\"ImageObject\",\"inLanguage\":\"fr-FR\",\"@id\":\"https:\\\/\\\/www.dienes.de\\\/fr\\\/#\\\/schema\\\/logo\\\/image\\\/\",\"url\":\"https:\\\/\\\/www.dienes.de\\\/wp-content\\\/uploads\\\/2024\\\/04\\\/Logo-Yoast-SEO.png\",\"contentUrl\":\"https:\\\/\\\/www.dienes.de\\\/wp-content\\\/uploads\\\/2024\\\/04\\\/Logo-Yoast-SEO.png\",\"width\":696,\"height\":696,\"caption\":\"DIENES Werke f\u00fcr Maschinenteile GmbH & Co. KG\"},\"image\":{\"@id\":\"https:\\\/\\\/www.dienes.de\\\/fr\\\/#\\\/schema\\\/logo\\\/image\\\/\"},\"sameAs\":[\"https:\\\/\\\/m.facebook.com\\\/profile.php?id=100063618859102\",\"https:\\\/\\\/www.linkedin.com\\\/company\\\/dienes-werke\\\/\",\"https:\\\/\\\/www.instagram.com\\\/dieneswerke\\\/\"]}]}<\/script>\n<!-- \/ Yoast SEO plugin. -->","yoast_head_json":{"title":"Porte couteau PSG DF CSL PM - DIENES","description":"Le porte-couteau PSG DF CSL PM de DIENES poss\u00e8de des caract\u00e9ristiques de haute technologie telles que la technologie CSL pour une pression de coupe constante.","robots":{"index":"index","follow":"follow","max-snippet":"max-snippet:-1","max-image-preview":"max-image-preview:large","max-video-preview":"max-video-preview:-1"},"canonical":"https:\/\/www.dienes.de\/fr\/produits\/messerhalter-fr\/psg-df-csl-pm\/","og_locale":"fr_FR","og_type":"article","og_title":"Porte couteau PSG DF CSL PM - DIENES","og_description":"Le porte-couteau PSG DF CSL PM de DIENES poss\u00e8de des caract\u00e9ristiques de haute technologie telles que la technologie CSL pour une pression de coupe constante.","og_url":"https:\/\/www.dienes.de\/fr\/produits\/messerhalter-fr\/psg-df-csl-pm\/","og_site_name":"DIENES","article_publisher":"https:\/\/m.facebook.com\/profile.php?id=100063618859102","article_modified_time":"2021-06-01T07:43:37+00:00","og_image":[{"width":500,"height":500,"url":"https:\/\/www.dienes.de\/wp-content\/uploads\/2021\/03\/Design-ohne-Titel-8.png","type":"image\/png"}],"twitter_card":"summary_large_image","twitter_misc":{"Dur\u00e9e de lecture estim\u00e9e":"1 minute"},"schema":{"@context":"https:\/\/schema.org","@graph":[{"@type":"WebPage","@id":"https:\/\/www.dienes.de\/fr\/produits\/messerhalter-fr\/psg-df-csl-pm\/","url":"https:\/\/www.dienes.de\/fr\/produits\/messerhalter-fr\/psg-df-csl-pm\/","name":"Porte couteau PSG DF CSL PM - DIENES","isPartOf":{"@id":"https:\/\/www.dienes.de\/fr\/#website"},"primaryImageOfPage":{"@id":"https:\/\/www.dienes.de\/fr\/produits\/messerhalter-fr\/psg-df-csl-pm\/#primaryimage"},"image":{"@id":"https:\/\/www.dienes.de\/fr\/produits\/messerhalter-fr\/psg-df-csl-pm\/#primaryimage"},"thumbnailUrl":"https:\/\/www.dienes.de\/wp-content\/uploads\/2021\/03\/Design-ohne-Titel-8.png","datePublished":"2021-02-04T09:02:01+00:00","dateModified":"2021-06-01T07:43:37+00:00","description":"Le porte-couteau PSG DF CSL PM de DIENES poss\u00e8de des caract\u00e9ristiques de haute technologie telles que la technologie CSL pour une pression de coupe constante.","breadcrumb":{"@id":"https:\/\/www.dienes.de\/fr\/produits\/messerhalter-fr\/psg-df-csl-pm\/#breadcrumb"},"inLanguage":"fr-FR","potentialAction":[{"@type":"ReadAction","target":["https:\/\/www.dienes.de\/fr\/produits\/messerhalter-fr\/psg-df-csl-pm\/"]}]},{"@type":"ImageObject","inLanguage":"fr-FR","@id":"https:\/\/www.dienes.de\/fr\/produits\/messerhalter-fr\/psg-df-csl-pm\/#primaryimage","url":"https:\/\/www.dienes.de\/wp-content\/uploads\/2021\/03\/Design-ohne-Titel-8.png","contentUrl":"https:\/\/www.dienes.de\/wp-content\/uploads\/2021\/03\/Design-ohne-Titel-8.png","width":500,"height":500,"caption":"Vous pouvez voir l'avant et l'arri\u00e8re du porte-couteau PSG DF CSL PM de DIENES."},{"@type":"BreadcrumbList","@id":"https:\/\/www.dienes.de\/fr\/produits\/messerhalter-fr\/psg-df-csl-pm\/#breadcrumb","itemListElement":[{"@type":"ListItem","position":1,"name":"Startseite","item":"https:\/\/www.dienes.de\/fr\/"},{"@type":"ListItem","position":2,"name":"Produkte","item":"https:\/\/www.dienes.de\/fr\/produits\/%cat%\/"},{"@type":"ListItem","position":3,"name":"Porte couteau PSG DF CSL PM"}]},{"@type":"WebSite","@id":"https:\/\/www.dienes.de\/fr\/#website","url":"https:\/\/www.dienes.de\/fr\/","name":"DIENES","description":"DIENES \u2013 WELTKLASSE \u2013 WELTWEIT","publisher":{"@id":"https:\/\/www.dienes.de\/fr\/#organization"},"potentialAction":[{"@type":"SearchAction","target":{"@type":"EntryPoint","urlTemplate":"https:\/\/www.dienes.de\/fr\/?s={search_term_string}"},"query-input":{"@type":"PropertyValueSpecification","valueRequired":true,"valueName":"search_term_string"}}],"inLanguage":"fr-FR"},{"@type":"Organization","@id":"https:\/\/www.dienes.de\/fr\/#organization","name":"DIENES Werke f\u00fcr Maschinenteile GmbH & Co. KG","alternateName":"DIENES Werke GmbH & Co KG","url":"https:\/\/www.dienes.de\/fr\/","logo":{"@type":"ImageObject","inLanguage":"fr-FR","@id":"https:\/\/www.dienes.de\/fr\/#\/schema\/logo\/image\/","url":"https:\/\/www.dienes.de\/wp-content\/uploads\/2024\/04\/Logo-Yoast-SEO.png","contentUrl":"https:\/\/www.dienes.de\/wp-content\/uploads\/2024\/04\/Logo-Yoast-SEO.png","width":696,"height":696,"caption":"DIENES Werke f\u00fcr Maschinenteile GmbH & Co. KG"},"image":{"@id":"https:\/\/www.dienes.de\/fr\/#\/schema\/logo\/image\/"},"sameAs":["https:\/\/m.facebook.com\/profile.php?id=100063618859102","https:\/\/www.linkedin.com\/company\/dienes-werke\/","https:\/\/www.instagram.com\/dieneswerke\/"]}]}},"_links":{"self":[{"href":"https:\/\/www.dienes.de\/fr\/wp-json\/wp\/v2\/product\/14295","targetHints":{"allow":["GET"]}}],"collection":[{"href":"https:\/\/www.dienes.de\/fr\/wp-json\/wp\/v2\/product"}],"about":[{"href":"https:\/\/www.dienes.de\/fr\/wp-json\/wp\/v2\/types\/product"}],"wp:featuredmedia":[{"embeddable":true,"href":"https:\/\/www.dienes.de\/fr\/wp-json\/wp\/v2\/media\/18678"}],"wp:attachment":[{"href":"https:\/\/www.dienes.de\/fr\/wp-json\/wp\/v2\/media?parent=14295"}],"wp:term":[{"taxonomy":"product-category","embeddable":true,"href":"https:\/\/www.dienes.de\/fr\/wp-json\/wp\/v2\/product-category?post=14295"},{"taxonomy":"systemarten","embeddable":true,"href":"https:\/\/www.dienes.de\/fr\/wp-json\/wp\/v2\/systemarten?post=14295"},{"taxonomy":"materialien","embeddable":true,"href":"https:\/\/www.dienes.de\/fr\/wp-json\/wp\/v2\/materialien?post=14295"},{"taxonomy":"schnitttechniken","embeddable":true,"href":"https:\/\/www.dienes.de\/fr\/wp-json\/wp\/v2\/schnitttechniken?post=14295"},{"taxonomy":"maschinen","embeddable":true,"href":"https:\/\/www.dienes.de\/fr\/wp-json\/wp\/v2\/maschinen?post=14295"},{"taxonomy":"branchen","embeddable":true,"href":"https:\/\/www.dienes.de\/fr\/wp-json\/wp\/v2\/branchen?post=14295"},{"taxonomy":"messerdurchmesser","embeddable":true,"href":"https:\/\/www.dienes.de\/fr\/wp-json\/wp\/v2\/messerdurchmesser?post=14295"},{"taxonomy":"bahngeschwindigkeit","embeddable":true,"href":"https:\/\/www.dienes.de\/fr\/wp-json\/wp\/v2\/bahngeschwindigkeit?post=14295"},{"taxonomy":"schnittbreite","embeddable":true,"href":"https:\/\/www.dienes.de\/fr\/wp-json\/wp\/v2\/schnittbreite?post=14295"},{"taxonomy":"sicherheitshandschutz","embeddable":true,"href":"https:\/\/www.dienes.de\/fr\/wp-json\/wp\/v2\/sicherheitshandschutz?post=14295"}],"curies":[{"name":"wp","href":"https:\/\/api.w.org\/{rel}","templated":true}]}}