{"id":14514,"date":"2020-08-11T09:44:25","date_gmt":"2020-08-11T07:44:25","guid":{"rendered":"https:\/\/www.dienes.de\/?post_type=product&#038;p=14514"},"modified":"2021-03-07T11:24:04","modified_gmt":"2021-03-07T10:24:04","slug":"messerhalter-pqds-t","status":"publish","type":"product","link":"https:\/\/www.dienes.de\/fr\/produits\/messerhalter-fr\/messerhalter-pqds-t\/","title":{"rendered":"PQDS T de DIENES"},"content":{"rendered":"\n<div class=\"wp-block-columns is-layout-flex wp-container-core-columns-is-layout-9d6595d7 wp-block-columns-is-layout-flex\">\n<div class=\"wp-block-column is-layout-flow wp-block-column-is-layout-flow\" style=\"flex-basis:66.66%\">\n<h2 class=\"wp-block-heading\">Porte couteau PQDS T<\/h2>\n\n\n\n<p>Le porte-couteau PQDS T a \u00e9t\u00e9 d\u00e9velopp\u00e9 avec le savoir-faire de DIENES en mati\u00e8re de coupe, acquis depuis de nombreuses ann\u00e9es, afin de garantir une coupe individuelle et de haute qualit\u00e9.<\/p>\n\n\n\n<h2 class=\"wp-block-heading\">Utilisation du PQDS T<\/h2>\n\n\n\n<p>Le porte-couteau PQDS T avec r\u00e9glage de la profondeur permet un r\u00e9glage rapide et facile des couteaux. Par un court mouvement de la poign\u00e9e, le m\u00e9canisme de serrage peut fixer le support \u00e0 la traverse en queue d&rsquo;aronde de mani\u00e8re s\u00fbre et pr\u00e9cise. Cette construction permet de r\u00e9gler diff\u00e9rentes profondeurs. Le mat\u00e9riau \u00e0 d\u00e9couper peut ainsi \u00eatre non seulement enti\u00e8rement coup\u00e9, mais aussi, si on le souhaite, seulement abord\u00e9.<\/p>\n\n\n\n<p>Les porte-couteaux \u00e0 \u00e9crasement DIENES de type PQDS\/PQAS sont con\u00e7us pour une vitesse de coupe allant jusqu&rsquo;\u00e0 300 m\/min. La pression maximale de l&rsquo;air comprim\u00e9 est de 6 bars ; la pression de l&rsquo;air comprim\u00e9 doit \u00eatre adapt\u00e9e au mat\u00e9riau \u00e0 couper. Un r\u00e9sultat de coupe optimal avec une dur\u00e9e de vie maximale de l&rsquo;outil ne peut \u00eatre obtenu que si les param\u00e8tres de r\u00e9glage sont ajust\u00e9s avec pr\u00e9cision. <\/p>\n\n\n\n<p>Nous recommandons donc l&rsquo;utilisation des porte-couteaux DIENES avec les couteaux \u00e9craseurs correspondants. Nos couteaux \u00e9craseurs ont une d\u00e9viation de concentricit\u00e9 maximale de 0,015 mm et celle du contre-arbre de 0,02 mm.<br>C&rsquo;est pourquoi, d&rsquo;apr\u00e8s notre exp\u00e9rience, une augmentation de la pression de coupe entre 3 et 4 bar est habituelle et non problematique.<\/p>\n\n\n\n<p>Comme tous les porte-couteaux DIENES, le PQDS T poss\u00e8de \u00e9galement des plaques lat\u00e9rales tremp\u00e9es pour une dur\u00e9e de vie maximale.<\/p>\n\n\n\n<h2 class=\"wp-block-heading\">Le porte couteau PQDS  T propose les fonctionalit\u00e9s suivantes<\/h2>\n\n\n\n<div class=\"wp-block-buttons is-layout-flex wp-block-buttons-is-layout-flex\">\n\n<\/div>\n\n\n\n<h2 class=\"wp-block-heading\">Avantages du PQDS T<\/h2>\n\n\n<ul class=\"checklist \">\n            <li class=\"checklist__item\">\n            <svg class=\"checklist__icon\" xmlns=\"http:\/\/www.w3.org\/2000\/svg\" width=\"32\" height=\"32\" viewBox=\"0 0 32 32\">\n    <circle class=\"b\" cx=\"16\" cy=\"16\" r=\"16\" stroke=\"none\" fill=\"none\"\/>\n    <circle cx=\"16\" cy=\"16\" r=\"15\" fill=\"none\" stroke=\"currentColor\" stroke-width=\"2px\"\/>\n    <path class=\"a\" d=\"M341.448,1670.314l4.6,4.6,10.259-10.259\" transform=\"translate(-333 -1654)\" fill=\"none\" stroke=\"currentColor\" stroke-width=\"2px\"\/>\n<\/svg>\n            <span class=\"checklist__item-text\">Ajustement individuel de la profondeur<\/span>\n        <\/li>\n            <li class=\"checklist__item\">\n            <svg class=\"checklist__icon\" xmlns=\"http:\/\/www.w3.org\/2000\/svg\" width=\"32\" height=\"32\" viewBox=\"0 0 32 32\">\n    <circle class=\"b\" cx=\"16\" cy=\"16\" r=\"16\" stroke=\"none\" fill=\"none\"\/>\n    <circle cx=\"16\" cy=\"16\" r=\"15\" fill=\"none\" stroke=\"currentColor\" stroke-width=\"2px\"\/>\n    <path class=\"a\" d=\"M341.448,1670.314l4.6,4.6,10.259-10.259\" transform=\"translate(-333 -1654)\" fill=\"none\" stroke=\"currentColor\" stroke-width=\"2px\"\/>\n<\/svg>\n            <span class=\"checklist__item-text\">Utilisation rapide et efficace <\/span>\n        <\/li>\n    <\/ul>\n<\/div>\n\n\n\n<div class=\"wp-block-column is-layout-flow wp-block-column-is-layout-flow\" style=\"flex-basis:33.33%\"><aside class=\"sidebar\">\n    \n            \n        <div class=\"sidebar-box\">\n    \n                            <h3 class=\"headline headline--h3 sidebar-box__headline\">Contactez votre interlocuteur <\/h3>\n\n                                <div class=\"sidebar-contact-details\">\n    <div class=\"sidebar-contact-details__label sidebar-contact-details__name\"><\/div>\n\n    \n    <\/div>\n                                <div>\n    <a href=\"https:\/\/www.dienes.de\/fr\/dienes-kontakt\/\" target=\"\" class=\"sidebar-box__link  link \">\n        <span class=\"link__text\">\n            Vers le formulaire de contact\n        <\/span>\n    <\/a>\n<\/div>\n            <\/div>\n            \n        <div class=\"sidebar-box\">\n    \n                            <h3 class=\"headline headline--h3 sidebar-box__headline\">360\u00b0 de performance d&rsquo;une seule main d&rsquo;oeuvre<\/h3>\n\n    <div class=\"sidebar-box__text\"><p>En plus de nos produits, nous offrons de nombreux avantages, services et possibilit\u00e9s de formation.<\/p>\n<\/div>\n                                <div class=\"circle-360\">\n            <a href=\"https:\/\/www.dienes.de\/fr\/produits\/porte-couteau\/\" target=\"\" class=\"circle-360__button button button--secondary\">Portes couteaux<\/a>\n            <a href=\"https:\/\/www.dienes.de\/fr\/services\/schneidakademie\/\" target=\"\" class=\"circle-360__button button button--secondary\">Acad\u00e9mie de coupe<\/a>\n            <a href=\"https:\/\/www.dienes.de\/fr\/services\/service-daffutage\/\" target=\"\" class=\"circle-360__button button button--secondary\">Service d\u2019affutage<\/a>\n            <a href=\"https:\/\/www.dienes.de\/fr\/produits\/systeme-de-coupe\/\" target=\"\" class=\"circle-360__button button button--secondary\">Syst\u00e8me de coupe<\/a>\n            <a href=\"https:\/\/www.dienes.de\/fr\/services\/technischer-support\/\" target=\"\" class=\"circle-360__button button button--secondary\">Support technique<\/a>\n    <\/div>\n            <\/div>\n            \n        <div class=\"sidebar-box\">\n    \n                            <h3 class=\"headline headline--h3 sidebar-box__headline\">Notre promesse de qualit\u00e9<\/h3>\n\n    <div class=\"sidebar-box__text\"><p>Nous nous sommes engag\u00e9s \u00e0 respecter des r\u00e8gles de qualit\u00e9 en mati\u00e8re de d\u00e9veloppement et surtout de production, qui s&rsquo;appliquent aussi \u00e0 nos fournisseurs de mati\u00e8res premi\u00e8res :<\/p>\n<\/div>\n                                <div>\n    <a href=\"https:\/\/www.dienes.de\/fr\/unser-qualitaetsversprechen\/\" target=\"\" class=\"sidebar-box__link sidebar-box__link--button button  \">\n        <span class=\"\">\n            Plus sur la qualit\u00e9 DIENES\n        <\/span>\n    <\/a>\n<\/div>\n            <\/div>\n    <\/aside>\n<\/div>\n<\/div>\n\n\n\n<h2 class=\"wp-block-heading\">Cela pourrait \u00e9galement vous int\u00e9resser <\/h2>\n","protected":false},"featured_media":0,"menu_order":0,"template":"","meta":{"_acf_changed":false},"product-category":[223],"systemarten":[],"materialien":[],"schnitttechniken":[],"maschinen":[],"branchen":[],"messerdurchmesser":[],"bahngeschwindigkeit":[],"schnittbreite":[],"sicherheitshandschutz":[],"class_list":["post-14514","product","type-product","status-publish","hentry"],"acf":[],"yoast_head":"<!-- This site is optimized with the Yoast SEO plugin v27.4 - https:\/\/yoast.com\/product\/yoast-seo-wordpress\/ -->\n<title>PQDS T de DIENES - DIENES<\/title>\n<meta name=\"description\" content=\"Dans sa qualit\u00e9 habituelle, DIENES a d\u00e9velopp\u00e9 le porte-couteau PQDS T pour un r\u00e9glage individuel de la profondeur de coupe.\" \/>\n<meta name=\"robots\" content=\"index, follow, max-snippet:-1, max-image-preview:large, max-video-preview:-1\" \/>\n<link rel=\"canonical\" href=\"https:\/\/www.dienes.de\/fr\/produits\/messerhalter-fr\/messerhalter-pqds-t\/\" \/>\n<meta property=\"og:locale\" content=\"fr_FR\" \/>\n<meta property=\"og:type\" content=\"article\" \/>\n<meta property=\"og:title\" content=\"PQDS T de DIENES - DIENES\" \/>\n<meta property=\"og:description\" content=\"Dans sa qualit\u00e9 habituelle, DIENES a d\u00e9velopp\u00e9 le porte-couteau PQDS T pour un r\u00e9glage individuel de la profondeur de coupe.\" \/>\n<meta property=\"og:url\" content=\"https:\/\/www.dienes.de\/fr\/produits\/messerhalter-fr\/messerhalter-pqds-t\/\" \/>\n<meta property=\"og:site_name\" content=\"DIENES\" \/>\n<meta property=\"article:publisher\" content=\"https:\/\/m.facebook.com\/profile.php?id=100063618859102\" \/>\n<meta property=\"article:modified_time\" content=\"2021-03-07T10:24:04+00:00\" \/>\n<meta name=\"twitter:card\" content=\"summary_large_image\" \/>\n<meta name=\"twitter:label1\" content=\"Dur\u00e9e de lecture estim\u00e9e\" \/>\n\t<meta name=\"twitter:data1\" content=\"1 minute\" \/>\n<script type=\"application\/ld+json\" class=\"yoast-schema-graph\">{\"@context\":\"https:\\\/\\\/schema.org\",\"@graph\":[{\"@type\":\"WebPage\",\"@id\":\"https:\\\/\\\/www.dienes.de\\\/fr\\\/produits\\\/messerhalter-fr\\\/messerhalter-pqds-t\\\/\",\"url\":\"https:\\\/\\\/www.dienes.de\\\/fr\\\/produits\\\/messerhalter-fr\\\/messerhalter-pqds-t\\\/\",\"name\":\"PQDS T de DIENES - DIENES\",\"isPartOf\":{\"@id\":\"https:\\\/\\\/www.dienes.de\\\/fr\\\/#website\"},\"datePublished\":\"2020-08-11T07:44:25+00:00\",\"dateModified\":\"2021-03-07T10:24:04+00:00\",\"description\":\"Dans sa qualit\u00e9 habituelle, DIENES a d\u00e9velopp\u00e9 le porte-couteau PQDS T pour un r\u00e9glage individuel de la profondeur de coupe.\",\"breadcrumb\":{\"@id\":\"https:\\\/\\\/www.dienes.de\\\/fr\\\/produits\\\/messerhalter-fr\\\/messerhalter-pqds-t\\\/#breadcrumb\"},\"inLanguage\":\"fr-FR\",\"potentialAction\":[{\"@type\":\"ReadAction\",\"target\":[\"https:\\\/\\\/www.dienes.de\\\/fr\\\/produits\\\/messerhalter-fr\\\/messerhalter-pqds-t\\\/\"]}]},{\"@type\":\"BreadcrumbList\",\"@id\":\"https:\\\/\\\/www.dienes.de\\\/fr\\\/produits\\\/messerhalter-fr\\\/messerhalter-pqds-t\\\/#breadcrumb\",\"itemListElement\":[{\"@type\":\"ListItem\",\"position\":1,\"name\":\"Startseite\",\"item\":\"https:\\\/\\\/www.dienes.de\\\/fr\\\/\"},{\"@type\":\"ListItem\",\"position\":2,\"name\":\"Produkte\",\"item\":\"https:\\\/\\\/www.dienes.de\\\/fr\\\/produits\\\/%cat%\\\/\"},{\"@type\":\"ListItem\",\"position\":3,\"name\":\"PQDS T de DIENES\"}]},{\"@type\":\"WebSite\",\"@id\":\"https:\\\/\\\/www.dienes.de\\\/fr\\\/#website\",\"url\":\"https:\\\/\\\/www.dienes.de\\\/fr\\\/\",\"name\":\"DIENES\",\"description\":\"DIENES \u2013 WELTKLASSE \u2013 WELTWEIT\",\"publisher\":{\"@id\":\"https:\\\/\\\/www.dienes.de\\\/fr\\\/#organization\"},\"potentialAction\":[{\"@type\":\"SearchAction\",\"target\":{\"@type\":\"EntryPoint\",\"urlTemplate\":\"https:\\\/\\\/www.dienes.de\\\/fr\\\/?s={search_term_string}\"},\"query-input\":{\"@type\":\"PropertyValueSpecification\",\"valueRequired\":true,\"valueName\":\"search_term_string\"}}],\"inLanguage\":\"fr-FR\"},{\"@type\":\"Organization\",\"@id\":\"https:\\\/\\\/www.dienes.de\\\/fr\\\/#organization\",\"name\":\"DIENES Werke f\u00fcr Maschinenteile GmbH & Co. KG\",\"alternateName\":\"DIENES Werke GmbH & Co KG\",\"url\":\"https:\\\/\\\/www.dienes.de\\\/fr\\\/\",\"logo\":{\"@type\":\"ImageObject\",\"inLanguage\":\"fr-FR\",\"@id\":\"https:\\\/\\\/www.dienes.de\\\/fr\\\/#\\\/schema\\\/logo\\\/image\\\/\",\"url\":\"https:\\\/\\\/www.dienes.de\\\/wp-content\\\/uploads\\\/2024\\\/04\\\/Logo-Yoast-SEO.png\",\"contentUrl\":\"https:\\\/\\\/www.dienes.de\\\/wp-content\\\/uploads\\\/2024\\\/04\\\/Logo-Yoast-SEO.png\",\"width\":696,\"height\":696,\"caption\":\"DIENES Werke f\u00fcr Maschinenteile GmbH & Co. KG\"},\"image\":{\"@id\":\"https:\\\/\\\/www.dienes.de\\\/fr\\\/#\\\/schema\\\/logo\\\/image\\\/\"},\"sameAs\":[\"https:\\\/\\\/m.facebook.com\\\/profile.php?id=100063618859102\",\"https:\\\/\\\/www.linkedin.com\\\/company\\\/dienes-werke\\\/\",\"https:\\\/\\\/www.instagram.com\\\/dieneswerke\\\/\"]}]}<\/script>\n<!-- \/ Yoast SEO plugin. -->","yoast_head_json":{"title":"PQDS T de DIENES - DIENES","description":"Dans sa qualit\u00e9 habituelle, DIENES a d\u00e9velopp\u00e9 le porte-couteau PQDS T pour un r\u00e9glage individuel de la profondeur de coupe.","robots":{"index":"index","follow":"follow","max-snippet":"max-snippet:-1","max-image-preview":"max-image-preview:large","max-video-preview":"max-video-preview:-1"},"canonical":"https:\/\/www.dienes.de\/fr\/produits\/messerhalter-fr\/messerhalter-pqds-t\/","og_locale":"fr_FR","og_type":"article","og_title":"PQDS T de DIENES - DIENES","og_description":"Dans sa qualit\u00e9 habituelle, DIENES a d\u00e9velopp\u00e9 le porte-couteau PQDS T pour un r\u00e9glage individuel de la profondeur de coupe.","og_url":"https:\/\/www.dienes.de\/fr\/produits\/messerhalter-fr\/messerhalter-pqds-t\/","og_site_name":"DIENES","article_publisher":"https:\/\/m.facebook.com\/profile.php?id=100063618859102","article_modified_time":"2021-03-07T10:24:04+00:00","twitter_card":"summary_large_image","twitter_misc":{"Dur\u00e9e de lecture estim\u00e9e":"1 minute"},"schema":{"@context":"https:\/\/schema.org","@graph":[{"@type":"WebPage","@id":"https:\/\/www.dienes.de\/fr\/produits\/messerhalter-fr\/messerhalter-pqds-t\/","url":"https:\/\/www.dienes.de\/fr\/produits\/messerhalter-fr\/messerhalter-pqds-t\/","name":"PQDS T de DIENES - DIENES","isPartOf":{"@id":"https:\/\/www.dienes.de\/fr\/#website"},"datePublished":"2020-08-11T07:44:25+00:00","dateModified":"2021-03-07T10:24:04+00:00","description":"Dans sa qualit\u00e9 habituelle, DIENES a d\u00e9velopp\u00e9 le porte-couteau PQDS T pour un r\u00e9glage individuel de la profondeur de coupe.","breadcrumb":{"@id":"https:\/\/www.dienes.de\/fr\/produits\/messerhalter-fr\/messerhalter-pqds-t\/#breadcrumb"},"inLanguage":"fr-FR","potentialAction":[{"@type":"ReadAction","target":["https:\/\/www.dienes.de\/fr\/produits\/messerhalter-fr\/messerhalter-pqds-t\/"]}]},{"@type":"BreadcrumbList","@id":"https:\/\/www.dienes.de\/fr\/produits\/messerhalter-fr\/messerhalter-pqds-t\/#breadcrumb","itemListElement":[{"@type":"ListItem","position":1,"name":"Startseite","item":"https:\/\/www.dienes.de\/fr\/"},{"@type":"ListItem","position":2,"name":"Produkte","item":"https:\/\/www.dienes.de\/fr\/produits\/%cat%\/"},{"@type":"ListItem","position":3,"name":"PQDS T de DIENES"}]},{"@type":"WebSite","@id":"https:\/\/www.dienes.de\/fr\/#website","url":"https:\/\/www.dienes.de\/fr\/","name":"DIENES","description":"DIENES \u2013 WELTKLASSE \u2013 WELTWEIT","publisher":{"@id":"https:\/\/www.dienes.de\/fr\/#organization"},"potentialAction":[{"@type":"SearchAction","target":{"@type":"EntryPoint","urlTemplate":"https:\/\/www.dienes.de\/fr\/?s={search_term_string}"},"query-input":{"@type":"PropertyValueSpecification","valueRequired":true,"valueName":"search_term_string"}}],"inLanguage":"fr-FR"},{"@type":"Organization","@id":"https:\/\/www.dienes.de\/fr\/#organization","name":"DIENES Werke f\u00fcr Maschinenteile GmbH & Co. KG","alternateName":"DIENES Werke GmbH & Co KG","url":"https:\/\/www.dienes.de\/fr\/","logo":{"@type":"ImageObject","inLanguage":"fr-FR","@id":"https:\/\/www.dienes.de\/fr\/#\/schema\/logo\/image\/","url":"https:\/\/www.dienes.de\/wp-content\/uploads\/2024\/04\/Logo-Yoast-SEO.png","contentUrl":"https:\/\/www.dienes.de\/wp-content\/uploads\/2024\/04\/Logo-Yoast-SEO.png","width":696,"height":696,"caption":"DIENES Werke f\u00fcr Maschinenteile GmbH & Co. KG"},"image":{"@id":"https:\/\/www.dienes.de\/fr\/#\/schema\/logo\/image\/"},"sameAs":["https:\/\/m.facebook.com\/profile.php?id=100063618859102","https:\/\/www.linkedin.com\/company\/dienes-werke\/","https:\/\/www.instagram.com\/dieneswerke\/"]}]}},"_links":{"self":[{"href":"https:\/\/www.dienes.de\/fr\/wp-json\/wp\/v2\/product\/14514","targetHints":{"allow":["GET"]}}],"collection":[{"href":"https:\/\/www.dienes.de\/fr\/wp-json\/wp\/v2\/product"}],"about":[{"href":"https:\/\/www.dienes.de\/fr\/wp-json\/wp\/v2\/types\/product"}],"wp:attachment":[{"href":"https:\/\/www.dienes.de\/fr\/wp-json\/wp\/v2\/media?parent=14514"}],"wp:term":[{"taxonomy":"product-category","embeddable":true,"href":"https:\/\/www.dienes.de\/fr\/wp-json\/wp\/v2\/product-category?post=14514"},{"taxonomy":"systemarten","embeddable":true,"href":"https:\/\/www.dienes.de\/fr\/wp-json\/wp\/v2\/systemarten?post=14514"},{"taxonomy":"materialien","embeddable":true,"href":"https:\/\/www.dienes.de\/fr\/wp-json\/wp\/v2\/materialien?post=14514"},{"taxonomy":"schnitttechniken","embeddable":true,"href":"https:\/\/www.dienes.de\/fr\/wp-json\/wp\/v2\/schnitttechniken?post=14514"},{"taxonomy":"maschinen","embeddable":true,"href":"https:\/\/www.dienes.de\/fr\/wp-json\/wp\/v2\/maschinen?post=14514"},{"taxonomy":"branchen","embeddable":true,"href":"https:\/\/www.dienes.de\/fr\/wp-json\/wp\/v2\/branchen?post=14514"},{"taxonomy":"messerdurchmesser","embeddable":true,"href":"https:\/\/www.dienes.de\/fr\/wp-json\/wp\/v2\/messerdurchmesser?post=14514"},{"taxonomy":"bahngeschwindigkeit","embeddable":true,"href":"https:\/\/www.dienes.de\/fr\/wp-json\/wp\/v2\/bahngeschwindigkeit?post=14514"},{"taxonomy":"schnittbreite","embeddable":true,"href":"https:\/\/www.dienes.de\/fr\/wp-json\/wp\/v2\/schnittbreite?post=14514"},{"taxonomy":"sicherheitshandschutz","embeddable":true,"href":"https:\/\/www.dienes.de\/fr\/wp-json\/wp\/v2\/sicherheitshandschutz?post=14514"}],"curies":[{"name":"wp","href":"https:\/\/api.w.org\/{rel}","templated":true}]}}