{"id":19286,"date":"2021-03-08T15:28:00","date_gmt":"2021-03-08T14:28:00","guid":{"rendered":"https:\/\/www.dienes.de\/produkte\/%cat%\/messerhalter-pqas-1-2-high-speed\/"},"modified":"2021-06-04T07:21:40","modified_gmt":"2021-06-04T05:21:40","slug":"messerhalter-pqas-1-2-high-speed","status":"publish","type":"product","link":"https:\/\/www.dienes.de\/fr\/produits\/messerhalter-fr\/messerhalter-pqas-1-2-high-speed\/","title":{"rendered":"Porte-couteau PQAS 1\/2&Prime; High Speed"},"content":{"rendered":"\n<div class=\"wp-block-columns is-layout-flex wp-container-core-columns-is-layout-9d6595d7 wp-block-columns-is-layout-flex\">\n<div class=\"wp-block-column is-layout-flow wp-block-column-is-layout-flow\" style=\"flex-basis:66.66%\">\n<h2 class=\"wp-block-heading\">Porte-couteau \u00e0 \u00e9craser de DIENES<\/h2>\n\n\n\n<p>Nos porte-couteaux d&rsquo;\u00e9crasement durables et de haute pr\u00e9cision se caract\u00e9risent notamment par une excellente convivialit\u00e9 et sont \u00e9galement adapt\u00e9s \u00e0 une utilisation dans tous les domaines, du papier au caoutchouc et des textiles aux mat\u00e9riaux adh\u00e9sifs. C&rsquo;est \u00e9galement le cas du porte-couteau PQAS 1\/2 High Speed. \u00a0<\/p>\n\n\n\n<h2 class=\"wp-block-heading\">Le porte-couteau PQAS 1\/2&Prime; High Speed offre les options suppl\u00e9mentaires suivantes\u00a0<\/h2>\n\n\n\n<h3 class=\"wp-block-heading\">Confort d&rsquo;utilisation <\/h3>\n\n\n\n<ul class=\"wp-block-list\"><li>Quick Clamp<\/li><\/ul>\n\n\n\n<h2 class=\"wp-block-heading\">Utilisation du porte-couteau PQAS 1\/2&Prime; High Speed<\/h2>\n\n\n\n<p>Le PQAS permet des largeurs de coupe extr\u00eamement \u00e9troites lors de l&rsquo;utilisation de porte-couteaux pneumatiques. Elle est donc particuli\u00e8rement adapt\u00e9e \u00e0 la d\u00e9coupe de rubans adh\u00e9sifs et d&rsquo;\u00e9tiquettes. Mais aussi le carbone, la fibre de verre, les composites ainsi que le caoutchouc, le non-tiss\u00e9 et le textile peuvent \u00eatre coup\u00e9s avec ce support. <\/p>\n\n\n\n<p>Nos porte-couteaux vous int\u00e9ressent ? Nos experts se feront un plaisir de vous conseiller sur les porte-couteaux, avec leurs fonctions suppl\u00e9mentaires, qui conviennent \u00e0 votre application. <\/p>\n\n\n\n<h2 class=\"wp-block-heading\">Vos avantages <\/h2>\n\n\n<ul class=\"checklist \">\n            <li class=\"checklist__item\">\n            <svg class=\"checklist__icon\" xmlns=\"http:\/\/www.w3.org\/2000\/svg\" width=\"32\" height=\"32\" viewBox=\"0 0 32 32\">\n    <circle class=\"b\" cx=\"16\" cy=\"16\" r=\"16\" stroke=\"none\" fill=\"none\"\/>\n    <circle cx=\"16\" cy=\"16\" r=\"15\" fill=\"none\" stroke=\"currentColor\" stroke-width=\"2px\"\/>\n    <path class=\"a\" d=\"M341.448,1670.314l4.6,4.6,10.259-10.259\" transform=\"translate(-333 -1654)\" fill=\"none\" stroke=\"currentColor\" stroke-width=\"2px\"\/>\n<\/svg>\n            <span class=\"checklist__item-text\">Exakte Schnittbreiten aufgrund von engsten Fertigungstoleranzen<\/span>\n        <\/li>\n            <li class=\"checklist__item\">\n            <svg class=\"checklist__icon\" xmlns=\"http:\/\/www.w3.org\/2000\/svg\" width=\"32\" height=\"32\" viewBox=\"0 0 32 32\">\n    <circle class=\"b\" cx=\"16\" cy=\"16\" r=\"16\" stroke=\"none\" fill=\"none\"\/>\n    <circle cx=\"16\" cy=\"16\" r=\"15\" fill=\"none\" stroke=\"currentColor\" stroke-width=\"2px\"\/>\n    <path class=\"a\" d=\"M341.448,1670.314l4.6,4.6,10.259-10.259\" transform=\"translate(-333 -1654)\" fill=\"none\" stroke=\"currentColor\" stroke-width=\"2px\"\/>\n<\/svg>\n            <span class=\"checklist__item-text\">Verschlei\u00dfreduzierung durch pr\u00e4zise Ausrichtung zur Traverse<\/span>\n        <\/li>\n            <li class=\"checklist__item\">\n            <svg class=\"checklist__icon\" xmlns=\"http:\/\/www.w3.org\/2000\/svg\" width=\"32\" height=\"32\" viewBox=\"0 0 32 32\">\n    <circle class=\"b\" cx=\"16\" cy=\"16\" r=\"16\" stroke=\"none\" fill=\"none\"\/>\n    <circle cx=\"16\" cy=\"16\" r=\"15\" fill=\"none\" stroke=\"currentColor\" stroke-width=\"2px\"\/>\n    <path class=\"a\" d=\"M341.448,1670.314l4.6,4.6,10.259-10.259\" transform=\"translate(-333 -1654)\" fill=\"none\" stroke=\"currentColor\" stroke-width=\"2px\"\/>\n<\/svg>\n            <span class=\"checklist__item-text\">Langlebigkeit u.a. durch geh\u00e4rtete Seitenbleche<\/span>\n        <\/li>\n            <li class=\"checklist__item\">\n            <svg class=\"checklist__icon\" xmlns=\"http:\/\/www.w3.org\/2000\/svg\" width=\"32\" height=\"32\" viewBox=\"0 0 32 32\">\n    <circle class=\"b\" cx=\"16\" cy=\"16\" r=\"16\" stroke=\"none\" fill=\"none\"\/>\n    <circle cx=\"16\" cy=\"16\" r=\"15\" fill=\"none\" stroke=\"currentColor\" stroke-width=\"2px\"\/>\n    <path class=\"a\" d=\"M341.448,1670.314l4.6,4.6,10.259-10.259\" transform=\"translate(-333 -1654)\" fill=\"none\" stroke=\"currentColor\" stroke-width=\"2px\"\/>\n<\/svg>\n            <span class=\"checklist__item-text\">Bedienerfreundlichkeit durch einfaches Handling <\/span>\n        <\/li>\n            <li class=\"checklist__item\">\n            <svg class=\"checklist__icon\" xmlns=\"http:\/\/www.w3.org\/2000\/svg\" width=\"32\" height=\"32\" viewBox=\"0 0 32 32\">\n    <circle class=\"b\" cx=\"16\" cy=\"16\" r=\"16\" stroke=\"none\" fill=\"none\"\/>\n    <circle cx=\"16\" cy=\"16\" r=\"15\" fill=\"none\" stroke=\"currentColor\" stroke-width=\"2px\"\/>\n    <path class=\"a\" d=\"M341.448,1670.314l4.6,4.6,10.259-10.259\" transform=\"translate(-333 -1654)\" fill=\"none\" stroke=\"currentColor\" stroke-width=\"2px\"\/>\n<\/svg>\n            <span class=\"checklist__item-text\">Mit verschiedenen Quetsch-, Perforier-, und Profilmessern einsetzbar<\/span>\n        <\/li>\n    <\/ul>\n<\/div>\n\n\n\n<div class=\"wp-block-column is-layout-flow wp-block-column-is-layout-flow\" style=\"flex-basis:33.33%\"><aside class=\"sidebar\">\n    \n            \n        <div class=\"sidebar-box\">\n    \n                            <h3 class=\"headline headline--h3 sidebar-box__headline\">Vous \u00eates int\u00e9ress\u00e9 par nos portes-couteaux ?<\/h3>\n\n    <div class=\"sidebar-box__text\"><p>Nos experts d\u00e9termineront avec vous le porte-couteau optimal pour votre application.<\/p>\n<\/div>\n                                <div class=\"sidebar-contact-details\">\n    <div class=\"sidebar-contact-details__label sidebar-contact-details__name\"><\/div>\n\n    \n    <\/div>\n                                <div>\n    <a href=\"https:\/\/www.dienes.de\/fr\/dienes-kontakt\/\" target=\"\" class=\"sidebar-box__link  link \">\n        <span class=\"link__text\">\n            Nous contacter\n        <\/span>\n    <\/a>\n<\/div>\n            <\/div>\n            \n        <div class=\"sidebar-box\">\n    \n                            <h3 class=\"headline headline--h3 sidebar-box__headline\">360\u00b0 de performance d&rsquo;une seule main d&rsquo;oeuvre<\/h3>\n\n    <div class=\"sidebar-box__text\"><p>En plus de nos produits, nous offrons de nombreux avantages, services et possibilit\u00e9s de formation.<\/p>\n<\/div>\n                                <div class=\"circle-360\">\n            <a href=\"https:\/\/www.dienes.de\/fr\/produits\/porte-couteau\/\" target=\"\" class=\"circle-360__button button button--secondary\">Portes couteaux<\/a>\n            <a href=\"https:\/\/www.dienes.de\/fr\/services\/schneidakademie\/\" target=\"\" class=\"circle-360__button button button--secondary\">Acad\u00e9mie de coupe<\/a>\n            <a href=\"https:\/\/www.dienes.de\/fr\/services\/service-daffutage\/\" target=\"\" class=\"circle-360__button button button--secondary\">Service d\u2019affutage<\/a>\n            <a href=\"https:\/\/www.dienes.de\/fr\/produits\/systeme-de-coupe\/\" target=\"\" class=\"circle-360__button button button--secondary\">Syst\u00e8me de coupe<\/a>\n            <a href=\"https:\/\/www.dienes.de\/fr\/services\/technischer-support\/\" target=\"\" class=\"circle-360__button button button--secondary\">Support technique<\/a>\n    <\/div>\n            <\/div>\n    <\/aside>\n<\/div>\n<\/div>\n\n<h2 class=\"wp-block-heading\">Ceci pourrait \u00e9galement vous int\u00e9resser <\/h2>\n\n\n\n\n<div class=\"teaser-media  teaser-media--block   js-rellax-wrapper \"\n     data-parallax-selector=\".js-parallax-teaser\"\n     data-parallax-breakpoint=\"992\">\n                        <div class=\"teaser-media__image-wrapper lazyload js-parallax-teaser\"\n             data-bg=\"https:\/\/www.dienes.de\/wp-content\/uploads\/2020\/02\/Aluminum-und-NE-Metalle.jpg\"\n             data-rellax-speed=\"1\"\n             data-rellax-min=\"-50\"\n             data-rellax-max=\"50\"\n        >\n        <\/div>\n    \n    \n                <div class=\"teaser-media__body-wrapper js-parallax-teaser\"\n         data-rellax-speed=\"1\"\n         data-rellax-min=\"-120\"\n         data-rellax-max=\"120\">\n        <div class=\"teaser-media__body\">\n            <div class=\"teaser-media__content\">\n                <h3 class=\"headline headline--h3 headline--underscore\">DIENES Know-How<\/h3>\n                <div class=\"teaser-media__content\">\n<p>Erfahren Sie mehr \u00fcber die verschiedenen Schneidmaterialien und was es zu beachten gilt, wenn Sie diese schneiden. Mit DIENES haben Sie einen Partner an der Seite, der sich in allen Bereichen rund um das industrielle Schneiden bestens auskennt.<\/p>\n<\/div>\n<div class=\"teaser-media__link-wrapper teaser-media__link\"><\/div>\n\n\n                            <\/div>\n                            <div class=\"teaser-media__link-wrapper teaser-media__link\">\n                        \n    <a href=\"https:\/\/www.dienes.de\/entdecken\/materialien\/\" target=\"\" class=\"button \" title=\"Mehr \u00fcber Schneidmaterialien\">\n        <span class=\"\">Mehr \u00fcber Schneidmaterialien<\/span>\n    <\/a>\n\n                <\/div>\n                    <\/div>\n    <\/div>\n\n    <\/div>\n\n\n\n\n<div class=\"teaser-media teaser-media--right teaser-media--block   js-rellax-wrapper \"\n     data-parallax-selector=\".js-parallax-teaser\"\n     data-parallax-breakpoint=\"992\">\n                    <div class=\"teaser-media__body-wrapper js-parallax-teaser\"\n         data-rellax-speed=\"1\"\n         data-rellax-min=\"-120\"\n         data-rellax-max=\"120\">\n        <div class=\"teaser-media__body\">\n            <div class=\"teaser-media__content\">\n                <h3 class=\"headline headline--h3 headline--underscore\">Unser Experten-Wissen f\u00fcr Sie <\/h3>\n                <p>Neben unseren hochqualitativen Produkten bieten wir auch hochqualitativen Service. So bieten wir im Rahmen unserer Schneidakademie verschiedene Optionen an, mit denen Sie ihr schneidtechnologisches Wissen auf ein neues Level heben k\u00f6nnen. Erfahren Sie mehr \u00fcber die M\u00f6glichkeiten und suchen Sie sich die f\u00fcr Sie passende aus.<\/p>\n\n\n                            <\/div>\n                            <div class=\"teaser-media__link-wrapper teaser-media__link\">\n                        \n    <a href=\"https:\/\/www.dienes.de\/leistungen\/schneidakademie\/\" target=\"\" class=\"button \" title=\"Unsere Schneidakademie\">\n        <span class=\"\">Unsere Schneidakademie<\/span>\n    <\/a>\n\n                <\/div>\n                    <\/div>\n    <\/div>\n\n                    <div class=\"teaser-media__image-wrapper lazyload js-parallax-teaser\"\n             data-bg=\"https:\/\/www.dienes.de\/wp-content\/uploads\/2020\/03\/FD_RBB-b027066-bearb.jpg\"\n             data-rellax-speed=\"1\"\n             data-rellax-min=\"-50\"\n             data-rellax-max=\"50\"\n        >\n        <\/div>\n    \n    \n    <\/div>\n","protected":false},"featured_media":18348,"menu_order":0,"template":"","meta":{"_acf_changed":false},"product-category":[223],"systemarten":[],"materialien":[241,233,234,235],"schnitttechniken":[419],"maschinen":[421,422,423,424],"branchen":[227,253],"messerdurchmesser":[508],"bahngeschwindigkeit":[259],"schnittbreite":[255],"sicherheitshandschutz":[],"class_list":["post-19286","product","type-product","status-publish","has-post-thumbnail","hentry","materialien-carbon-glasfaser-und-composites-fr","materialien-gummi-fr","materialien-klebeband-und-etiketten-fr","materialien-nonwoven-textil-fr","schnitttechniken-quetschschnitt-fr","maschinen-besaeumanlagen-fr","maschinen-doppelschneidstationen-fr","maschinen-laengsschneider-fr","maschinen-rollenschneidmaschinen-fr","branchen-papierindustrie-fr","branchen-textilindustrie-fr","messerdurchmesser-kleiner-als-90-mm-fr","bahngeschwindigkeit-bis-1200-m-min-fr","schnittbreite-kleiner-als-25-mm-fr"],"acf":[],"yoast_head":"<!-- This site is optimized with the Yoast SEO plugin v27.6 - https:\/\/yoast.com\/product\/yoast-seo-wordpress\/ -->\n<title>Porte-couteau PQAS 1\/2&quot; High Speed - DIENES<\/title>\n<meta name=\"description\" content=\"Le porte-couteau PQAS 1\/2 High speed est utilisable dans tous les domaines, du papier au caoutchouc en passant par les mat\u00e9riaux adh\u00e9sifs.\" \/>\n<meta name=\"robots\" content=\"index, follow, max-snippet:-1, max-image-preview:large, max-video-preview:-1\" \/>\n<link rel=\"canonical\" href=\"https:\/\/www.dienes.de\/fr\/produits\/messerhalter-fr\/messerhalter-pqas-1-2-high-speed\/\" \/>\n<meta property=\"og:locale\" content=\"fr_FR\" \/>\n<meta property=\"og:type\" content=\"article\" \/>\n<meta property=\"og:title\" content=\"Porte-couteau PQAS 1\/2&quot; High Speed - DIENES\" \/>\n<meta property=\"og:description\" content=\"Le porte-couteau PQAS 1\/2 High speed est utilisable dans tous les domaines, du papier au caoutchouc en passant par les mat\u00e9riaux adh\u00e9sifs.\" \/>\n<meta property=\"og:url\" content=\"https:\/\/www.dienes.de\/fr\/produits\/messerhalter-fr\/messerhalter-pqas-1-2-high-speed\/\" \/>\n<meta property=\"og:site_name\" content=\"DIENES\" \/>\n<meta property=\"article:publisher\" content=\"https:\/\/m.facebook.com\/profile.php?id=100063618859102\" \/>\n<meta property=\"article:modified_time\" content=\"2021-06-04T05:21:40+00:00\" \/>\n<meta property=\"og:image\" content=\"https:\/\/www.dienes.de\/wp-content\/uploads\/2021\/04\/High-Speed.jpg\" \/>\n\t<meta property=\"og:image:width\" content=\"1800\" \/>\n\t<meta property=\"og:image:height\" content=\"1200\" \/>\n\t<meta property=\"og:image:type\" content=\"image\/jpeg\" \/>\n<meta name=\"twitter:card\" content=\"summary_large_image\" \/>\n<meta name=\"twitter:label1\" content=\"Dur\u00e9e de lecture estim\u00e9e\" \/>\n\t<meta name=\"twitter:data1\" content=\"1 minute\" \/>\n<script type=\"application\/ld+json\" class=\"yoast-schema-graph\">{\"@context\":\"https:\\\/\\\/schema.org\",\"@graph\":[{\"@type\":\"WebPage\",\"@id\":\"https:\\\/\\\/www.dienes.de\\\/fr\\\/produits\\\/messerhalter-fr\\\/messerhalter-pqas-1-2-high-speed\\\/\",\"url\":\"https:\\\/\\\/www.dienes.de\\\/fr\\\/produits\\\/messerhalter-fr\\\/messerhalter-pqas-1-2-high-speed\\\/\",\"name\":\"Porte-couteau PQAS 1\\\/2\\\" High Speed - DIENES\",\"isPartOf\":{\"@id\":\"https:\\\/\\\/www.dienes.de\\\/fr\\\/#website\"},\"primaryImageOfPage\":{\"@id\":\"https:\\\/\\\/www.dienes.de\\\/fr\\\/produits\\\/messerhalter-fr\\\/messerhalter-pqas-1-2-high-speed\\\/#primaryimage\"},\"image\":{\"@id\":\"https:\\\/\\\/www.dienes.de\\\/fr\\\/produits\\\/messerhalter-fr\\\/messerhalter-pqas-1-2-high-speed\\\/#primaryimage\"},\"thumbnailUrl\":\"https:\\\/\\\/www.dienes.de\\\/wp-content\\\/uploads\\\/2021\\\/04\\\/High-Speed.jpg\",\"datePublished\":\"2021-03-08T14:28:00+00:00\",\"dateModified\":\"2021-06-04T05:21:40+00:00\",\"description\":\"Le porte-couteau PQAS 1\\\/2 High speed est utilisable dans tous les domaines, du papier au caoutchouc en passant par les mat\u00e9riaux adh\u00e9sifs.\",\"breadcrumb\":{\"@id\":\"https:\\\/\\\/www.dienes.de\\\/fr\\\/produits\\\/messerhalter-fr\\\/messerhalter-pqas-1-2-high-speed\\\/#breadcrumb\"},\"inLanguage\":\"fr-FR\",\"potentialAction\":[{\"@type\":\"ReadAction\",\"target\":[\"https:\\\/\\\/www.dienes.de\\\/fr\\\/produits\\\/messerhalter-fr\\\/messerhalter-pqas-1-2-high-speed\\\/\"]}]},{\"@type\":\"ImageObject\",\"inLanguage\":\"fr-FR\",\"@id\":\"https:\\\/\\\/www.dienes.de\\\/fr\\\/produits\\\/messerhalter-fr\\\/messerhalter-pqas-1-2-high-speed\\\/#primaryimage\",\"url\":\"https:\\\/\\\/www.dienes.de\\\/wp-content\\\/uploads\\\/2021\\\/04\\\/High-Speed.jpg\",\"contentUrl\":\"https:\\\/\\\/www.dienes.de\\\/wp-content\\\/uploads\\\/2021\\\/04\\\/High-Speed.jpg\",\"width\":1800,\"height\":1200},{\"@type\":\"BreadcrumbList\",\"@id\":\"https:\\\/\\\/www.dienes.de\\\/fr\\\/produits\\\/messerhalter-fr\\\/messerhalter-pqas-1-2-high-speed\\\/#breadcrumb\",\"itemListElement\":[{\"@type\":\"ListItem\",\"position\":1,\"name\":\"Startseite\",\"item\":\"https:\\\/\\\/www.dienes.de\\\/fr\\\/\"},{\"@type\":\"ListItem\",\"position\":2,\"name\":\"Produkte\",\"item\":\"https:\\\/\\\/www.dienes.de\\\/fr\\\/produits\\\/%cat%\\\/\"},{\"@type\":\"ListItem\",\"position\":3,\"name\":\"Porte-couteau PQAS 1\\\/2&Prime; High Speed\"}]},{\"@type\":\"WebSite\",\"@id\":\"https:\\\/\\\/www.dienes.de\\\/fr\\\/#website\",\"url\":\"https:\\\/\\\/www.dienes.de\\\/fr\\\/\",\"name\":\"DIENES\",\"description\":\"DIENES \u2013 WELTKLASSE \u2013 WELTWEIT\",\"publisher\":{\"@id\":\"https:\\\/\\\/www.dienes.de\\\/fr\\\/#organization\"},\"potentialAction\":[{\"@type\":\"SearchAction\",\"target\":{\"@type\":\"EntryPoint\",\"urlTemplate\":\"https:\\\/\\\/www.dienes.de\\\/fr\\\/?s={search_term_string}\"},\"query-input\":{\"@type\":\"PropertyValueSpecification\",\"valueRequired\":true,\"valueName\":\"search_term_string\"}}],\"inLanguage\":\"fr-FR\"},{\"@type\":\"Organization\",\"@id\":\"https:\\\/\\\/www.dienes.de\\\/fr\\\/#organization\",\"name\":\"DIENES Werke f\u00fcr Maschinenteile GmbH & Co. KG\",\"alternateName\":\"DIENES Werke GmbH & Co KG\",\"url\":\"https:\\\/\\\/www.dienes.de\\\/fr\\\/\",\"logo\":{\"@type\":\"ImageObject\",\"inLanguage\":\"fr-FR\",\"@id\":\"https:\\\/\\\/www.dienes.de\\\/fr\\\/#\\\/schema\\\/logo\\\/image\\\/\",\"url\":\"https:\\\/\\\/www.dienes.de\\\/wp-content\\\/uploads\\\/2024\\\/04\\\/Logo-Yoast-SEO.png\",\"contentUrl\":\"https:\\\/\\\/www.dienes.de\\\/wp-content\\\/uploads\\\/2024\\\/04\\\/Logo-Yoast-SEO.png\",\"width\":696,\"height\":696,\"caption\":\"DIENES Werke f\u00fcr Maschinenteile GmbH & Co. KG\"},\"image\":{\"@id\":\"https:\\\/\\\/www.dienes.de\\\/fr\\\/#\\\/schema\\\/logo\\\/image\\\/\"},\"sameAs\":[\"https:\\\/\\\/m.facebook.com\\\/profile.php?id=100063618859102\",\"https:\\\/\\\/www.linkedin.com\\\/company\\\/dienes-werke\\\/\",\"https:\\\/\\\/www.instagram.com\\\/dieneswerke\\\/\"]}]}<\/script>\n<!-- \/ Yoast SEO plugin. -->","yoast_head_json":{"title":"Porte-couteau PQAS 1\/2\" High Speed - DIENES","description":"Le porte-couteau PQAS 1\/2 High speed est utilisable dans tous les domaines, du papier au caoutchouc en passant par les mat\u00e9riaux adh\u00e9sifs.","robots":{"index":"index","follow":"follow","max-snippet":"max-snippet:-1","max-image-preview":"max-image-preview:large","max-video-preview":"max-video-preview:-1"},"canonical":"https:\/\/www.dienes.de\/fr\/produits\/messerhalter-fr\/messerhalter-pqas-1-2-high-speed\/","og_locale":"fr_FR","og_type":"article","og_title":"Porte-couteau PQAS 1\/2\" High Speed - DIENES","og_description":"Le porte-couteau PQAS 1\/2 High speed est utilisable dans tous les domaines, du papier au caoutchouc en passant par les mat\u00e9riaux adh\u00e9sifs.","og_url":"https:\/\/www.dienes.de\/fr\/produits\/messerhalter-fr\/messerhalter-pqas-1-2-high-speed\/","og_site_name":"DIENES","article_publisher":"https:\/\/m.facebook.com\/profile.php?id=100063618859102","article_modified_time":"2021-06-04T05:21:40+00:00","og_image":[{"width":1800,"height":1200,"url":"https:\/\/www.dienes.de\/wp-content\/uploads\/2021\/04\/High-Speed.jpg","type":"image\/jpeg"}],"twitter_card":"summary_large_image","twitter_misc":{"Dur\u00e9e de lecture estim\u00e9e":"1 minute"},"schema":{"@context":"https:\/\/schema.org","@graph":[{"@type":"WebPage","@id":"https:\/\/www.dienes.de\/fr\/produits\/messerhalter-fr\/messerhalter-pqas-1-2-high-speed\/","url":"https:\/\/www.dienes.de\/fr\/produits\/messerhalter-fr\/messerhalter-pqas-1-2-high-speed\/","name":"Porte-couteau PQAS 1\/2\" High Speed - DIENES","isPartOf":{"@id":"https:\/\/www.dienes.de\/fr\/#website"},"primaryImageOfPage":{"@id":"https:\/\/www.dienes.de\/fr\/produits\/messerhalter-fr\/messerhalter-pqas-1-2-high-speed\/#primaryimage"},"image":{"@id":"https:\/\/www.dienes.de\/fr\/produits\/messerhalter-fr\/messerhalter-pqas-1-2-high-speed\/#primaryimage"},"thumbnailUrl":"https:\/\/www.dienes.de\/wp-content\/uploads\/2021\/04\/High-Speed.jpg","datePublished":"2021-03-08T14:28:00+00:00","dateModified":"2021-06-04T05:21:40+00:00","description":"Le porte-couteau PQAS 1\/2 High speed est utilisable dans tous les domaines, du papier au caoutchouc en passant par les mat\u00e9riaux adh\u00e9sifs.","breadcrumb":{"@id":"https:\/\/www.dienes.de\/fr\/produits\/messerhalter-fr\/messerhalter-pqas-1-2-high-speed\/#breadcrumb"},"inLanguage":"fr-FR","potentialAction":[{"@type":"ReadAction","target":["https:\/\/www.dienes.de\/fr\/produits\/messerhalter-fr\/messerhalter-pqas-1-2-high-speed\/"]}]},{"@type":"ImageObject","inLanguage":"fr-FR","@id":"https:\/\/www.dienes.de\/fr\/produits\/messerhalter-fr\/messerhalter-pqas-1-2-high-speed\/#primaryimage","url":"https:\/\/www.dienes.de\/wp-content\/uploads\/2021\/04\/High-Speed.jpg","contentUrl":"https:\/\/www.dienes.de\/wp-content\/uploads\/2021\/04\/High-Speed.jpg","width":1800,"height":1200},{"@type":"BreadcrumbList","@id":"https:\/\/www.dienes.de\/fr\/produits\/messerhalter-fr\/messerhalter-pqas-1-2-high-speed\/#breadcrumb","itemListElement":[{"@type":"ListItem","position":1,"name":"Startseite","item":"https:\/\/www.dienes.de\/fr\/"},{"@type":"ListItem","position":2,"name":"Produkte","item":"https:\/\/www.dienes.de\/fr\/produits\/%cat%\/"},{"@type":"ListItem","position":3,"name":"Porte-couteau PQAS 1\/2&Prime; High Speed"}]},{"@type":"WebSite","@id":"https:\/\/www.dienes.de\/fr\/#website","url":"https:\/\/www.dienes.de\/fr\/","name":"DIENES","description":"DIENES \u2013 WELTKLASSE \u2013 WELTWEIT","publisher":{"@id":"https:\/\/www.dienes.de\/fr\/#organization"},"potentialAction":[{"@type":"SearchAction","target":{"@type":"EntryPoint","urlTemplate":"https:\/\/www.dienes.de\/fr\/?s={search_term_string}"},"query-input":{"@type":"PropertyValueSpecification","valueRequired":true,"valueName":"search_term_string"}}],"inLanguage":"fr-FR"},{"@type":"Organization","@id":"https:\/\/www.dienes.de\/fr\/#organization","name":"DIENES Werke f\u00fcr Maschinenteile GmbH & Co. KG","alternateName":"DIENES Werke GmbH & Co KG","url":"https:\/\/www.dienes.de\/fr\/","logo":{"@type":"ImageObject","inLanguage":"fr-FR","@id":"https:\/\/www.dienes.de\/fr\/#\/schema\/logo\/image\/","url":"https:\/\/www.dienes.de\/wp-content\/uploads\/2024\/04\/Logo-Yoast-SEO.png","contentUrl":"https:\/\/www.dienes.de\/wp-content\/uploads\/2024\/04\/Logo-Yoast-SEO.png","width":696,"height":696,"caption":"DIENES Werke f\u00fcr Maschinenteile GmbH & Co. KG"},"image":{"@id":"https:\/\/www.dienes.de\/fr\/#\/schema\/logo\/image\/"},"sameAs":["https:\/\/m.facebook.com\/profile.php?id=100063618859102","https:\/\/www.linkedin.com\/company\/dienes-werke\/","https:\/\/www.instagram.com\/dieneswerke\/"]}]}},"_links":{"self":[{"href":"https:\/\/www.dienes.de\/fr\/wp-json\/wp\/v2\/product\/19286","targetHints":{"allow":["GET"]}}],"collection":[{"href":"https:\/\/www.dienes.de\/fr\/wp-json\/wp\/v2\/product"}],"about":[{"href":"https:\/\/www.dienes.de\/fr\/wp-json\/wp\/v2\/types\/product"}],"wp:featuredmedia":[{"embeddable":true,"href":"https:\/\/www.dienes.de\/fr\/wp-json\/wp\/v2\/media\/18348"}],"wp:attachment":[{"href":"https:\/\/www.dienes.de\/fr\/wp-json\/wp\/v2\/media?parent=19286"}],"wp:term":[{"taxonomy":"product-category","embeddable":true,"href":"https:\/\/www.dienes.de\/fr\/wp-json\/wp\/v2\/product-category?post=19286"},{"taxonomy":"systemarten","embeddable":true,"href":"https:\/\/www.dienes.de\/fr\/wp-json\/wp\/v2\/systemarten?post=19286"},{"taxonomy":"materialien","embeddable":true,"href":"https:\/\/www.dienes.de\/fr\/wp-json\/wp\/v2\/materialien?post=19286"},{"taxonomy":"schnitttechniken","embeddable":true,"href":"https:\/\/www.dienes.de\/fr\/wp-json\/wp\/v2\/schnitttechniken?post=19286"},{"taxonomy":"maschinen","embeddable":true,"href":"https:\/\/www.dienes.de\/fr\/wp-json\/wp\/v2\/maschinen?post=19286"},{"taxonomy":"branchen","embeddable":true,"href":"https:\/\/www.dienes.de\/fr\/wp-json\/wp\/v2\/branchen?post=19286"},{"taxonomy":"messerdurchmesser","embeddable":true,"href":"https:\/\/www.dienes.de\/fr\/wp-json\/wp\/v2\/messerdurchmesser?post=19286"},{"taxonomy":"bahngeschwindigkeit","embeddable":true,"href":"https:\/\/www.dienes.de\/fr\/wp-json\/wp\/v2\/bahngeschwindigkeit?post=19286"},{"taxonomy":"schnittbreite","embeddable":true,"href":"https:\/\/www.dienes.de\/fr\/wp-json\/wp\/v2\/schnittbreite?post=19286"},{"taxonomy":"sicherheitshandschutz","embeddable":true,"href":"https:\/\/www.dienes.de\/fr\/wp-json\/wp\/v2\/sicherheitshandschutz?post=19286"}],"curies":[{"name":"wp","href":"https:\/\/api.w.org\/{rel}","templated":true}]}}